{"id":1268,"date":"2024-09-01T03:31:08","date_gmt":"2024-09-01T03:31:08","guid":{"rendered":"https:\/\/kamlife.me\/?post_type=product&#038;p=1268"},"modified":"2026-01-02T11:28:34","modified_gmt":"2026-01-02T11:28:34","slug":"cenforce-10-x-200mg","status":"publish","type":"product","link":"https:\/\/kamlife.me\/fr\/produit\/cenforce-10-x-200mg\/","title":{"rendered":"Cenforce 10 x 200mg"},"content":{"rendered":"<p><b>UTILISATIONS :<\/b> Cenforce 200mg est utilis\u00e9 pour traiter la dysfonction \u00e9rectile en augmentant le flux sanguin vers le p\u00e9nis. Il aide \u00e0 obtenir une \u00e9rection ferme pendant l'activit\u00e9 sexuelle.<\/p>\n<p><b>STOCKAGE :<\/b> Conserver \u00e0 temp\u00e9rature ambiante, \u00e0 l'abri de la lumi\u00e8re et de l'humidit\u00e9.<\/p>\n<p><b>DOSES :<\/b> Utiliser selon les indications de votre fournisseur de soins de sant\u00e9.<\/p>\n<p><b>EFFETS SECONDAIRES :<\/b> Peut inclure des maux de t\u00eate, des bouff\u00e9es de chaleur, des naus\u00e9es et des troubles de la vision.<\/p>","protected":false},"excerpt":{"rendered":"<p class=\"p1\">Cenforce 200 mg est une version tr\u00e8s puissante du sild\u00e9nafil, recommand\u00e9e pour les cas graves de dysfonctionnement \u00e9rectile.<\/p>","protected":false},"featured_media":1223,"comment_status":"open","ping_status":"closed","template":"","meta":{"inline_featured_image":false},"product_brand":[207],"product_cat":[201],"product_tag":[115,97,100,98],"class_list":{"0":"post-1268","1":"product","2":"type-product","3":"status-publish","4":"has-post-thumbnail","6":"product_brand-cenforce","7":"product_cat-sexual-health","8":"product_tag-200-mg","9":"product_tag-erectile-dysfunction","10":"product_tag-oral-tablets","11":"product_tag-sildenafil","13":"first","14":"instock","15":"shipping-taxable","16":"purchasable","17":"product-type-simple"},"_links":{"self":[{"href":"https:\/\/kamlife.me\/fr\/wp-json\/wp\/v2\/product\/1268","targetHints":{"allow":["GET"]}}],"collection":[{"href":"https:\/\/kamlife.me\/fr\/wp-json\/wp\/v2\/product"}],"about":[{"href":"https:\/\/kamlife.me\/fr\/wp-json\/wp\/v2\/types\/product"}],"replies":[{"embeddable":true,"href":"https:\/\/kamlife.me\/fr\/wp-json\/wp\/v2\/comments?post=1268"}],"wp:featuredmedia":[{"embeddable":true,"href":"https:\/\/kamlife.me\/fr\/wp-json\/wp\/v2\/media\/1223"}],"wp:attachment":[{"href":"https:\/\/kamlife.me\/fr\/wp-json\/wp\/v2\/media?parent=1268"}],"wp:term":[{"taxonomy":"product_brand","embeddable":true,"href":"https:\/\/kamlife.me\/fr\/wp-json\/wp\/v2\/product_brand?post=1268"},{"taxonomy":"product_cat","embeddable":true,"href":"https:\/\/kamlife.me\/fr\/wp-json\/wp\/v2\/product_cat?post=1268"},{"taxonomy":"product_tag","embeddable":true,"href":"https:\/\/kamlife.me\/fr\/wp-json\/wp\/v2\/product_tag?post=1268"}],"curies":[{"name":"wp","href":"https:\/\/api.w.org\/{rel}","templated":true}]}}