{"id":1269,"date":"2024-09-01T03:32:33","date_gmt":"2024-09-01T03:32:33","guid":{"rendered":"https:\/\/kamlife.me\/?post_type=product&#038;p=1269"},"modified":"2026-01-02T11:28:36","modified_gmt":"2026-01-02T11:28:36","slug":"cenforce-150mg","status":"publish","type":"product","link":"https:\/\/kamlife.me\/fr\/produit\/cenforce-150mg\/","title":{"rendered":"Cenforce 150mg"},"content":{"rendered":"<p><b>UTILISATIONS :<\/b> Cenforce 150mg traite la dysfonction \u00e9rectile en augmentant le flux sanguin vers le p\u00e9nis, ce qui permet d'obtenir et de maintenir une \u00e9rection.<\/p>\n<p><b>STOCKAGE :<\/b> Conserver dans un endroit frais et sec, hors de port\u00e9e des enfants.<\/p>\n<p><b>DOSES :<\/b> Consultez votre m\u00e9decin pour conna\u00eetre la posologie recommand\u00e9e.<\/p>\n<p><b>EFFETS SECONDAIRES :<\/b> Les effets secondaires les plus fr\u00e9quents sont les maux de t\u00eate, les bouff\u00e9es de chaleur et les troubles digestifs.<\/p>","protected":false},"excerpt":{"rendered":"<p class=\"p1\">Cenforce 150 mg offre un \u00e9quilibre entre l'efficacit\u00e9 et la dur\u00e9e pour le traitement de la dysfonction \u00e9rectile.<\/p>","protected":false},"featured_media":1224,"comment_status":"open","ping_status":"closed","template":"","meta":{"inline_featured_image":false},"product_brand":[207],"product_cat":[201],"product_tag":[108,97,100,98],"class_list":{"0":"post-1269","1":"product","2":"type-product","3":"status-publish","4":"has-post-thumbnail","6":"product_brand-cenforce","7":"product_cat-sexual-health","8":"product_tag-150mg","9":"product_tag-erectile-dysfunction","10":"product_tag-oral-tablets","11":"product_tag-sildenafil","13":"first","14":"instock","15":"shipping-taxable","16":"purchasable","17":"product-type-simple"},"_links":{"self":[{"href":"https:\/\/kamlife.me\/fr\/wp-json\/wp\/v2\/product\/1269","targetHints":{"allow":["GET"]}}],"collection":[{"href":"https:\/\/kamlife.me\/fr\/wp-json\/wp\/v2\/product"}],"about":[{"href":"https:\/\/kamlife.me\/fr\/wp-json\/wp\/v2\/types\/product"}],"replies":[{"embeddable":true,"href":"https:\/\/kamlife.me\/fr\/wp-json\/wp\/v2\/comments?post=1269"}],"wp:featuredmedia":[{"embeddable":true,"href":"https:\/\/kamlife.me\/fr\/wp-json\/wp\/v2\/media\/1224"}],"wp:attachment":[{"href":"https:\/\/kamlife.me\/fr\/wp-json\/wp\/v2\/media?parent=1269"}],"wp:term":[{"taxonomy":"product_brand","embeddable":true,"href":"https:\/\/kamlife.me\/fr\/wp-json\/wp\/v2\/product_brand?post=1269"},{"taxonomy":"product_cat","embeddable":true,"href":"https:\/\/kamlife.me\/fr\/wp-json\/wp\/v2\/product_cat?post=1269"},{"taxonomy":"product_tag","embeddable":true,"href":"https:\/\/kamlife.me\/fr\/wp-json\/wp\/v2\/product_tag?post=1269"}],"curies":[{"name":"wp","href":"https:\/\/api.w.org\/{rel}","templated":true}]}}