{"id":2879,"date":"2024-09-19T12:26:36","date_gmt":"2024-09-19T12:26:36","guid":{"rendered":"https:\/\/kamlife.me\/?post_type=product&#038;p=2879"},"modified":"2026-02-27T14:18:09","modified_gmt":"2026-02-27T14:18:09","slug":"vitara-40","status":"publish","type":"product","link":"https:\/\/kamlife.me\/fr\/produit\/vitara-40\/","title":{"rendered":"VITARA 40"},"content":{"rendered":"<p>Vitara v 40 est utilis\u00e9 principalement pour le traitement de la dysfonction \u00e9rectile (DE) chez les hommes. Le m\u00e9dicament est \u00e9galement utilis\u00e9 pour le traitement de l'insuffisance h\u00e9patique et r\u00e9nale, mais n\u00e9cessite une ordonnance du m\u00e9decin.<\/p>","protected":false},"excerpt":{"rendered":"<table>\n<tbody>\n<tr>\n<td class=\"tdwdt\">La force<\/td>\n<td class=\"tdwdt1 color6\">\n<div class=\"dsf pr\"><span class=\"datatooltip\">40 mg<\/span><\/div>\n<\/td>\n<\/tr>\n<tr>\n<td class=\"tdwdt\">Taille de l'emballage<\/td>\n<td class=\"tdwdt1 color6\">\n<div class=\"dsf pr\"><span class=\"datatooltip\">10*10 comprim\u00e9s<\/span><\/div>\n<\/td>\n<\/tr>\n<tr>\n<td class=\"tdwdt\">Marque<\/td>\n<td class=\"tdwdt1 color6\">\n<div class=\"dsf pr\"><span class=\"datatooltip\">Vitara-V 40mg Comprim\u00e9<\/span><\/div>\n<\/td>\n<\/tr>\n<tr>\n<td class=\"tdwdt\">Formulaire<\/td>\n<td class=\"tdwdt1 color6\">\n<div class=\"dsf pr\"><span class=\"datatooltip\">Tablette<\/span><\/div>\n<\/td>\n<\/tr>\n<tr>\n<td class=\"tdwdt\">Type d'emballage<\/td>\n<td class=\"tdwdt1 color6\">\n<div class=\"dsf pr\"><span class=\"datatooltip\">Bandes<\/span><\/div>\n<\/td>\n<\/tr>\n<tr>\n<td class=\"tdwdt\">Taille de l'emballage<\/td>\n<td class=\"tdwdt1 color6\">\n<div class=\"dsf pr\"><span class=\"datatooltip\">10 Tablette<\/span><\/div>\n<\/td>\n<\/tr>\n<tr>\n<td class=\"tdwdt\">Composition<\/td>\n<td class=\"tdwdt1 color6\">\n<div class=\"dsf pr\"><span class=\"datatooltip\">Vardenafil 40mg<\/span><\/div>\n<\/td>\n<\/tr>\n<tr>\n<td class=\"tdwdt\">Fabricant<\/td>\n<td class=\"tdwdt1 color6\">\n<div class=\"dsf pr\"><span class=\"datatooltip\">Signature<\/span><\/div>\n<\/td>\n<\/tr>\n<tr>\n<td class=\"tdwdt\">Usages<\/td>\n<td class=\"tdwdt1 color6\">\n<div class=\"dsf pr\"><span class=\"datatooltip\">Traiter la dysfonction \u00e9rectile<\/span><\/div>\n<\/td>\n<\/tr>\n<tr>\n<td class=\"tdwdt\">Dosage<\/td>\n<td class=\"tdwdt1 color6\">\n<div class=\"dsf pr\"><span class=\"datatooltip\">40 mg<\/span><\/div>\n<\/td>\n<\/tr>\n<\/tbody>\n<\/table>","protected":false},"featured_media":2880,"comment_status":"open","ping_status":"closed","template":"","meta":{"inline_featured_image":false},"product_brand":[],"product_cat":[199],"product_tag":[],"class_list":{"0":"post-2879","1":"product","2":"type-product","3":"status-publish","4":"has-post-thumbnail","6":"product_cat-enhancers","8":"first","9":"outofstock","10":"shipping-taxable","11":"purchasable","12":"product-type-simple"},"_links":{"self":[{"href":"https:\/\/kamlife.me\/fr\/wp-json\/wp\/v2\/product\/2879","targetHints":{"allow":["GET"]}}],"collection":[{"href":"https:\/\/kamlife.me\/fr\/wp-json\/wp\/v2\/product"}],"about":[{"href":"https:\/\/kamlife.me\/fr\/wp-json\/wp\/v2\/types\/product"}],"replies":[{"embeddable":true,"href":"https:\/\/kamlife.me\/fr\/wp-json\/wp\/v2\/comments?post=2879"}],"wp:featuredmedia":[{"embeddable":true,"href":"https:\/\/kamlife.me\/fr\/wp-json\/wp\/v2\/media\/2880"}],"wp:attachment":[{"href":"https:\/\/kamlife.me\/fr\/wp-json\/wp\/v2\/media?parent=2879"}],"wp:term":[{"taxonomy":"product_brand","embeddable":true,"href":"https:\/\/kamlife.me\/fr\/wp-json\/wp\/v2\/product_brand?post=2879"},{"taxonomy":"product_cat","embeddable":true,"href":"https:\/\/kamlife.me\/fr\/wp-json\/wp\/v2\/product_cat?post=2879"},{"taxonomy":"product_tag","embeddable":true,"href":"https:\/\/kamlife.me\/fr\/wp-json\/wp\/v2\/product_tag?post=2879"}],"curies":[{"name":"wp","href":"https:\/\/api.w.org\/{rel}","templated":true}]}}