{"id":2882,"date":"2024-09-19T12:36:35","date_gmt":"2024-09-19T12:36:35","guid":{"rendered":"https:\/\/kamlife.me\/?post_type=product&#038;p=2882"},"modified":"2026-02-07T20:09:57","modified_gmt":"2026-02-07T20:09:57","slug":"vitara-v-20mg","status":"publish","type":"product","link":"https:\/\/kamlife.me\/fr\/produit\/vitara-v-20mg\/","title":{"rendered":"Vitara V 20mg"},"content":{"rendered":"<h2><span id=\"Vitara_v20_Vardenafil_by_Signature_Pharmaceuticals_Limited\">Introduction \u00e0 Vitara V 20 mg\u00a0<\/span><\/h2>\n<p>Vitara V 20 mg comprim\u00e9s fait partie des m\u00e9dicaments qui sont administr\u00e9s par voie orale aux hommes souffrant de\u00a0<a href=\"https:\/\/24x7pharma.com\/erectile-dysfunction-ed\/\" target=\"_blank\" rel=\"noopener\">dysfonction \u00e9rectile<\/a>. Ce m\u00e9dicament appartient \u00e0 la famille des m\u00e9dicaments PDE5 ou inhibiteurs de la phosphodiest\u00e9rase de type 5.<\/p>\n<h3><span id=\"What_to_Use_It_For\" class=\"ez-toc-section\"><\/span><span id=\"What_to_Use_It_For\">Pourquoi l'utiliser ?<\/span><\/h3>\n<p>Vitara V 20 mg est utilis\u00e9 principalement pour le traitement de la dysfonction \u00e9rectile (DE) chez les hommes. Le m\u00e9dicament est \u00e9galement utilis\u00e9 pour le traitement de\u00a0<a href=\"https:\/\/medlineplus.gov\/ency\/article\/002378.htm\" target=\"_blank\" rel=\"nofollow noopener\">h\u00e9patique<\/a>\u00a0et l'insuffisance r\u00e9nale, mais une prescription m\u00e9dicale est n\u00e9cessaire.<\/p>\n<h3><span id=\"Dosages_of_Vitara_V_20_mg\" class=\"ez-toc-section\"><\/span><span id=\"Vitara_V20_Recommended_Dosage\">Dosages de Vitara V 20 mg<\/span><\/h3>\n<p>Pour \u00e9viter les effets secondaires graves, les patients doivent veiller \u00e0 respecter la posologie appropri\u00e9e. Pour la plupart des patients, la dose initiale recommand\u00e9e pour Vitara est de 10 mg. Elle doit \u00eatre prise par voie orale lorsque cela est n\u00e9cessaire, si possible 60 minutes avant d'entreprendre une activit\u00e9 sexuelle. La dose peut \u00eatre augment\u00e9e jusqu'\u00e0 une dose maximale de 20 mg. Elle peut \u00e9galement \u00eatre r\u00e9duite \u00e0 5 mg, en fonction de l'efficacit\u00e9 du m\u00e9dicament ou de ses effets secondaires.<\/p>\n<p>Pour la plupart des patients, la fr\u00e9quence maximale recommand\u00e9e pour Vitara v 20 est de 1 fois par jour. Mais pour que le patient r\u00e9ponde bien aux effets des m\u00e9dicaments, une stimulation sexuelle est n\u00e9cessaire.<\/p>\n<h3><span id=\"Side_Effects\">Effets secondaires de Vitara V 20 mg<\/span><\/h3>\n<p>Les effets secondaires les plus fr\u00e9quents de Vitara v 20 sont la dyspepsie, les bouff\u00e9es vasomotrices, les maux de t\u00eate, la perte soudaine de l'audition, la rhinite, les effets cardiovasculaires et l'allongement de l'intervalle QT. Il existe \u00e9galement des effets secondaires moins fr\u00e9quents li\u00e9s \u00e0 la prise du m\u00e9dicament. Il s'agit notamment de douleurs dans le bras, le dos, la m\u00e2choire et la poitrine. Il peut \u00e9galement provoquer des sueurs froides, des piments, de la confusion, des \u00e9vanouissements, de la c\u00e9cit\u00e9, des vertiges et des difficult\u00e9s de d\u00e9glutition.<\/p>\n<p>Vous pouvez \u00e9galement souffrir de maux de t\u00eate, de battements d'oreilles, de naus\u00e9es, d'une respiration laborieuse, de larmoiements et de vomissements.<\/p>\n<p>Comment conserver et \u00e9liminer Vitara v 20<\/p>\n<ul>\n<li>Le m\u00e9dicament doit \u00eatre conserv\u00e9 \u00e0 temp\u00e9rature ambiante.<\/li>\n<li>Il doit \u00eatre conserv\u00e9 \u00e0 l'abri de la lumi\u00e8re du soleil.<\/li>\n<li>Ne pas stocker dans la salle de bain ou dans d'autres endroits tr\u00e8s humides.<\/li>\n<li>Veillez \u00e0 le conserver dans un endroit sec.<\/li>\n<li>Conservez toujours les m\u00e9dicaments en lieu s\u00fbr. Ne les laissez pas \u00e0 la port\u00e9e des enfants. Ils doivent \u00e9galement \u00eatre tenus \u00e0 l'\u00e9cart des animaux domestiques.<\/li>\n<li>Les m\u00e9dicaments non utilis\u00e9s ou p\u00e9rim\u00e9s doivent \u00eatre \u00e9limin\u00e9s de mani\u00e8re appropri\u00e9e. Ne jamais jeter les m\u00e9dicaments dans les toilettes ou dans les \u00e9gouts.<\/li>\n<li>Consultez votre pharmacien pour plus de conseils sur l'\u00e9limination correcte des m\u00e9dicaments.<\/li>\n<li>V\u00e9rifiez s'il existe un programme de reprise des m\u00e9dicaments dans votre r\u00e9gion. Si c'est le cas, vous pouvez vous en d\u00e9barrasser par l'interm\u00e9diaire de ce programme.<\/li>\n<\/ul>\n<h3><span id=\"Consumer_Information\" class=\"ez-toc-section\"><\/span><span id=\"Consumer_Information\">Information des consommateurs<\/span><\/h3>\n<ul>\n<li>Si vos probl\u00e8mes sexuels ne disparaissent pas apr\u00e8s avoir pris le m\u00e9dicament pendant quelques temps, il est pr\u00e9f\u00e9rable d'en parler \u00e0 votre m\u00e9decin. De m\u00eame, si vous avez remarqu\u00e9 que vos sympt\u00f4mes s'aggravent au lieu de s'am\u00e9liorer, vous devez imm\u00e9diatement arr\u00eater de prendre le m\u00e9dicament et en parler \u00e0 votre m\u00e9decin.<\/li>\n<li>\u00c9vitez de partager les m\u00e9dicaments avec d'autres personnes et ne prenez pas les m\u00e9dicaments d'autres personnes, m\u00eame s'ils sont destin\u00e9s au traitement de la dysfonction \u00e9rectile.<\/li>\n<li>Certains m\u00e9dicaments peuvent \u00eatre accompagn\u00e9s de recommandations destin\u00e9es \u00e0 un autre patient et non \u00e0 vous.<\/li>\n<li>Consultez toujours un pharmacien si vous n'\u00eates pas s\u00fbr de la bonne fa\u00e7on de prendre le m\u00e9dicament. Vous pouvez \u00e9galement consulter votre m\u00e9decin ou votre prestataire de soins de sant\u00e9 pour savoir si le m\u00e9dicament vous convient ou non.<\/li>\n<li>Si vous avez fini par faire une overdose, vous devez imm\u00e9diatement contacter le centre antipoison de votre r\u00e9gion. Demandez imm\u00e9diatement un traitement m\u00e9dical. N'oubliez pas de les informer de tout ce qui s'est pass\u00e9. Dites-leur quelle quantit\u00e9 vous avez consomm\u00e9e, quand vous avez pris les m\u00e9dicaments, etc. Ils pourront ainsi mettre au point un plan de traitement appropri\u00e9.<\/li>\n<\/ul>\n<h3><span id=\"Precautions\" class=\"ez-toc-section\"><\/span><span id=\"Precautions\">Pr\u00e9cautions<\/span><\/h3>\n<p>Avant de prendre Vitara v 20, prenez rendez-vous avec votre m\u00e9decin. Celui-ci peut effectuer un test pour d\u00e9terminer la cause sous-jacente de votre dysfonctionnement \u00e9rectile. Pour les personnes souffrant de tension art\u00e9rielle ou de maladies cardiovasculaires, il est pr\u00e9f\u00e9rable d'en informer votre m\u00e9decin. Vous devez \u00e9viter de prendre le m\u00e9dicament avec des pamplemousses ou des aliments \u00e0 forte teneur en alcool, car ces aliments pourraient renforcer les effets secondaires du m\u00e9dicament. Mais avant de d\u00e9cider d'arr\u00eater de prendre le m\u00e9dicament, il est pr\u00e9f\u00e9rable d'en parler \u00e0 votre m\u00e9decin.<\/p>","protected":false},"excerpt":{"rendered":"<p>Introduction to Vitara V 20 mg\u00a0 Vitara V 20 mg tablets are among those medications that are being administered orally on men who suffer from\u00a0erectile dysfunction. This drug belongs to the PDE5 family of drugs or the phosphodiesterase type 5 inhibitor. What to Use It For? Vitara V 20 mg is used mainly for the [&hellip;]<\/p>","protected":false},"featured_media":2883,"comment_status":"open","ping_status":"closed","template":"","meta":{"inline_featured_image":false},"product_brand":[],"product_cat":[199],"product_tag":[],"class_list":{"0":"post-2882","1":"product","2":"type-product","3":"status-publish","4":"has-post-thumbnail","6":"product_cat-enhancers","8":"first","9":"outofstock","10":"shipping-taxable","11":"purchasable","12":"product-type-simple"},"_links":{"self":[{"href":"https:\/\/kamlife.me\/fr\/wp-json\/wp\/v2\/product\/2882","targetHints":{"allow":["GET"]}}],"collection":[{"href":"https:\/\/kamlife.me\/fr\/wp-json\/wp\/v2\/product"}],"about":[{"href":"https:\/\/kamlife.me\/fr\/wp-json\/wp\/v2\/types\/product"}],"replies":[{"embeddable":true,"href":"https:\/\/kamlife.me\/fr\/wp-json\/wp\/v2\/comments?post=2882"}],"wp:featuredmedia":[{"embeddable":true,"href":"https:\/\/kamlife.me\/fr\/wp-json\/wp\/v2\/media\/2883"}],"wp:attachment":[{"href":"https:\/\/kamlife.me\/fr\/wp-json\/wp\/v2\/media?parent=2882"}],"wp:term":[{"taxonomy":"product_brand","embeddable":true,"href":"https:\/\/kamlife.me\/fr\/wp-json\/wp\/v2\/product_brand?post=2882"},{"taxonomy":"product_cat","embeddable":true,"href":"https:\/\/kamlife.me\/fr\/wp-json\/wp\/v2\/product_cat?post=2882"},{"taxonomy":"product_tag","embeddable":true,"href":"https:\/\/kamlife.me\/fr\/wp-json\/wp\/v2\/product_tag?post=2882"}],"curies":[{"name":"wp","href":"https:\/\/api.w.org\/{rel}","templated":true}]}}