{"id":2923,"date":"2024-09-25T11:15:02","date_gmt":"2024-09-25T11:15:02","guid":{"rendered":"https:\/\/kamlife.me\/?post_type=product&#038;p=2923"},"modified":"2026-01-02T11:27:46","modified_gmt":"2026-01-02T11:27:46","slug":"10-x-confezione-kamagra-oral-jelly-100mg-70-gele","status":"publish","type":"product","link":"https:\/\/kamlife.me\/fr\/produit\/10-x-confezione-kamagra-oral-jelly-100mg-70-gele\/","title":{"rendered":"10 x paquet Kamagra Oral Jelly 100mg (70 Gele)"},"content":{"rendered":"<div class=\"description\">\n<p class=\"p1\">\n<h3><b>Vue d'ensemble<\/b><\/h3>\n<p class=\"p3\">Il s'agit d'une offre sp\u00e9ciale pour une commande de Kamagra Oral Jelly 100mg au meilleur prix sur le march\u00e9 actuel. N'h\u00e9sitez pas et achetez le m\u00e9dicament pendant que l'offre dure !<\/p>\n<p class=\"p3\">Kamagra Oral Jelly est un traitement populaire et efficace de la dysfonction \u00e9rectile. Contrairement aux comprim\u00e9s qui sont difficiles \u00e0 avaler, le m\u00e9dicament peut simplement \u00eatre press\u00e9 dans une cuill\u00e8re et aval\u00e9 facilement. Kamagra Oral Jelly est fabriqu\u00e9 cliniquement dans une salle blanche par Ajanta Pharma.<\/p>\n<p class=\"p3\">L'ingr\u00e9dient actif de Kamagra Oral Jelly est le citrate de sild\u00e9nafil. Il appartient \u00e0 la famille des vasodilatateurs PDE-5. Ces m\u00e9dicaments agissent en dilatant les vaisseaux sanguins du corps, en particulier dans la r\u00e9gion g\u00e9nitale. Cela permet un flux sanguin plus important qui favorise l'\u00e9rection.<\/p>\n<p class=\"p3\">Le gel est rapidement absorb\u00e9 par l'organisme et les patients signalent des temps de r\u00e9ponse plus rapides \u00e0 partir de 20 minutes. La dur\u00e9e de traitement effective du m\u00e9dicament est de 4 \u00e0 6 heures, bien que de nombreux m\u00e9decins g\u00e9n\u00e9ralistes fassent \u00e9tat d'effets plus longs. Les patients qui utilisent Kamagra Oral Jelly font r\u00e9guli\u00e8rement \u00e9tat d'une activit\u00e9 sexuelle r\u00e9ussie et poursuivent g\u00e9n\u00e9ralement le traitement.<\/p>\n<p class=\"p3\">Kamagra Oral Jelly est disponible dans une vari\u00e9t\u00e9 d'ar\u00f4mes, notamment menthe, chocolat, banane, orange, mangue, fraise, ananas et vanille. Chaque commande est exp\u00e9di\u00e9e avec une s\u00e9lection de saveurs m\u00e9lang\u00e9es. Malheureusement, nous ne pouvons pas envoyer de saveurs sp\u00e9cifiques.<\/p>\n<p class=\"p3\">Le m\u00e9dicament n'est pas un aphrodisiaque et une stimulation est n\u00e9cessaire pour obtenir une \u00e9rection.<\/p>\n<p class=\"p1\">\n<h3><b>Informations importantes<\/b><\/h3>\n<p class=\"p3\">Pour tirer le meilleur parti du traitement, veuillez lire attentivement ce qui suit :<\/p>\n<p class=\"p1\">\n<ul>\n<li>\n<p class=\"p1\">La dose s\u00fbre indiqu\u00e9e de Kamagra Oral Jelly sur une p\u00e9riode de 24 heures est de 100 mg (1 sachet).<\/p>\n<\/li>\n<li>\n<p class=\"p1\">Le m\u00e9dicament agit 20 minutes apr\u00e8s son administration.<\/p>\n<\/li>\n<li>\n<p class=\"p1\">La dur\u00e9e effective du traitement est de 4 \u00e0 6 heures.<\/p>\n<\/li>\n<li>\n<p class=\"p1\">Le m\u00e9dicament doit toujours \u00eatre pris avec un grand verre d'eau.<\/p>\n<\/li>\n<li>\n<p class=\"p1\">\u00c9vitez les repas lourds ou gras \u00e0 l'heure \u00e0 laquelle vous pr\u00e9voyez de prendre le m\u00e9dicament.<\/p>\n<\/li>\n<li>\n<p class=\"p1\">L'alcool r\u00e9duit l'efficacit\u00e9 du m\u00e9dicament.<\/p>\n<\/li>\n<li>\n<p class=\"p1\">En cas d'effets secondaires, arr\u00eatez imm\u00e9diatement de prendre le m\u00e9dicament et demandez l'avis d'un professionnel de la sant\u00e9.<\/p>\n<\/li>\n<\/ul>\n<p>&nbsp;<\/p>\n<\/div>","protected":false},"excerpt":{"rendered":"<p>Overview This is a special offer for an order of Kamagra Oral Jelly 100mg at the best price on the current market. Don\u2019t hesitate and buy the medication while the offer lasts! Kamagra Oral Jelly is a popular and effective treatment for erectile dysfunction. Unlike tablets that are hard to swallow, the medication can simply [&hellip;]<\/p>","protected":false},"featured_media":1316,"comment_status":"open","ping_status":"closed","template":"","meta":{"inline_featured_image":false},"product_brand":[206],"product_cat":[201],"product_tag":[],"class_list":{"0":"post-2923","1":"product","2":"type-product","3":"status-publish","4":"has-post-thumbnail","6":"product_brand-kamagra","7":"product_cat-sexual-health","9":"first","10":"instock","11":"sale","12":"shipping-taxable","13":"purchasable","14":"product-type-simple"},"_links":{"self":[{"href":"https:\/\/kamlife.me\/fr\/wp-json\/wp\/v2\/product\/2923","targetHints":{"allow":["GET"]}}],"collection":[{"href":"https:\/\/kamlife.me\/fr\/wp-json\/wp\/v2\/product"}],"about":[{"href":"https:\/\/kamlife.me\/fr\/wp-json\/wp\/v2\/types\/product"}],"replies":[{"embeddable":true,"href":"https:\/\/kamlife.me\/fr\/wp-json\/wp\/v2\/comments?post=2923"}],"wp:featuredmedia":[{"embeddable":true,"href":"https:\/\/kamlife.me\/fr\/wp-json\/wp\/v2\/media\/1316"}],"wp:attachment":[{"href":"https:\/\/kamlife.me\/fr\/wp-json\/wp\/v2\/media?parent=2923"}],"wp:term":[{"taxonomy":"product_brand","embeddable":true,"href":"https:\/\/kamlife.me\/fr\/wp-json\/wp\/v2\/product_brand?post=2923"},{"taxonomy":"product_cat","embeddable":true,"href":"https:\/\/kamlife.me\/fr\/wp-json\/wp\/v2\/product_cat?post=2923"},{"taxonomy":"product_tag","embeddable":true,"href":"https:\/\/kamlife.me\/fr\/wp-json\/wp\/v2\/product_tag?post=2923"}],"curies":[{"name":"wp","href":"https:\/\/api.w.org\/{rel}","templated":true}]}}