{"id":3065,"date":"2024-10-14T14:15:56","date_gmt":"2024-10-14T14:15:56","guid":{"rendered":"https:\/\/kamlife.me\/?post_type=product&#038;p=3065"},"modified":"2025-08-28T17:27:48","modified_gmt":"2025-08-28T17:27:48","slug":"3065","status":"publish","type":"product","link":"https:\/\/kamlife.me\/fr\/produit\/3065\/","title":{"rendered":"CareForce Sildenafil Comprim\u00e9 150mg"},"content":{"rendered":"<div class=\"product-description break-word\">\n<p class=\"p1\"><b>10 Careforce 150 mg Comprim\u00e9s<\/b><b><\/b><\/p>\n<p class=\"p2\"><i>Viagra G\u00e9n\u00e9rique avec Sildenafil<\/i><i><\/i><\/p>\n<p class=\"p3\">\n<hr \/>\n<p>&nbsp;<\/p>\n<p class=\"p3\">\n<h3><b>CAREFORCE 150 mg Comprim\u00e9s<\/b><\/h3>\n<p>&nbsp;<\/p>\n<p class=\"p1\"><b>Article sur le sild\u00e9nafil : Tout ce que vous devez savoir sur Careforce 150 mg<\/b><b><\/b><\/p>\n<p class=\"p1\"><b>Description :<\/b><b><\/b><\/p>\n<p class=\"p2\">Careforce 150 mg est un m\u00e9dicament g\u00e9n\u00e9rique de Viagra contenant du sild\u00e9nafil, largement utilis\u00e9 pour traiter la dysfonction \u00e9rectile (DE) chez les hommes. La dysfonction \u00e9rectile est une affection courante qui touche les hommes dans le monde entier et qui les emp\u00eache d'avoir des \u00e9rections satisfaisantes pendant l'activit\u00e9 sexuelle. Cet article fournit des informations cl\u00e9s sur Careforce 150 mg, son m\u00e9canisme d'action, son mode d'emploi et ses effets secondaires possibles.<\/p>\n<p class=\"p3\">\n<hr \/>\n<p>&nbsp;<\/p>\n<p class=\"p3\">\n<h3><b>M\u00e9canisme d'action :<\/b><\/h3>\n<p>&nbsp;<\/p>\n<p class=\"p2\">La dysfonction \u00e9rectile se caract\u00e9rise principalement par un flux sanguin insuffisant vers le p\u00e9nis, ce qui rend difficile le maintien d'une \u00e9rection. Le sild\u00e9nafil, l'ingr\u00e9dient actif de Careforce 150 mg, agit en inhibant l'enzyme PDE5, qui augmente les niveaux de GMP cyclique, essentiels au maintien d'une \u00e9rection. Ce m\u00e9dicament am\u00e9liore le flux sanguin, aidant les hommes \u00e0 obtenir et \u00e0 maintenir des \u00e9rections fermes. Il est important de noter que Careforce 150 mg a une dur\u00e9e d'action prolong\u00e9e de <span class=\"s2\"><b>jusqu'\u00e0 36 heures<\/b><\/span>ce qui en fait un choix populaire pour le traitement de la dysfonction \u00e9rectile.<\/p>\n<p class=\"p3\">\n<hr \/>\n<p>&nbsp;<\/p>\n<p class=\"p3\">\n<h3><b>Mode d'emploi :<\/b><\/h3>\n<p>&nbsp;<\/p>\n<p class=\"p3\">\n<ul>\n<li>\n<p class=\"p1\">Prenez un comprim\u00e9 de Careforce 150 mg par voie orale avec un grand verre d'eau, <span class=\"s1\"><b>30 \u00e0 60 minutes avant l'activit\u00e9 sexuelle<\/b><\/span>.<\/p>\n<\/li>\n<li>\n<p class=\"p1\">Respectez toujours les recommandations de votre m\u00e9decin en mati\u00e8re de dosage.<\/p>\n<\/li>\n<li>\n<p class=\"p1\">Ne pas d\u00e9passer la dose limite recommand\u00e9e pour <span class=\"s1\"><b>un comprim\u00e9 par jour<\/b><\/span>.<\/p>\n<\/li>\n<li>\n<p class=\"p1\">Pour de meilleurs r\u00e9sultats, prendre \u00e0 jeun ou apr\u00e8s un repas l\u00e9ger.<\/p>\n<\/li>\n<\/ul>\n<p>&nbsp;<\/p>\n<p class=\"p3\">\n<hr \/>\n<p>&nbsp;<\/p>\n<p class=\"p3\">\n<h3><b>Effets secondaires :<\/b><\/h3>\n<p>&nbsp;<\/p>\n<p class=\"p2\">L'utilisation de Careforce 150 mg peut entra\u00eener des effets secondaires l\u00e9gers, tels que :<\/p>\n<p class=\"p3\">\n<ul>\n<li>\n<p class=\"p1\">Maux de t\u00eate<\/p>\n<\/li>\n<li>\n<p class=\"p1\">Douleurs musculaires<\/p>\n<\/li>\n<li>\n<p class=\"p1\">Rougissement du visage<\/p>\n<\/li>\n<li>\n<p class=\"p1\">Congestion nasale<\/p>\n<\/li>\n<\/ul>\n<p>&nbsp;<\/p>\n<p class=\"p2\">Ces effets disparaissent g\u00e9n\u00e9ralement avec le temps ou au fur et \u00e0 mesure que l'organisme s'adapte au m\u00e9dicament. Toutefois, si les effets secondaires persistent ou deviennent g\u00eanants, consultez un m\u00e9decin.<\/p>\n<p class=\"p3\">\n<hr \/>\n<p>&nbsp;<\/p>\n<p class=\"p3\">\n<h3><b>Questions fr\u00e9quemment pos\u00e9es :<\/b><\/h3>\n<p>&nbsp;<\/p>\n<p class=\"p1\"><b>En combien de temps Careforce 150 mg agit-il sur la dysfonction \u00e9rectile ?<\/b><b><\/b><\/p>\n<p class=\"p2\">En r\u00e8gle g\u00e9n\u00e9rale, il commence \u00e0 travailler dans les <span class=\"s2\"><b>30 minutes<\/b><\/span> et dure jusqu'\u00e0 <span class=\"s2\"><b>36 heures<\/b><\/span>.<\/p>\n<p class=\"p1\"><b>Peut-on l'utiliser en toute s\u00e9curit\u00e9 si l'on souffre de probl\u00e8mes cardiaques ?<\/b><b><\/b><\/p>\n<p class=\"p2\">Informez toujours votre m\u00e9decin de tout probl\u00e8me cardiaque avant d'utiliser Careforce 150 mg afin de vous assurer qu'il est sans danger pour vous.<\/p>\n<p class=\"p1\"><b>Puis-je utiliser ce m\u00e9dicament si je suis diab\u00e9tique ?<\/b><b><\/b><\/p>\n<p class=\"p2\">Oui, Careforce 150 mg peut \u00eatre pris par les patients diab\u00e9tiques, mais les niveaux de glucose doivent \u00eatre surveill\u00e9s pendant l'utilisation.<\/p>\n<p class=\"p3\">\n<hr \/>\n<p>&nbsp;<\/p>\n<p class=\"p3\">\n<h3><b>Conclusion :<\/b><\/h3>\n<p>&nbsp;<\/p>\n<p class=\"p2\">Careforce 150 mg est une option efficace pour traiter la dysfonction \u00e9rectile, gr\u00e2ce \u00e0 son principe actif, le sild\u00e9nafil. Cependant, il est essentiel de suivre les conseils de votre m\u00e9decin en ce qui concerne l'utilisation correcte, le dosage et les effets secondaires potentiels.<\/p>\n<p class=\"p3\">\n<hr \/>\n<p>&nbsp;<\/p>\n<p class=\"p3\">\n<h3><b>Avis important :<\/b><\/h3>\n<p>&nbsp;<\/p>\n<p class=\"p2\">Si le produit demand\u00e9 n'est pas en stock, un produit de remplacement avec le m\u00eame nom est propos\u00e9. <span class=\"s2\"><b>m\u00eame composition et effet th\u00e9rapeutique<\/b><\/span> peut \u00eatre fourni, m\u00eame s'il a l'air diff\u00e9rent. Les m\u00e9dicaments g\u00e9n\u00e9riques contiennent la m\u00eame formule et les m\u00eames ingr\u00e9dients, ce qui garantit une efficacit\u00e9 \u00e9gale. Les diff\u00e9rences de nom, de couleur, de forme et d'emballage ne refl\u00e8tent que la marque du fabricant. Les photos peuvent ne pas correspondre exactement au produit fourni en raison des variations entre les fabricants et les lots de production.<\/p>\n<p class=\"p2\"><span class=\"s2\"><b>Marque :<\/b><\/span> CARECLUB\u00ae Pharmacie<\/p>\n<\/div>\n<div class=\"table-product-attributes margin-bottom margin-top\">\n<div class=\"table-responsive\"><\/div>\n<\/div>","protected":false},"excerpt":{"rendered":"<p>Le sild\u00e9nafil traite la dysfonction \u00e9rectile en augmentant le flux sanguin vers le p\u00e9nis lors de la stimulation sexuelle. Cette augmentation du flux sanguin peut provoquer une \u00e9rection.<\/p>","protected":false},"featured_media":3066,"comment_status":"open","ping_status":"closed","template":"","meta":{"inline_featured_image":false},"product_brand":[208],"product_cat":[201],"product_tag":[],"class_list":{"0":"post-3065","1":"product","2":"type-product","3":"status-publish","4":"has-post-thumbnail","6":"product_brand-careforce","7":"product_cat-sexual-health","9":"first","10":"instock","11":"sale","12":"shipping-taxable","13":"purchasable","14":"product-type-simple"},"_links":{"self":[{"href":"https:\/\/kamlife.me\/fr\/wp-json\/wp\/v2\/product\/3065","targetHints":{"allow":["GET"]}}],"collection":[{"href":"https:\/\/kamlife.me\/fr\/wp-json\/wp\/v2\/product"}],"about":[{"href":"https:\/\/kamlife.me\/fr\/wp-json\/wp\/v2\/types\/product"}],"replies":[{"embeddable":true,"href":"https:\/\/kamlife.me\/fr\/wp-json\/wp\/v2\/comments?post=3065"}],"wp:featuredmedia":[{"embeddable":true,"href":"https:\/\/kamlife.me\/fr\/wp-json\/wp\/v2\/media\/3066"}],"wp:attachment":[{"href":"https:\/\/kamlife.me\/fr\/wp-json\/wp\/v2\/media?parent=3065"}],"wp:term":[{"taxonomy":"product_brand","embeddable":true,"href":"https:\/\/kamlife.me\/fr\/wp-json\/wp\/v2\/product_brand?post=3065"},{"taxonomy":"product_cat","embeddable":true,"href":"https:\/\/kamlife.me\/fr\/wp-json\/wp\/v2\/product_cat?post=3065"},{"taxonomy":"product_tag","embeddable":true,"href":"https:\/\/kamlife.me\/fr\/wp-json\/wp\/v2\/product_tag?post=3065"}],"curies":[{"name":"wp","href":"https:\/\/api.w.org\/{rel}","templated":true}]}}