{"id":5381,"date":"2025-07-10T00:15:48","date_gmt":"2025-07-10T00:15:48","guid":{"rendered":"https:\/\/kamlife.me\/?post_type=product&#038;p=5381"},"modified":"2026-04-09T05:04:17","modified_gmt":"2026-04-09T05:04:17","slug":"super-careforce-160mg-2w1","status":"publish","type":"product","link":"https:\/\/kamlife.me\/fr\/produit\/super-careforce-160mg-2w1\/","title":{"rendered":"Super Careforce 160mg 2w1"},"content":{"rendered":"<p class=\"p1\"><span class=\"s1\"><b>Super Care Force<\/b><\/span> est un m\u00e9dicament combin\u00e9, couramment utilis\u00e9 pour le traitement de la dysfonction \u00e9rectile (DE) et de l'\u00e9jaculation pr\u00e9coce (EP) chez les hommes. Il s'agit d'une version g\u00e9n\u00e9rique produite par des soci\u00e9t\u00e9s pharmaceutiques indiennes telles que <span class=\"s1\"><b>Club de soins<\/b><\/span> (comme indiqu\u00e9 sur l'emballage), et est similaire \u00e0 des produits bien connus tels que <span class=\"s1\"><b>Super P-Force<\/b><\/span>.<\/p>\n<p class=\"p3\"><span class=\"s2\">\ud83d\udc8a <\/span><b>Principale composition de la Super Care Force :<\/b><b><\/b><\/p>\n<ul>\n<li>\n<p class=\"p1\"><b>Citrate de sild\u00e9nafil (100 mg)<\/b><b><\/b><\/p>\n<p class=\"p2\">La m\u00eame mol\u00e9cule que celle contenue dans le Viagra.<\/p>\n<p class=\"p2\">Agit en relaxant les muscles et en augmentant le flux sanguin vers le p\u00e9nis, facilitant ainsi l'\u00e9rection pendant la stimulation sexuelle.<\/p>\n<\/li>\n<li>\n<p class=\"p1\"><b>Dapox\u00e9tine (60 mg)<\/b><b><\/b><\/p>\n<p class=\"p2\">Inhibiteur s\u00e9lectif de la recapture de la s\u00e9rotonine (ISRS).<\/p>\n<p class=\"p2\">Utilis\u00e9 pour retarder l'\u00e9jaculation et prolonger les rapports sexuels.<\/p>\n<\/li>\n<\/ul>\n<p class=\"p3\"><span class=\"s2\">\ud83e\uddea <\/span><b>Indications th\u00e9rapeutiques :<\/b><b><\/b><\/p>\n<ul>\n<li>\n<p class=\"p1\">Traitement simultan\u00e9 de la dysfonction \u00e9rectile et de l'\u00e9jaculation pr\u00e9coce.<\/p>\n<\/li>\n<li>\n<p class=\"p1\">Am\u00e9lioration de la performance sexuelle masculine.<\/p>\n<\/li>\n<\/ul>\n<p>&nbsp;<\/p>\n<p class=\"p3\"><span class=\"s2\">\u26a0\ufe0f <\/span><b>Mode d'emploi (\u00e0 titre indicatif, ne se substituant pas \u00e0 un avis m\u00e9dical) :<\/b><b><\/b><\/p>\n<ul>\n<li>\n<p class=\"p1\">Un comprim\u00e9 \u00e0 prendre 30-60 minutes avant l'activit\u00e9 sexuelle.<\/p>\n<\/li>\n<li>\n<p class=\"p1\">Ne pas prendre plus d'un comprim\u00e9 en l'espace de 24 heures.<\/p>\n<\/li>\n<\/ul>\n<p>&nbsp;<\/p>\n<p class=\"p3\"><span class=\"s2\">\u2705 <\/span><b>AVANTAGES DE SUPER CARE FORCE<\/b><b><\/b><\/p>\n<ol start=\"1\">\n<li>\n<p class=\"p1\"><b>Des \u00e9rections plus fortes et plus durables<\/b><b><\/b><\/p>\n<p class=\"p2\">Le sild\u00e9nafil augmente le flux sanguin vers le p\u00e9nis, ce qui permet d'obtenir et de maintenir une \u00e9rection satisfaisante pendant la stimulation sexuelle.<\/p>\n<\/li>\n<li>\n<p class=\"p1\"><b>Meilleur contr\u00f4le de l'\u00e9jaculation<\/b><b><\/b><\/p>\n<p class=\"p2\">La dapox\u00e9tine agit sur le syst\u00e8me nerveux central pour retarder l'\u00e9jaculation, am\u00e9liorer le contr\u00f4le et prolonger la dur\u00e9e des rapports sexuels.<\/p>\n<\/li>\n<li>\n<p class=\"p1\"><b>Am\u00e9lioration de la satisfaction sexuelle<\/b><b><\/b><\/p>\n<p class=\"p2\">L'effet combin\u00e9 d'\u00e9rections plus fortes et de rapports sexuels plus longs contribue \u00e0 une vie sexuelle plus \u00e9panouie pour l'homme et sa partenaire.<\/p>\n<\/li>\n<li>\n<p class=\"p1\"><b>Action combin\u00e9e dans un seul comprim\u00e9<\/b><b><\/b><\/p>\n<p class=\"p2\">Traite simultan\u00e9ment deux troubles sexuels courants (DE + EP) sans qu'il soit n\u00e9cessaire de prendre plusieurs m\u00e9dicaments.<\/p>\n<\/li>\n<li>\n<p class=\"p1\"><b>Augmentation de la confiance en soi<\/b><b><\/b><\/p>\n<p class=\"p2\">La possibilit\u00e9 d'avoir une exp\u00e9rience sexuelle compl\u00e8te sans interruption peut renforcer l'estime de soi et r\u00e9duire l'anxi\u00e9t\u00e9 li\u00e9e \u00e0 la performance.<\/p>\n<\/li>\n<li>\n<p class=\"p1\"><b>Apparition rapide<\/b><b><\/b><\/p>\n<p class=\"p2\">Agit en 30 \u00e0 60 minutes, permettant une planification relativement simple de l'activit\u00e9 sexuelle.<\/p>\n<\/li>\n<li>\n<p class=\"p1\"><b>Am\u00e9lioration du bien-\u00eatre psychologique<\/b><b><\/b><\/p>\n<p class=\"p2\">L'am\u00e9lioration de la vie sexuelle peut \u00e9galement avoir un effet positif sur d'autres aspects du bien-\u00eatre relationnel et \u00e9motionnel.<\/p>\n<\/li>\n<\/ol>","protected":false},"excerpt":{"rendered":"<article class=\"text-token-text-primary w-full\" dir=\"auto\" data-testid=\"conversation-turn-8\" data-scroll-anchor=\"true\">\n<div class=\"text-base my-auto mx-auto py-5 [--thread-content-margin:--spacing(4)] @[37rem]:[--thread-content-margin:--spacing(6)] @[72rem]:[--thread-content-margin:--spacing(16)] px-(--thread-content-margin)\">\n<div class=\"[--thread-content-max-width:32rem] @[34rem]:[--thread-content-max-width:40rem] @[64rem]:[--thread-content-max-width:48rem] mx-auto flex max-w-(--thread-content-max-width) flex-1 text-base gap-4 md:gap-5 lg:gap-6 group\/turn-messages focus-visible:outline-hidden\" tabindex=\"-1\">\n<div class=\"group\/conversation-turn relative flex w-full min-w-0 flex-col agent-turn\">\n<div class=\"relative flex-col gap-1 md:gap-3\">\n<div class=\"flex max-w-full flex-col grow\">\n<div class=\"min-h-8 text-message relative flex w-full flex-col items-end gap-2 text-start break-words whitespace-normal [.text-message+&amp;]:mt-5\" dir=\"auto\" data-message-author-role=\"assistant\" data-message-id=\"df2d8f2a-41e1-49b0-b8b7-d59589814fc8\" data-message-model-slug=\"gpt-4o\">\n<div class=\"flex w-full flex-col gap-1 empty:hidden first:pt-[3px]\">\n<div class=\"markdown prose dark:prose-invert w-full break-words light\">\n<p class=\"p1\"><b>Super Care Force est un m\u00e9dicament combin\u00e9 utilis\u00e9 pour traiter simultan\u00e9ment la dysfonction \u00e9rectile et l'\u00e9jaculation pr\u00e9coce chez les hommes. Il contient du sild\u00e9nafil (100 mg) pour am\u00e9liorer l'\u00e9rection et de la dapox\u00e9tine (60 mg) pour retarder l'\u00e9jaculation. Il agit rapidement (dans les 30 \u00e0 60 minutes) et favorise des rapports sexuels plus longs, plus satisfaisants et mieux contr\u00f4l\u00e9s. Il ne doit \u00eatre pris que sous contr\u00f4le m\u00e9dical.<\/b><\/p>\n<\/div>\n<\/div>\n<\/div>\n<\/div>\n<div class=\"flex min-h-[46px] justify-start\"><\/div>\n<\/div>\n<div class=\"aria-live=polite absolute\">\n<div class=\"flex items-center justify-center\"><\/div>\n<\/div>\n<\/div>\n<\/div>\n<\/div>\n<\/article>\n<div class=\"pointer-events-none h-px w-px\" aria-hidden=\"true\" data-edge=\"true\"><\/div>","protected":false},"featured_media":5382,"comment_status":"open","ping_status":"closed","template":"","meta":{"inline_featured_image":false},"product_brand":[208],"product_cat":[201],"product_tag":[105,97,100,103],"class_list":{"0":"post-5381","1":"product","2":"type-product","3":"status-publish","4":"has-post-thumbnail","6":"product_brand-careforce","7":"product_cat-sexual-health","8":"product_tag-60mg","9":"product_tag-erectile-dysfunction","10":"product_tag-oral-tablets","11":"product_tag-tadalafil","13":"first","14":"instock","15":"shipping-taxable","16":"purchasable","17":"product-type-simple"},"_links":{"self":[{"href":"https:\/\/kamlife.me\/fr\/wp-json\/wp\/v2\/product\/5381","targetHints":{"allow":["GET"]}}],"collection":[{"href":"https:\/\/kamlife.me\/fr\/wp-json\/wp\/v2\/product"}],"about":[{"href":"https:\/\/kamlife.me\/fr\/wp-json\/wp\/v2\/types\/product"}],"replies":[{"embeddable":true,"href":"https:\/\/kamlife.me\/fr\/wp-json\/wp\/v2\/comments?post=5381"}],"wp:featuredmedia":[{"embeddable":true,"href":"https:\/\/kamlife.me\/fr\/wp-json\/wp\/v2\/media\/5382"}],"wp:attachment":[{"href":"https:\/\/kamlife.me\/fr\/wp-json\/wp\/v2\/media?parent=5381"}],"wp:term":[{"taxonomy":"product_brand","embeddable":true,"href":"https:\/\/kamlife.me\/fr\/wp-json\/wp\/v2\/product_brand?post=5381"},{"taxonomy":"product_cat","embeddable":true,"href":"https:\/\/kamlife.me\/fr\/wp-json\/wp\/v2\/product_cat?post=5381"},{"taxonomy":"product_tag","embeddable":true,"href":"https:\/\/kamlife.me\/fr\/wp-json\/wp\/v2\/product_tag?post=5381"}],"curies":[{"name":"wp","href":"https:\/\/api.w.org\/{rel}","templated":true}]}}