{"id":5633,"date":"2025-08-03T16:53:37","date_gmt":"2025-08-03T16:53:37","guid":{"rendered":"https:\/\/kamlife.me\/?post_type=product&#038;p=5633"},"modified":"2026-03-31T05:10:35","modified_gmt":"2026-03-31T05:10:35","slug":"super-carevitra-vardenafil-20-mg-dapoxetina-60-mg","status":"publish","type":"product","link":"https:\/\/kamlife.me\/fr\/produit\/super-carevitra-vardenafil-20-mg-dapoxetina-60-mg\/","title":{"rendered":"Super Carevitra - Vardenafil 20 mg + Dapoxetina 60 mg"},"content":{"rendered":"<p class=\"p1\"><span class=\"s1\"><b>Vardenafil 20 mg :<\/b><\/span> un inhibiteur de la phosphodiest\u00e9rase de type 5 (PDE5), utilis\u00e9 pour traiter la dysfonction \u00e9rectile.<\/p>\n<p class=\"p1\"><span class=\"s1\"><b>Dapoxetine 60 mg :<\/b><\/span> un inhibiteur s\u00e9lectif de la recapture de la s\u00e9rotonine (ISRS), utilis\u00e9 pour le traitement de l'\u00e9jaculation pr\u00e9coce.<\/p>\n<h3><b>Principaux avantages de la <\/b><\/h3>\n<h3><b>Super Carevitra<\/b><\/h3>\n<p class=\"p4\"><span class=\"s3\">\u2705 <\/span><b>Pour la dysfonction \u00e9rectile (gr\u00e2ce au Vardenafil) :<\/b><b><\/b><\/p>\n<ul>\n<li>\n<p class=\"p1\">Augmente le flux sanguin vers le p\u00e9nis, facilitant l'\u00e9rection en r\u00e9ponse \u00e0 la stimulation sexuelle.<\/p>\n<\/li>\n<li>\n<p class=\"p1\">Agit plus rapidement que le sild\u00e9nafil (Viagra) chez de nombreux patients.<\/p>\n<\/li>\n<li>\n<p class=\"p1\">Efficace m\u00eame chez les hommes souffrant de diab\u00e8te ou de troubles de l'\u00e9rection r\u00e9sistants \u00e0 d'autres m\u00e9dicaments.<\/p>\n<\/li>\n<\/ul>\n<p class=\"p4\"><span class=\"s3\">\u2705 <\/span><b>Pour l'\u00e9jaculation pr\u00e9coce (gr\u00e2ce \u00e0 la Dapoxetine) :<\/b><b><\/b><\/p>\n<ul>\n<li>\n<p class=\"p1\">Retarde l'\u00e9jaculation, prolongeant ainsi les rapports sexuels.<\/p>\n<\/li>\n<li>\n<p class=\"p1\">Am\u00e9liore le contr\u00f4le de l'\u00e9jaculation et la satisfaction sexuelle globale.<\/p>\n<\/li>\n<\/ul>\n<h3><b>Avantages de la formulation combin\u00e9e<\/b><\/h3>\n<p class=\"p1\"><span class=\"s1\"><b>Am\u00e9lioration de la performance sexuelle globale :<\/b><\/span> \u00e9rection plus forte et plus durable + meilleur contr\u00f4le de l'\u00e9jaculation.<\/p>\n<ul>\n<li>\n<p class=\"p1\"><span class=\"s1\"><b>Commodit\u00e9 :<\/b><\/span> deux effets en un seul comprim\u00e9.<\/p>\n<\/li>\n<li>\n<p class=\"p1\"><b>Convient aux hommes souffrant des deux pathologies (DE + EP).<\/b><\/p>\n<\/li>\n<\/ul>\n<h3><b>Mode d'emploi (g\u00e9n\u00e9ral) :<\/b><\/h3>\n<ul>\n<li>\n<p class=\"p1\">Prendre par voie orale environ 30 \u00e0 60 minutes avant le rapport sexuel.<\/p>\n<\/li>\n<li>\n<p class=\"p1\">N'est pas aphrodisiaque : n'agit qu'en cas de stimulation sexuelle.<\/p>\n<\/li>\n<\/ul>\n<p>&nbsp;<\/p>","protected":false},"excerpt":{"rendered":"<article class=\"text-token-text-primary w-full\" dir=\"auto\" data-testid=\"conversation-turn-8\" data-scroll-anchor=\"true\">\n<div class=\"text-base my-auto mx-auto py-5 [--thread-content-margin:--spacing(4)] @[37rem]:[--thread-content-margin:--spacing(6)] @[72rem]:[--thread-content-margin:--spacing(16)] px-(--thread-content-margin)\">\n<div class=\"[--thread-content-max-width:32rem] @[34rem]:[--thread-content-max-width:40rem] @[64rem]:[--thread-content-max-width:48rem] mx-auto flex max-w-(--thread-content-max-width) flex-1 text-base gap-4 md:gap-5 lg:gap-6 group\/turn-messages focus-visible:outline-hidden\" tabindex=\"-1\">\n<div class=\"group\/conversation-turn relative flex w-full min-w-0 flex-col agent-turn\">\n<div class=\"relative flex-col gap-1 md:gap-3\">\n<div class=\"flex max-w-full flex-col grow\">\n<div class=\"min-h-8 text-message relative flex w-full flex-col items-end gap-2 text-start break-words whitespace-normal [.text-message+&amp;]:mt-5\" dir=\"auto\" data-message-author-role=\"assistant\" data-message-id=\"df2d8f2a-41e1-49b0-b8b7-d59589814fc8\" data-message-model-slug=\"gpt-4o\">\n<div class=\"flex w-full flex-col gap-1 empty:hidden first:pt-[3px]\">\n<div class=\"markdown prose dark:prose-invert w-full break-words light\">\n<p class=\"p1\"><b>Super Carevitra est un traitement combin\u00e9 innovant con\u00e7u pour am\u00e9liorer les performances sexuelles masculines. Gr\u00e2ce \u00e0 l'action synergique du Vard\u00e9nafil 20 mg (pour une \u00e9rection forte) et de la Dapox\u00e9tine 60 mg (pour retarder l'\u00e9jaculation), il assure puissance, contr\u00f4le et dur\u00e9e plus longue pendant les rapports sexuels. Id\u00e9al pour ceux qui veulent une vie sexuelle plus satisfaisante en toute occasion.<\/b><\/p>\n<\/div>\n<\/div>\n<\/div>\n<\/div>\n<div class=\"flex min-h-[46px] justify-start\"><\/div>\n<\/div>\n<div class=\"aria-live=polite absolute\">\n<div class=\"flex items-center justify-center\"><\/div>\n<\/div>\n<\/div>\n<\/div>\n<\/div>\n<\/article>\n<div class=\"pointer-events-none h-px w-px\" aria-hidden=\"true\" data-edge=\"true\"><\/div>","protected":false},"featured_media":5634,"comment_status":"open","ping_status":"closed","template":"","meta":{"inline_featured_image":false},"product_brand":[],"product_cat":[201],"product_tag":[105,97,100,103],"class_list":{"0":"post-5633","1":"product","2":"type-product","3":"status-publish","4":"has-post-thumbnail","6":"product_cat-sexual-health","7":"product_tag-60mg","8":"product_tag-erectile-dysfunction","9":"product_tag-oral-tablets","10":"product_tag-tadalafil","12":"first","13":"instock","14":"shipping-taxable","15":"purchasable","16":"product-type-simple"},"_links":{"self":[{"href":"https:\/\/kamlife.me\/fr\/wp-json\/wp\/v2\/product\/5633","targetHints":{"allow":["GET"]}}],"collection":[{"href":"https:\/\/kamlife.me\/fr\/wp-json\/wp\/v2\/product"}],"about":[{"href":"https:\/\/kamlife.me\/fr\/wp-json\/wp\/v2\/types\/product"}],"replies":[{"embeddable":true,"href":"https:\/\/kamlife.me\/fr\/wp-json\/wp\/v2\/comments?post=5633"}],"wp:featuredmedia":[{"embeddable":true,"href":"https:\/\/kamlife.me\/fr\/wp-json\/wp\/v2\/media\/5634"}],"wp:attachment":[{"href":"https:\/\/kamlife.me\/fr\/wp-json\/wp\/v2\/media?parent=5633"}],"wp:term":[{"taxonomy":"product_brand","embeddable":true,"href":"https:\/\/kamlife.me\/fr\/wp-json\/wp\/v2\/product_brand?post=5633"},{"taxonomy":"product_cat","embeddable":true,"href":"https:\/\/kamlife.me\/fr\/wp-json\/wp\/v2\/product_cat?post=5633"},{"taxonomy":"product_tag","embeddable":true,"href":"https:\/\/kamlife.me\/fr\/wp-json\/wp\/v2\/product_tag?post=5633"}],"curies":[{"name":"wp","href":"https:\/\/api.w.org\/{rel}","templated":true}]}}