{"id":5752,"date":"2025-08-15T11:38:24","date_gmt":"2025-08-15T11:38:24","guid":{"rendered":"https:\/\/kamlife.me\/?post_type=product&#038;p=5752"},"modified":"2026-03-12T17:09:15","modified_gmt":"2026-03-12T17:09:15","slug":"care-cobra-200-sildenafil-200mg-comprimes-6-comprimes","status":"publish","type":"product","link":"https:\/\/kamlife.me\/fr\/produit\/care-cobra-200-sildenafil-200mg-comprimes-6-comprimes\/","title":{"rendered":"CARE COBRA 200 - Sild\u00e9nafil 200mg Comprim\u00e9s 6 COMPRIM\u00c9S"},"content":{"rendered":"<p class=\"p1\"><b>CARE COBRA 200 - Sild\u00e9nafil 200 mg - 6 Comprim\u00e9s<\/b><b><\/b><\/p>\n<p class=\"p1\"><b>Puissance maximale, performances durables<\/b><b><\/b><\/p>\n<p class=\"p3\">Care Cobra 200 est un compl\u00e9ment pharmaceutique \u00e0 base de citrate de sild\u00e9nafil tr\u00e8s fortement dos\u00e9 (200 mg par comprim\u00e9), con\u00e7u pour ceux qui recherchent un soutien solide dans la gestion de la dysfonction \u00e9rectile et l'am\u00e9lioration des performances sexuelles.<\/p>\n<p class=\"p3\">\ud83d\udc8a <span class=\"s1\"><b>Format :<\/b><\/span> Paquet de 6 comprim\u00e9s enrob\u00e9s<\/p>\n<p class=\"p3\">\u26a1 <span class=\"s1\"><b>Ingr\u00e9dient actif :<\/b><\/span> Citrate de sild\u00e9nafil 200 mg<\/p>\n<p class=\"p1\"><span class=\"s2\">\ud83d\udcc5 <\/span><b>Dur\u00e9e d'action :<\/b><span class=\"s2\"> Jusqu'\u00e0 8 heures*<\/span><\/p>\n<p class=\"p3\">(*la dur\u00e9e peut varier en fonction du m\u00e9tabolisme, du r\u00e9gime alimentaire et de l'\u00e9tat de sant\u00e9)<\/p>\n<h3><b>Principaux avantages<\/b><\/h3>\n<ul>\n<li>\n<p class=\"p1\"><span class=\"s1\"><b>Action rapide :<\/b><\/span> commence \u00e0 agir dans les 30 \u00e0 60 minutes suivant la prise<\/p>\n<\/li>\n<li>\n<p class=\"p1\"><b>Concentration maximale de l'ingr\u00e9dient actif<\/b><span class=\"s1\"> pour des r\u00e9sultats puissants et durables<\/span><\/p>\n<\/li>\n<li>\n<p class=\"p1\"><span class=\"s1\"><b>Am\u00e9liore le flux sanguin vers le p\u00e9nis<\/b><\/span>favorise des \u00e9rections plus dures et plus stables<\/p>\n<\/li>\n<li>\n<p class=\"p1\"><b>Favorise la confiance et la satisfaction<\/b><span class=\"s1\"> pendant les rapports sexuels<\/span><\/p>\n<\/li>\n<\/ul>\n<h3><b>Mode d'emploi<\/b><\/h3>\n<ul>\n<li>\n<p class=\"p1\">Prendre la moiti\u00e9 d'un comprim\u00e9 avec de l'eau, environ 30 \u00e0 60 minutes avant l'activit\u00e9 sexuelle.<\/p>\n<\/li>\n<li>\n<p class=\"p1\">Ne pas d\u00e9passer 1 comprim\u00e9 par 24 heures<\/p>\n<\/li>\n<li>\n<p class=\"p1\">\u00c9viter de prendre le m\u00e9dicament en m\u00eame temps que des repas lourds et gras ou une consommation excessive d'alcool afin d'\u00e9viter un effet retard\u00e9.<\/p>\n<\/li>\n<\/ul>\n<h3><b>Avertissements<\/b><\/h3>\n<ul>\n<li>\n<p class=\"p1\">Produit destin\u00e9 aux hommes adultes uniquement<\/p>\n<\/li>\n<li>\n<p class=\"p1\">Ne pas utiliser en cas de troubles cardiovasculaires s\u00e9v\u00e8res ou d'allergie \u00e0 l'ingr\u00e9dient actif.<\/p>\n<\/li>\n<\/ul>\n<p>&nbsp;<\/p>","protected":false},"excerpt":{"rendered":"<article class=\"text-token-text-primary w-full\" dir=\"auto\" data-testid=\"conversation-turn-8\" data-scroll-anchor=\"true\">\n<div class=\"text-base my-auto mx-auto py-5 [--thread-content-margin:--spacing(4)] @[37rem]:[--thread-content-margin:--spacing(6)] @[72rem]:[--thread-content-margin:--spacing(16)] px-(--thread-content-margin)\">\n<div class=\"[--thread-content-max-width:32rem] @[34rem]:[--thread-content-max-width:40rem] @[64rem]:[--thread-content-max-width:48rem] mx-auto flex max-w-(--thread-content-max-width) flex-1 text-base gap-4 md:gap-5 lg:gap-6 group\/turn-messages focus-visible:outline-hidden\" tabindex=\"-1\">\n<div class=\"group\/conversation-turn relative flex w-full min-w-0 flex-col agent-turn\">\n<div class=\"relative flex-col gap-1 md:gap-3\">\n<div class=\"flex max-w-full flex-col grow\">\n<div class=\"min-h-8 text-message relative flex w-full flex-col items-end gap-2 text-start break-words whitespace-normal [.text-message+&amp;]:mt-5\" dir=\"auto\" data-message-author-role=\"assistant\" data-message-id=\"df2d8f2a-41e1-49b0-b8b7-d59589814fc8\" data-message-model-slug=\"gpt-4o\">\n<div class=\"flex w-full flex-col gap-1 empty:hidden first:pt-[3px]\">\n<div class=\"markdown prose dark:prose-invert w-full break-words light\">\n<p class=\"p1\"><b>CARE COBRA 200 - Sild\u00e9nafil 200 mg (6 comprim\u00e9s) : formule extra-forte pour le traitement de la dysfonction \u00e9rectile, favorise des \u00e9rections puissantes et durables jusqu'\u00e0 8 heures. Agit dans les 30 \u00e0 60 minutes, am\u00e9liorant les performances et la confiance en soi.<\/b><\/p>\n<\/div>\n<\/div>\n<\/div>\n<\/div>\n<div class=\"flex min-h-[46px] justify-start\"><\/div>\n<\/div>\n<div class=\"aria-live=polite absolute\">\n<div class=\"flex items-center justify-center\"><\/div>\n<\/div>\n<\/div>\n<\/div>\n<\/div>\n<\/article>\n<div class=\"pointer-events-none h-px w-px\" aria-hidden=\"true\" data-edge=\"true\"><\/div>","protected":false},"featured_media":5753,"comment_status":"open","ping_status":"closed","template":"","meta":{"inline_featured_image":false},"product_brand":[],"product_cat":[201],"product_tag":[105,97,100,103],"class_list":{"0":"post-5752","1":"product","2":"type-product","3":"status-publish","4":"has-post-thumbnail","6":"product_cat-sexual-health","7":"product_tag-60mg","8":"product_tag-erectile-dysfunction","9":"product_tag-oral-tablets","10":"product_tag-tadalafil","12":"first","13":"outofstock","14":"shipping-taxable","15":"purchasable","16":"product-type-simple"},"_links":{"self":[{"href":"https:\/\/kamlife.me\/fr\/wp-json\/wp\/v2\/product\/5752","targetHints":{"allow":["GET"]}}],"collection":[{"href":"https:\/\/kamlife.me\/fr\/wp-json\/wp\/v2\/product"}],"about":[{"href":"https:\/\/kamlife.me\/fr\/wp-json\/wp\/v2\/types\/product"}],"replies":[{"embeddable":true,"href":"https:\/\/kamlife.me\/fr\/wp-json\/wp\/v2\/comments?post=5752"}],"wp:featuredmedia":[{"embeddable":true,"href":"https:\/\/kamlife.me\/fr\/wp-json\/wp\/v2\/media\/5753"}],"wp:attachment":[{"href":"https:\/\/kamlife.me\/fr\/wp-json\/wp\/v2\/media?parent=5752"}],"wp:term":[{"taxonomy":"product_brand","embeddable":true,"href":"https:\/\/kamlife.me\/fr\/wp-json\/wp\/v2\/product_brand?post=5752"},{"taxonomy":"product_cat","embeddable":true,"href":"https:\/\/kamlife.me\/fr\/wp-json\/wp\/v2\/product_cat?post=5752"},{"taxonomy":"product_tag","embeddable":true,"href":"https:\/\/kamlife.me\/fr\/wp-json\/wp\/v2\/product_tag?post=5752"}],"curies":[{"name":"wp","href":"https:\/\/api.w.org\/{rel}","templated":true}]}}