{"id":5783,"date":"2025-08-16T11:22:48","date_gmt":"2025-08-16T11:22:48","guid":{"rendered":"https:\/\/kamlife.me\/?post_type=product&#038;p=5783"},"modified":"2025-08-28T15:10:06","modified_gmt":"2025-08-28T15:10:06","slug":"carefill10-mg","status":"publish","type":"product","link":"https:\/\/kamlife.me\/fr\/produit\/carefill10-mg\/","title":{"rendered":"CAREFILL 10 mg"},"content":{"rendered":"<p class=\"p1\"><span class=\"s1\"><b>Retrouvez votre confiance et am\u00e9liorez vos moments intimes avec CareFill-10, la solution de pointe pour la dysfonction \u00e9rectile (DE).<\/b><\/span> Formul\u00e9 avec du tadalafil, un ingr\u00e9dient \u00e9prouv\u00e9 et fiable, CareFill-10 est con\u00e7u pour apporter un soutien durable \u00e0 votre sant\u00e9 sexuelle.<\/p>\n<p class=\"p2\">\n<hr \/>\n<p>&nbsp;<\/p>\n<p class=\"p2\">\n<h3><b>Principaux avantages de CareFill-10<\/b><\/h3>\n<p>&nbsp;<\/p>\n<p class=\"p2\">\n<ul>\n<li>\n<p class=\"p1\"><span class=\"s1\"><b>Formule cliniquement prouv\u00e9e :<\/b><\/span> Chaque comprim\u00e9 de CareFill-10 contient du tadalafil, un traitement efficace de la dysfonction \u00e9rectile qui a fait l'objet de recherches approfondies. Approuv\u00e9 par les professionnels de la sant\u00e9 du monde entier, le tadalafil am\u00e9liore le flux sanguin vers le p\u00e9nis, garantissant des \u00e9rections fermes et durables.<\/p>\n<\/li>\n<li>\n<p class=\"p1\"><span class=\"s1\"><b>Effets durables :<\/b><\/span> Profitez jusqu'\u00e0 36 heures d'une fonction \u00e9rectile am\u00e9lior\u00e9e, permettant la spontan\u00e9it\u00e9 et de meilleures exp\u00e9riences sexuelles sans avoir besoin de programmer vos doses.<\/p>\n<\/li>\n<li>\n<p class=\"p1\"><span class=\"s1\"><b>D\u00e9but rapide :<\/b><\/span> Les effets se font sentir en 30 minutes seulement, ce qui vous donne la possibilit\u00e9 de r\u00e9pondre \u00e0 vos d\u00e9sirs le moment venu.<\/p>\n<\/li>\n<li>\n<p class=\"p1\"><span class=\"s1\"><b>Am\u00e9lioration de l'intimit\u00e9 :<\/b><\/span> Renforcez vos relations et votre confiance en vous gr\u00e2ce \u00e0 un soutien fiable en mati\u00e8re de performances sexuelles.<\/p>\n<\/li>\n<li>\n<p class=\"p1\"><span class=\"s1\"><b>S\u00fbre et fiable :<\/b><\/span> Fabriqu\u00e9 dans des installations de pointe, CareFill-10 r\u00e9pond \u00e0 des normes strictes de contr\u00f4le de la qualit\u00e9 afin de garantir \u00e0 la fois la s\u00e9curit\u00e9 et l'efficacit\u00e9.<\/p>\n<\/li>\n<\/ul>\n<p>&nbsp;<\/p>\n<p class=\"p2\">\n<hr \/>\n<p>&nbsp;<\/p>\n<p class=\"p2\">\n<h3><b>Comment fonctionne CareFill-10<\/b><\/h3>\n<p>&nbsp;<\/p>\n<p class=\"p1\">CareFill-10 agit en augmentant le flux sanguin vers le p\u00e9nis pendant la stimulation sexuelle. L'ingr\u00e9dient actif, le tadalafil, inhibe l'enzyme PDE5, qui peut restreindre le flux sanguin. En bloquant la PDE5, CareFill-10 aide \u00e0 maintenir une \u00e9rection suffisante pour l'activit\u00e9 sexuelle.<\/p>\n<p class=\"p2\">\n<hr \/>\n<p>&nbsp;<\/p>\n<p class=\"p2\">\n<h3><b>Dosage et utilisation<\/b><\/h3>\n<p>&nbsp;<\/p>\n<p class=\"p2\">\n<ul>\n<li>\n<p class=\"p1\">Prendre <span class=\"s1\"><b>un comprim\u00e9 CareFill-10<\/b><\/span> environ 30 minutes avant l'activit\u00e9 sexuelle.<\/p>\n<\/li>\n<li>\n<p class=\"p1\">Ne pas prendre plus de <span class=\"s1\"><b>un comprim\u00e9 par jour<\/b><\/span>.<\/p>\n<\/li>\n<li>\n<p class=\"p1\">Pour de meilleurs r\u00e9sultats, \u00e9vitez la consommation excessive d'alcool.<\/p>\n<\/li>\n<li>\n<p class=\"p1\">Consultez votre m\u00e9decin pour vous assurer que CareFill-10 vous convient.<\/p>\n<\/li>\n<\/ul>\n<p>&nbsp;<\/p>","protected":false},"excerpt":{"rendered":"<p class=\"p1\">Retrouvez la confiance et l'intimit\u00e9 avec <span class=\"s1\"><b>CareFill-10<\/b><\/span>. Formul\u00e9 avec du Tadalafil cliniquement prouv\u00e9, <span class=\"s1\"><b>CareFill-10<\/b><\/span>offre des effets durables allant jusqu'\u00e0 36 heures, une action rapide en seulement 30 minutes et un soutien fiable de la fonction \u00e9rectile. S\u00fbr, efficace et reconnu par les professionnels, <span class=\"s1\"><b>CareFill-10<\/b><\/span> est votre solution pour une meilleure performance sexuelle.<\/p>","protected":false},"featured_media":5786,"comment_status":"open","ping_status":"closed","template":"","meta":{"inline_featured_image":false},"product_brand":[],"product_cat":[201],"product_tag":[],"class_list":{"0":"post-5783","1":"product","2":"type-product","3":"status-publish","4":"has-post-thumbnail","6":"product_cat-sexual-health","8":"first","9":"instock","10":"sale","11":"shipping-taxable","12":"purchasable","13":"product-type-simple"},"_links":{"self":[{"href":"https:\/\/kamlife.me\/fr\/wp-json\/wp\/v2\/product\/5783","targetHints":{"allow":["GET"]}}],"collection":[{"href":"https:\/\/kamlife.me\/fr\/wp-json\/wp\/v2\/product"}],"about":[{"href":"https:\/\/kamlife.me\/fr\/wp-json\/wp\/v2\/types\/product"}],"replies":[{"embeddable":true,"href":"https:\/\/kamlife.me\/fr\/wp-json\/wp\/v2\/comments?post=5783"}],"wp:featuredmedia":[{"embeddable":true,"href":"https:\/\/kamlife.me\/fr\/wp-json\/wp\/v2\/media\/5786"}],"wp:attachment":[{"href":"https:\/\/kamlife.me\/fr\/wp-json\/wp\/v2\/media?parent=5783"}],"wp:term":[{"taxonomy":"product_brand","embeddable":true,"href":"https:\/\/kamlife.me\/fr\/wp-json\/wp\/v2\/product_brand?post=5783"},{"taxonomy":"product_cat","embeddable":true,"href":"https:\/\/kamlife.me\/fr\/wp-json\/wp\/v2\/product_cat?post=5783"},{"taxonomy":"product_tag","embeddable":true,"href":"https:\/\/kamlife.me\/fr\/wp-json\/wp\/v2\/product_tag?post=5783"}],"curies":[{"name":"wp","href":"https:\/\/api.w.org\/{rel}","templated":true}]}}