{"id":5787,"date":"2025-08-16T11:28:29","date_gmt":"2025-08-16T11:28:29","guid":{"rendered":"https:\/\/kamlife.me\/?post_type=product&#038;p=5787"},"modified":"2025-08-28T15:14:04","modified_gmt":"2025-08-28T15:14:04","slug":"carefill-80-mg-10-comprimes","status":"publish","type":"product","link":"https:\/\/kamlife.me\/fr\/produit\/carefill-80-mg-10-comprimes\/","title":{"rendered":"CAREFILL 80 MG - 10 COMPRIM\u00c9S"},"content":{"rendered":"<p class=\"p1\"><b>Carefill 80 mg - 10 Comprim\u00e9s<\/b><b><\/b><\/p>\n<p class=\"p3\">Carefill 80 mg est un compl\u00e9ment \u00e0 base de <span class=\"s1\"><b>Tadalafil<\/b><\/span>La substance active utilis\u00e9e dans le traitement de la dysfonction \u00e9rectile chez l'homme. Gr\u00e2ce \u00e0 son action, il permet d'obtenir et de maintenir une \u00e9rection naturelle et satisfaisante, exclusivement en pr\u00e9sence d'une stimulation sexuelle.<\/p>\n<p class=\"p4\">\n<hr \/>\n<p>&nbsp;<\/p>\n<p class=\"p4\">\n<h3><b>\u2705 <\/b><\/h3>\n<h3><b>Caract\u00e9ristiques principales<\/b><\/h3>\n<p>&nbsp;<\/p>\n<p class=\"p4\">\n<ul>\n<li>\n<p class=\"p1\"><span class=\"s1\"><b>Ingr\u00e9dient actif :<\/b><\/span> Tadalafil 80 mg par comprim\u00e9<\/p>\n<\/li>\n<li>\n<p class=\"p1\"><span class=\"s1\"><b>Emballage :<\/b><\/span> 10 comprim\u00e9s pellicul\u00e9s<\/p>\n<\/li>\n<li>\n<p class=\"p1\"><b>Dur\u00e9e de l'effet :<\/b><span class=\"s1\"> Jusqu'\u00e0 36 heures<\/span><\/p>\n<\/li>\n<li>\n<p class=\"p1\"><span class=\"s1\"><b>Action :<\/b><\/span> Absorption rapide, r\u00e9sultats efficaces et prolong\u00e9s<\/p>\n<\/li>\n<\/ul>\n<p>&nbsp;<\/p>\n<p class=\"p4\">\n<hr \/>\n<p>&nbsp;<\/p>\n<p class=\"p4\">\n<h3><b>\ud83c\udf1f <\/b><\/h3>\n<h3><b>Avantages<\/b><\/h3>\n<p>&nbsp;<\/p>\n<p class=\"p4\">\n<ul>\n<li>\n<p class=\"p1\">Favorise une fonction \u00e9rectile optimale<\/p>\n<\/li>\n<li>\n<p class=\"p1\">Effet prolong\u00e9, jusqu'\u00e0 36 heures (\"pilule du week-end\")<\/p>\n<\/li>\n<li>\n<p class=\"p1\">Permet une plus grande spontan\u00e9it\u00e9 dans l'activit\u00e9 sexuelle<\/p>\n<\/li>\n<li>\n<p class=\"p1\">Am\u00e9liore la confiance en soi et la satisfaction du couple<\/p>\n<\/li>\n<\/ul>\n<p>&nbsp;<\/p>\n<p class=\"p4\">\n<hr \/>\n<p>&nbsp;<\/p>\n<p class=\"p4\">\n<h3><b>\ud83d\udc8a <\/b><\/h3>\n<h3><b>Mode d'emploi<\/b><\/h3>\n<p>&nbsp;<\/p>\n<p class=\"p4\">\n<ul>\n<li>\n<p class=\"p1\"><span class=\"s1\">Prendre <\/span><b>1 comprim\u00e9 avec un verre d'eau<\/b><span class=\"s1\">, \u00e0 propos de <\/span><b>20 \u00e0 60 minutes avant l'activit\u00e9 sexuelle<\/b><span class=\"s1\">.<\/span><\/p>\n<\/li>\n<li>\n<p class=\"p1\">Ne pas d\u00e9passer la dose journali\u00e8re recommand\u00e9e.<\/p>\n<\/li>\n<\/ul>\n<p>&nbsp;<\/p>\n<p class=\"p4\">\n<hr \/>\n<p>&nbsp;<\/p>\n<p class=\"p4\">\n<h3><b>\u26a0\ufe0f <\/b><\/h3>\n<h3><b>Avertissements<\/b><\/h3>\n<p>&nbsp;<\/p>\n<p class=\"p4\">\n<ul>\n<li>\n<p class=\"p1\">R\u00e9serv\u00e9 aux hommes adultes.<\/p>\n<\/li>\n<li>\n<p class=\"p1\">Ne pas prendre en cas d'allergie au principe actif, de troubles cardiaques graves, d'utilisation concomitante de nitrates ou d'autres contre-indications m\u00e9dicales.<\/p>\n<\/li>\n<li>\n<p class=\"p1\">Consultez toujours votre m\u00e9decin avant de l'utiliser.<\/p>\n<\/li>\n<li>\n<p class=\"p1\">Tenir hors de port\u00e9e des enfants.<\/p>\n<\/li>\n<\/ul>\n<p>&nbsp;<\/p>\n<p class=\"p4\">\n<hr \/>\n<p>&nbsp;<\/p>\n<p class=\"p4\">\n<h3><b>\ud83d\udce6 <\/b><\/h3>\n<h3><b>Contenu de l'emballage<\/b><\/h3>\n<p>&nbsp;<\/p>\n<p class=\"p4\">\n<ul>\n<li>\n<p class=\"p1\"><b>Carefill 80 mg - plaquette thermoform\u00e9e de 10 comprim\u00e9s<\/b><\/p>\n<\/li>\n<\/ul>\n<p>&nbsp;<\/p>\n<p class=\"p3\">\ud83d\udc49 Avec Carefill 80 mg, red\u00e9couvrez le plaisir de la spontan\u00e9it\u00e9 et profitez de votre intimit\u00e9 avec plus de s\u00e9r\u00e9nit\u00e9 et de confiance.<\/p>","protected":false},"excerpt":{"rendered":"<p class=\"p1\"><b>Carefill 80 mg - 10 Comprim\u00e9s<\/b><b><\/b><\/p>\n<p class=\"p2\">Suppl\u00e9ment contenant 80 mg de tadalafil, indiqu\u00e9 pour le traitement de la dysfonction \u00e9rectile masculine. Fournit une \u00e9rection forte et durable jusqu'\u00e0 36 heures, favorisant la spontan\u00e9it\u00e9 et la confiance dans l'activit\u00e9 sexuelle.<\/p>","protected":false},"featured_media":5789,"comment_status":"open","ping_status":"closed","template":"","meta":{"inline_featured_image":false},"product_brand":[],"product_cat":[201],"product_tag":[],"class_list":{"0":"post-5787","1":"product","2":"type-product","3":"status-publish","4":"has-post-thumbnail","6":"product_cat-sexual-health","8":"first","9":"instock","10":"sale","11":"shipping-taxable","12":"purchasable","13":"product-type-simple"},"_links":{"self":[{"href":"https:\/\/kamlife.me\/fr\/wp-json\/wp\/v2\/product\/5787","targetHints":{"allow":["GET"]}}],"collection":[{"href":"https:\/\/kamlife.me\/fr\/wp-json\/wp\/v2\/product"}],"about":[{"href":"https:\/\/kamlife.me\/fr\/wp-json\/wp\/v2\/types\/product"}],"replies":[{"embeddable":true,"href":"https:\/\/kamlife.me\/fr\/wp-json\/wp\/v2\/comments?post=5787"}],"wp:featuredmedia":[{"embeddable":true,"href":"https:\/\/kamlife.me\/fr\/wp-json\/wp\/v2\/media\/5789"}],"wp:attachment":[{"href":"https:\/\/kamlife.me\/fr\/wp-json\/wp\/v2\/media?parent=5787"}],"wp:term":[{"taxonomy":"product_brand","embeddable":true,"href":"https:\/\/kamlife.me\/fr\/wp-json\/wp\/v2\/product_brand?post=5787"},{"taxonomy":"product_cat","embeddable":true,"href":"https:\/\/kamlife.me\/fr\/wp-json\/wp\/v2\/product_cat?post=5787"},{"taxonomy":"product_tag","embeddable":true,"href":"https:\/\/kamlife.me\/fr\/wp-json\/wp\/v2\/product_tag?post=5787"}],"curies":[{"name":"wp","href":"https:\/\/api.w.org\/{rel}","templated":true}]}}