{"id":562,"date":"2024-08-25T19:20:26","date_gmt":"2024-08-25T19:20:26","guid":{"rendered":"https:\/\/kamlife.me\/?page_id=562"},"modified":"2024-09-06T03:14:47","modified_gmt":"2024-09-06T03:14:47","slug":"about","status":"publish","type":"page","link":"https:\/\/kamlife.me\/it\/about\/","title":{"rendered":"About us"},"content":{"rendered":"<div data-elementor-type=\"wp-page\" data-elementor-id=\"562\" class=\"elementor elementor-562\" data-elementor-post-type=\"page\">\n\t\t\t\t<div class=\"elementor-element elementor-element-3921d59 e-flex e-con-boxed e-con e-parent\" data-id=\"3921d59\" data-element_type=\"container\" data-e-type=\"container\" data-settings=\"{&quot;background_background&quot;:&quot;classic&quot;}\">\n\t\t\t\t\t<div class=\"e-con-inner\">\n\t\t<div class=\"elementor-element elementor-element-0a67c94 e-flex e-con-boxed e-con e-child\" data-id=\"0a67c94\" data-element_type=\"container\" data-e-type=\"container\" data-settings=\"{&quot;background_background&quot;:&quot;classic&quot;}\">\n\t\t\t\t\t<div class=\"e-con-inner\">\n\t\t<div class=\"elementor-element elementor-element-55dde5a e-flex e-con-boxed e-con e-child\" data-id=\"55dde5a\" data-element_type=\"container\" data-e-type=\"container\">\n\t\t\t\t\t<div class=\"e-con-inner\">\n\t\t<div class=\"elementor-element elementor-element-00c4958 e-flex e-con-boxed e-con e-child\" data-id=\"00c4958\" data-element_type=\"container\" data-e-type=\"container\">\n\t\t\t\t\t<div class=\"e-con-inner\">\n\t\t\t\t<div class=\"elementor-element elementor-element-7a98e24 elementor-widget elementor-widget-woocommerce-breadcrumb\" data-id=\"7a98e24\" data-element_type=\"widget\" data-e-type=\"widget\" data-widget_type=\"woocommerce-breadcrumb.default\">\n\t\t\t\t<div class=\"elementor-widget-container\">\n\t\t\t\t\t<nav class=\"woocommerce-breadcrumb\" aria-label=\"Breadcrumb\" data-no-translation=\"\" data-trp-gettext=\"\">Casa<\/nav>\t\t\t\t<\/div>\n\t\t\t\t<\/div>\n\t\t\t\t<div class=\"elementor-element elementor-element-452919b elementor-widget elementor-widget-heading\" data-id=\"452919b\" data-element_type=\"widget\" data-e-type=\"widget\" data-widget_type=\"heading.default\">\n\t\t\t\t<div class=\"elementor-widget-container\">\n\t\t\t\t\t<h2 class=\"elementor-heading-title elementor-size-default\">Circa<\/h2>\t\t\t\t<\/div>\n\t\t\t\t<\/div>\n\t\t\t\t\t<\/div>\n\t\t\t\t<\/div>\n\t\t<div class=\"elementor-element elementor-element-e8b8131 e-flex e-con-boxed e-con e-child\" data-id=\"e8b8131\" data-element_type=\"container\" data-e-type=\"container\">\n\t\t\t\t\t<div class=\"e-con-inner\">\n\t\t\t\t<div class=\"elementor-element elementor-element-cbc12f3 elementor-widget elementor-widget-text-editor\" data-id=\"cbc12f3\" data-element_type=\"widget\" data-e-type=\"widget\" data-widget_type=\"text-editor.default\">\n\t\t\t\t<div class=\"elementor-widget-container\">\n\t\t\t\t\t\t\t\t\t<p><b>Kamlife<\/b><\/p><p>A <b>Kamlife<\/b>trasformiamo lo shopping online in qualcosa di straordinario. Ci impegniamo a fornire non solo un'ampia selezione di prodotti di alta qualit\u00e0, ma anche un servizio clienti impeccabile, assicurando un'esperienza di acquisto online tanto fluida quanto sicura.<\/p><p><b>Navigazione senza sforzo<\/b><\/p><p>Il nostro negozio online \u00e8 stato progettato all'insegna della semplicit\u00e0 e dell'intuizione. Dal primo clic fino al completamento dell'acquisto, la navigazione nel nostro sito \u00e8 un piacere e consente di trovare e acquistare i prodotti desiderati con un'efficienza senza pari.<\/p><p><b>Acquisto sicuro e rapido<\/b><\/p><p>Aggiungete i vostri articoli al carrello e scegliete tra diverse opzioni di pagamento sicure, sia con pagamento anticipato che con carta di credito. Riceverete aggiornamenti immediati sullo stato dell'ordine via e-mail, per essere sempre informati in ogni fase del processo.<\/p><p><b>Spedizione rapida ed efficiente<\/b><\/p><p>Siamo consapevoli dell'importanza della velocit\u00e0, per questo il nostro servizio di \"spedizione urgente\" garantisce che i vostri ordini vengano spediti il giorno stesso del pagamento, in modo che possiate godere dei vostri prodotti il prima possibile.<\/p><p><b>Servizio globale e personalizzato<\/b><\/p><p>Approfittate del nostro servizio gratuito (con costi locali applicabili in alcuni Paesi) per ottenere informazioni dettagliate su farmaci, integratori e prodotti per il benessere. Il nostro servizio clienti \u00e8 sempre disponibile per rispondere alle vostre domande senza lunghe attese.<\/p><p><b>Un'ampia gamma di prodotti<\/b><\/p><p>A <b>Kamlife<\/b>In questo sito troverete marchi globali rinomati come Pfizer e Bayer, oltre a opzioni esclusive di aziende generiche come Ajanta, che non troverete altrove. Se avete domande o richieste speciali, non esitate a contattarci; ogni messaggio viene considerato prioritario. Il nostro team \u00e8 pronto ad assistervi durante l'orario di lavoro.<\/p><p><b>Impegno per la qualit\u00e0 e la responsabilit\u00e0<\/b><\/p><p>A <b>Kamlife<\/b>Ci impegniamo a sostenervi nelle vostre decisioni sulla salute. Pur tenendo conto della privacy e dell'anonimato dei nostri consigli, non sostituiamo un consulto medico professionale. Consigliamo di consultare il proprio medico per affrontare in modo appropriato qualsiasi problema di salute.<\/p><p><b>Importante:<\/b> L'acquisto di farmaci online non sostituisce il consulto medico.<\/p>\t\t\t\t\t\t\t\t<\/div>\n\t\t\t\t<\/div>\n\t\t\t\t\t<\/div>\n\t\t\t\t<\/div>\n\t\t\t\t\t<\/div>\n\t\t\t\t<\/div>\n\t\t\t\t\t<\/div>\n\t\t\t\t<\/div>\n\t\t\t\t\t<\/div>\n\t\t\t\t<\/div>\n\t\t\t\t<\/div>","protected":false},"excerpt":{"rendered":"<p>About Kamlife At Kamlife, we turn online shopping into something extraordinary. We are dedicated to providing not only a broad selection of top-quality products but also impeccable customer service, ensuring an online shopping experience that is as smooth as it is secure. Effortless Navigation Our online store is designed with simplicity and intuition in mind. [&hellip;]<\/p>","protected":false},"author":3,"featured_media":0,"parent":0,"menu_order":0,"comment_status":"closed","ping_status":"closed","template":"elementor_header_footer","meta":{"inline_featured_image":false,"footnotes":""},"class_list":["post-562","page","type-page","status-publish","hentry"],"_links":{"self":[{"href":"https:\/\/kamlife.me\/it\/wp-json\/wp\/v2\/pages\/562","targetHints":{"allow":["GET"]}}],"collection":[{"href":"https:\/\/kamlife.me\/it\/wp-json\/wp\/v2\/pages"}],"about":[{"href":"https:\/\/kamlife.me\/it\/wp-json\/wp\/v2\/types\/page"}],"author":[{"embeddable":true,"href":"https:\/\/kamlife.me\/it\/wp-json\/wp\/v2\/users\/3"}],"replies":[{"embeddable":true,"href":"https:\/\/kamlife.me\/it\/wp-json\/wp\/v2\/comments?post=562"}],"version-history":[{"count":7,"href":"https:\/\/kamlife.me\/it\/wp-json\/wp\/v2\/pages\/562\/revisions"}],"predecessor-version":[{"id":6238,"href":"https:\/\/kamlife.me\/it\/wp-json\/wp\/v2\/pages\/562\/revisions\/6238"}],"wp:attachment":[{"href":"https:\/\/kamlife.me\/it\/wp-json\/wp\/v2\/media?parent=562"}],"curies":[{"name":"wp","href":"https:\/\/api.w.org\/{rel}","templated":true}]}}