{"id":671,"date":"2024-08-25T20:30:21","date_gmt":"2024-08-25T20:30:21","guid":{"rendered":"https:\/\/kamlife.me\/?page_id=671"},"modified":"2024-09-06T03:14:07","modified_gmt":"2024-09-06T03:14:07","slug":"cookies","status":"publish","type":"page","link":"https:\/\/kamlife.me\/it\/cookies\/","title":{"rendered":"Biscotti"},"content":{"rendered":"<div data-elementor-type=\"wp-page\" data-elementor-id=\"671\" class=\"elementor elementor-671\" data-elementor-post-type=\"page\">\n\t\t\t\t<div class=\"elementor-element elementor-element-2275752 e-flex e-con-boxed e-con e-parent\" data-id=\"2275752\" data-element_type=\"container\" data-e-type=\"container\" data-settings=\"{&quot;background_background&quot;:&quot;classic&quot;}\">\n\t\t\t\t\t<div class=\"e-con-inner\">\n\t\t<div class=\"elementor-element elementor-element-365c127 e-flex e-con-boxed e-con e-child\" data-id=\"365c127\" data-element_type=\"container\" data-e-type=\"container\" data-settings=\"{&quot;background_background&quot;:&quot;classic&quot;}\">\n\t\t\t\t\t<div class=\"e-con-inner\">\n\t\t<div class=\"elementor-element elementor-element-14b8529 e-flex e-con-boxed e-con e-child\" data-id=\"14b8529\" data-element_type=\"container\" data-e-type=\"container\">\n\t\t\t\t\t<div class=\"e-con-inner\">\n\t\t<div class=\"elementor-element elementor-element-9f145c6 e-flex e-con-boxed e-con e-child\" data-id=\"9f145c6\" data-element_type=\"container\" data-e-type=\"container\">\n\t\t\t\t\t<div class=\"e-con-inner\">\n\t\t\t\t<div class=\"elementor-element elementor-element-599b22a elementor-widget elementor-widget-woocommerce-breadcrumb\" data-id=\"599b22a\" data-element_type=\"widget\" data-e-type=\"widget\" data-widget_type=\"woocommerce-breadcrumb.default\">\n\t\t\t\t<div class=\"elementor-widget-container\">\n\t\t\t\t\t<nav class=\"woocommerce-breadcrumb\" aria-label=\"Breadcrumb\" data-no-translation=\"\" data-trp-gettext=\"\">Casa<\/nav>\t\t\t\t<\/div>\n\t\t\t\t<\/div>\n\t\t\t\t<div class=\"elementor-element elementor-element-2b13b22 elementor-widget elementor-widget-heading\" data-id=\"2b13b22\" data-element_type=\"widget\" data-e-type=\"widget\" data-widget_type=\"heading.default\">\n\t\t\t\t<div class=\"elementor-widget-container\">\n\t\t\t\t\t<h2 class=\"elementor-heading-title elementor-size-default\">Biscotti<\/h2>\t\t\t\t<\/div>\n\t\t\t\t<\/div>\n\t\t\t\t\t<\/div>\n\t\t\t\t<\/div>\n\t\t<div class=\"elementor-element elementor-element-3bf0ba0 e-flex e-con-boxed e-con e-child\" data-id=\"3bf0ba0\" data-element_type=\"container\" data-e-type=\"container\">\n\t\t\t\t\t<div class=\"e-con-inner\">\n\t\t\t\t<div class=\"elementor-element elementor-element-1cde23e elementor-widget elementor-widget-text-editor\" data-id=\"1cde23e\" data-element_type=\"widget\" data-e-type=\"widget\" data-widget_type=\"text-editor.default\">\n\t\t\t\t<div class=\"elementor-widget-container\">\n\t\t\t\t\t\t\t\t\t<p><b>1. Introduzione<\/b><\/p><p>La presente Informativa sui cookie spiega come Kamlife.me (\"noi\", \"nostro\", \"ci\") utilizza i cookie e tecnologie simili per riconoscervi quando visitate il nostro sito web [Kamlife.me] e come potete gestire le vostre preferenze sui cookie. Utilizzando il nostro sito web, l'utente acconsente all'utilizzo dei cookie da parte di Kamlife.me come descritto nella presente informativa.<\/p><p><b>2. Cosa sono i cookie?<\/b><\/p><p>I cookie sono piccoli file di testo che vengono inseriti nel vostro dispositivo (computer, smartphone, tablet) quando visitate un sito web. Ci aiutano a riconoscere il vostro dispositivo e a migliorare la vostra esperienza di navigazione ricordando le vostre preferenze e fornendovi contenuti personalizzati.<\/p><p><b>3. Tipi di cookie utilizzati<\/b><\/p><p><b>3.1. Cookie essenziali<\/b><\/p><p>Questi cookie sono necessari per il corretto funzionamento del sito web. Consentono funzioni di base come la navigazione delle pagine, le aree sicure del sito e la possibilit\u00e0 di effettuare ordini. Senza questi cookie, alcuni servizi del nostro sito web potrebbero non essere disponibili.<\/p><p><b>3.2. Cookie di prestazione<\/b><\/p><p>Questi cookie raccolgono informazioni sull'utilizzo del nostro sito web, come ad esempio le pagine visitate pi\u00f9 spesso e gli eventuali messaggi di errore ricevuti. Ci aiutano a migliorare le prestazioni e la funzionalit\u00e0 del nostro sito web.<\/p><p><b>3.3. Cookie funzionali<\/b><\/p><p>Questi cookie consentono al sito web di ricordare le preferenze e le scelte dell'utente, come il nome utente, la lingua o la regione. Migliorano l'esperienza dell'utente fornendo funzioni e contenuti personalizzati.<\/p><p><b>3.4. Cookie di targeting e pubblicit\u00e0<\/b><\/p><p>Questi cookie vengono utilizzati per fornire pubblicit\u00e0 pertinenti ai vostri interessi e per misurare l'efficacia delle nostre campagne di marketing. Possono anche essere utilizzati per tracciare le vostre abitudini di navigazione su diversi siti web.<\/p><p><b>4. Come utilizziamo i cookie<\/b><\/p><p>Utilizziamo i cookie per i seguenti scopi:<\/p><p>-Per ricordare le informazioni di accesso e le preferenze dell'utente.<\/p><p>-Per analizzare l'utilizzo del sito web e migliorare l'esperienza dell'utente.<\/p><p>-Per fornire pubblicit\u00e0 mirata e misurare l'efficacia dei nostri sforzi di marketing.<\/p><p><b>5. Cookie di terze parti<\/b><\/p><p>Possiamo anche utilizzare cookie di terze parti di partner e fornitori di servizi che ci aiutano ad analizzare il traffico del sito web, a gestire la pubblicit\u00e0 e a fornire ulteriori funzionalit\u00e0. Queste terze parti possono raccogliere informazioni sulle vostre attivit\u00e0 online su diversi siti.<\/p><p><b>6. Gestione dei cookie<\/b><\/p><p>\u00c8 possibile gestire le preferenze relative ai cookie attraverso le impostazioni del browser. La maggior parte dei browser consente di controllare i cookie attraverso le loro impostazioni, ad esempio bloccando o eliminando i cookie. Tuttavia, si noti che la disabilitazione dei cookie potrebbe compromettere la possibilit\u00e0 di utilizzare alcune funzioni del nostro sito web.<\/p><p>Per ulteriori informazioni su come gestire i cookie nei browser pi\u00f9 diffusi, \u00e8 possibile visitare i seguenti link:<\/p><p>-<a href=\"https:\/\/support.google.com\/chrome\/answer\/95647?hl=en\" target=\"_blank\" rel=\"noopener\">Google Chrome<\/a><\/p><p>-<a href=\"https:\/\/support.mozilla.org\/en-US\/kb\/enable-and-disable-cookies-website-preferences\" target=\"_blank\" rel=\"noopener\">Mozilla Firefox<\/a><\/p><p>-<a href=\"https:\/\/support.apple.com\/en-us\/HT201265\" target=\"_blank\" rel=\"noopener\">Safari<\/a><\/p><p>-<a href=\"https:\/\/support.microsoft.com\/en-us\/help\/4468242\/microsoft-edge-browsing-data-and-privacy\" target=\"_blank\" rel=\"noopener\">Microsoft Edge<\/a><\/p><p><b>7. Modifiche alla presente Politica sui cookie<\/b><\/p><p>La presente Politica sui cookie pu\u00f2 essere aggiornata di tanto in tanto. Eventuali modifiche saranno pubblicate su questa pagina con una data di entrata in vigore aggiornata. L'uso continuato del nostro sito web dopo eventuali modifiche costituisce l'accettazione della politica aggiornata.<\/p>\t\t\t\t\t\t\t\t<\/div>\n\t\t\t\t<\/div>\n\t\t\t\t\t<\/div>\n\t\t\t\t<\/div>\n\t\t\t\t\t<\/div>\n\t\t\t\t<\/div>\n\t\t\t\t\t<\/div>\n\t\t\t\t<\/div>\n\t\t\t\t\t<\/div>\n\t\t\t\t<\/div>\n\t\t\t\t<\/div>","protected":false},"excerpt":{"rendered":"<p>Cookies 1. Introduction This Cookies Policy explains how Kamlife.me (\u201cwe,\u201d \u201cour,\u201d \u201cus\u201d) uses cookies and similar technologies to recognize you when you visit our website [Kamlife.me] and how you can manage your cookie preferences. By using our website, you consent to our use of cookies as described in this policy. 2. What Are Cookies? Cookies [&hellip;]<\/p>","protected":false},"author":3,"featured_media":0,"parent":0,"menu_order":0,"comment_status":"closed","ping_status":"closed","template":"elementor_header_footer","meta":{"inline_featured_image":false,"footnotes":""},"class_list":["post-671","page","type-page","status-publish","hentry"],"_links":{"self":[{"href":"https:\/\/kamlife.me\/it\/wp-json\/wp\/v2\/pages\/671","targetHints":{"allow":["GET"]}}],"collection":[{"href":"https:\/\/kamlife.me\/it\/wp-json\/wp\/v2\/pages"}],"about":[{"href":"https:\/\/kamlife.me\/it\/wp-json\/wp\/v2\/types\/page"}],"author":[{"embeddable":true,"href":"https:\/\/kamlife.me\/it\/wp-json\/wp\/v2\/users\/3"}],"replies":[{"embeddable":true,"href":"https:\/\/kamlife.me\/it\/wp-json\/wp\/v2\/comments?post=671"}],"version-history":[{"count":6,"href":"https:\/\/kamlife.me\/it\/wp-json\/wp\/v2\/pages\/671\/revisions"}],"predecessor-version":[{"id":2670,"href":"https:\/\/kamlife.me\/it\/wp-json\/wp\/v2\/pages\/671\/revisions\/2670"}],"wp:attachment":[{"href":"https:\/\/kamlife.me\/it\/wp-json\/wp\/v2\/media?parent=671"}],"curies":[{"name":"wp","href":"https:\/\/api.w.org\/{rel}","templated":true}]}}