{"id":2882,"date":"2024-09-19T12:36:35","date_gmt":"2024-09-19T12:36:35","guid":{"rendered":"https:\/\/kamlife.me\/?post_type=product&#038;p=2882"},"modified":"2026-02-07T20:09:57","modified_gmt":"2026-02-07T20:09:57","slug":"vitara-v-20mg","status":"publish","type":"product","link":"https:\/\/kamlife.me\/it\/prodotto\/vitara-v-20mg\/","title":{"rendered":"Vitara V 20 mg"},"content":{"rendered":"<h2><span id=\"Vitara_v20_Vardenafil_by_Signature_Pharmaceuticals_Limited\">Introduzione a Vitara V 20 mg\u00a0<\/span><\/h2>\n<p>Le compresse di Vitara V 20 mg sono tra i farmaci che vengono somministrati per via orale agli uomini che soffrono di\u00a0<a href=\"https:\/\/24x7pharma.com\/erectile-dysfunction-ed\/\" target=\"_blank\" rel=\"noopener\">disfunzione erettile<\/a>. Questo farmaco appartiene alla famiglia dei farmaci PDE5 o inibitore della fosfodiesterasi di tipo 5.<\/p>\n<h3><span id=\"What_to_Use_It_For\" class=\"ez-toc-section\"><\/span><span id=\"What_to_Use_It_For\">Per cosa usarlo?<\/span><\/h3>\n<p>Vitara V 20 mg \u00e8 utilizzato principalmente per il trattamento della disfunzione erettile (DE) negli uomini. Il farmaco \u00e8 utilizzato anche per il trattamento di\u00a0<a href=\"https:\/\/medlineplus.gov\/ency\/article\/002378.htm\" target=\"_blank\" rel=\"nofollow noopener\">epatico<\/a>\u00a0e insufficienza renale, ma \u00e8 necessaria la prescrizione del medico.<\/p>\n<h3><span id=\"Dosages_of_Vitara_V_20_mg\" class=\"ez-toc-section\"><\/span><span id=\"Vitara_V20_Recommended_Dosage\">Dosaggi di Vitara V 20 mg<\/span><\/h3>\n<p>Per evitare gravi effetti collaterali, i pazienti devono assicurarsi di rispettare il dosaggio corretto. Per la maggior parte dei pazienti, la dose iniziale raccomandata per l'assunzione di Vitara \u00e8 di 10 mg. Deve essere assunta per via orale al bisogno, se possibile 60 minuti prima di intraprendere qualsiasi attivit\u00e0 sessuale. Il dosaggio pu\u00f2 essere aumentato fino a una dose massima di 20 mg. Pu\u00f2 anche essere diminuita a 5 mg, a seconda dell'efficacia del farmaco o degli effetti collaterali.<\/p>\n<p>Per la maggior parte dei pazienti, la frequenza massima di dosaggio raccomandata per Vitara v 20 \u00e8 di 1 volta al giorno. Tuttavia, affinch\u00e9 il paziente risponda bene agli effetti del farmaco, \u00e8 necessaria una stimolazione sessuale.<\/p>\n<h3><span id=\"Side_Effects\">Effetti collaterali di Vitara V 20 mg<\/span><\/h3>\n<p>Alcuni degli effetti collaterali pi\u00f9 comuni di Vitara v 20 sono dispepsia, vampate di calore, cefalea e perdita improvvisa dell'udito, rinite, effetti cardiovascolari e prolungamento del QT. Esistono anche effetti collaterali meno comuni legati all'assunzione del farmaco. Questi includono dolore al braccio, alla schiena, alla mascella e al petto. Pu\u00f2 anche provocare sudorazione fredda, raffreddore, confusione, svenimento, cecit\u00e0, vertigini e difficolt\u00e0 di deglutizione.<\/p>\n<p>Si possono verificare anche mal di testa, ronzio nelle orecchie, nausea, respirazione elaborata, lacrimazione e vomito.<\/p>\n<p>Come conservare e smaltire Vitara v 20<\/p>\n<ul>\n<li>Il farmaco deve essere conservato a temperatura ambiente.<\/li>\n<li>Deve essere tenuto lontano dalla luce del sole.<\/li>\n<li>Non conservare in bagno o in altre aree ad alta umidit\u00e0.<\/li>\n<li>Assicurarsi di conservarlo in un luogo asciutto.<\/li>\n<li>Conservare sempre i farmaci in un luogo sicuro. Teneteli fuori dalla portata dei bambini. Devono essere tenuti lontani anche dagli animali domestici.<\/li>\n<li>I farmaci inutilizzati o scaduti devono essere smaltiti correttamente. Non gettare mai i farmaci nel water o nello scarico.<\/li>\n<li>Consultare il farmacista per ulteriori consigli sul corretto smaltimento dei farmaci.<\/li>\n<li>Verificate se nella vostra zona esiste un programma di ritiro dei farmaci. In caso affermativo, smaltite i farmaci attraverso di essi.<\/li>\n<\/ul>\n<h3><span id=\"Consumer_Information\" class=\"ez-toc-section\"><\/span><span id=\"Consumer_Information\">Informazioni per i consumatori<\/span><\/h3>\n<ul>\n<li>Se i problemi sessuali non scompaiono dopo aver assunto il farmaco per qualche tempo, \u00e8 meglio parlarne con il medico. Inoltre, se si nota che i sintomi peggiorano invece di migliorare, \u00e8 necessario interrompere immediatamente l'assunzione del farmaco e parlarne con il medico.<\/li>\n<li>Evitare di condividere i farmaci con altre persone e non assumere i farmaci di altre persone, anche se destinati al trattamento della disfunzione erettile.<\/li>\n<li>Alcuni farmaci possono essere accompagnati da raccomandazioni destinate a un altro paziente e non a voi.<\/li>\n<li>Consultare sempre il farmacista se non si \u00e8 sicuri del modo corretto di assumere il farmaco. Potete anche rivolgervi al vostro medico per sapere se il farmaco \u00e8 adatto a voi o meno.<\/li>\n<li>In caso di overdose, \u00e8 necessario contattare immediatamente il centro antiveleni locale. Rivolgetevi subito a un medico. Assicuratevi di informarli di tutto quello che \u00e8 successo. Dite loro quanto avete assunto, quando avete preso i farmaci, ecc. In questo modo potranno elaborare un piano di trattamento adeguato.<\/li>\n<\/ul>\n<h3><span id=\"Precautions\" class=\"ez-toc-section\"><\/span><span id=\"Precautions\">Precauzioni<\/span><\/h3>\n<p>Prima di assumere Vitara v 20, \u00e8 necessario fissare un appuntamento con il proprio medico. Il medico pu\u00f2 effettuare un test per determinare la causa di fondo della disfunzione erettile. Per coloro che soffrono di pressione arteriosa o di malattie cardiovascolari, \u00e8 meglio informare il medico. Si dovrebbe evitare di assumere il farmaco insieme a pompelmi o a qualsiasi altro alimento ad alto contenuto alcolico, poich\u00e9 questi alimenti potrebbero potenziare gli effetti collaterali del farmaco. Ma prima di decidere di interrompere l'assunzione del farmaco, \u00e8 meglio parlarne con il proprio medico.<\/p>","protected":false},"excerpt":{"rendered":"<p>Introduction to Vitara V 20 mg\u00a0 Vitara V 20 mg tablets are among those medications that are being administered orally on men who suffer from\u00a0erectile dysfunction. This drug belongs to the PDE5 family of drugs or the phosphodiesterase type 5 inhibitor. What to Use It For? Vitara V 20 mg is used mainly for the [&hellip;]<\/p>","protected":false},"featured_media":2883,"comment_status":"open","ping_status":"closed","template":"","meta":{"inline_featured_image":false},"product_brand":[],"product_cat":[199],"product_tag":[],"class_list":{"0":"post-2882","1":"product","2":"type-product","3":"status-publish","4":"has-post-thumbnail","6":"product_cat-enhancers","8":"first","9":"outofstock","10":"shipping-taxable","11":"purchasable","12":"product-type-simple"},"_links":{"self":[{"href":"https:\/\/kamlife.me\/it\/wp-json\/wp\/v2\/product\/2882","targetHints":{"allow":["GET"]}}],"collection":[{"href":"https:\/\/kamlife.me\/it\/wp-json\/wp\/v2\/product"}],"about":[{"href":"https:\/\/kamlife.me\/it\/wp-json\/wp\/v2\/types\/product"}],"replies":[{"embeddable":true,"href":"https:\/\/kamlife.me\/it\/wp-json\/wp\/v2\/comments?post=2882"}],"wp:featuredmedia":[{"embeddable":true,"href":"https:\/\/kamlife.me\/it\/wp-json\/wp\/v2\/media\/2883"}],"wp:attachment":[{"href":"https:\/\/kamlife.me\/it\/wp-json\/wp\/v2\/media?parent=2882"}],"wp:term":[{"taxonomy":"product_brand","embeddable":true,"href":"https:\/\/kamlife.me\/it\/wp-json\/wp\/v2\/product_brand?post=2882"},{"taxonomy":"product_cat","embeddable":true,"href":"https:\/\/kamlife.me\/it\/wp-json\/wp\/v2\/product_cat?post=2882"},{"taxonomy":"product_tag","embeddable":true,"href":"https:\/\/kamlife.me\/it\/wp-json\/wp\/v2\/product_tag?post=2882"}],"curies":[{"name":"wp","href":"https:\/\/api.w.org\/{rel}","templated":true}]}}