{"id":2923,"date":"2024-09-25T11:15:02","date_gmt":"2024-09-25T11:15:02","guid":{"rendered":"https:\/\/kamlife.me\/?post_type=product&#038;p=2923"},"modified":"2026-01-02T11:27:46","modified_gmt":"2026-01-02T11:27:46","slug":"10-x-confezione-kamagra-oral-jelly-100mg-70-gele","status":"publish","type":"product","link":"https:\/\/kamlife.me\/it\/prodotto\/10-x-confezione-kamagra-oral-jelly-100mg-70-gele\/","title":{"rendered":"10 x confezione Kamagra Oral Jelly 100mg (70 Gele)"},"content":{"rendered":"<div class=\"description\">\n<p class=\"p1\">\n<h3><b>Panoramica<\/b><\/h3>\n<p class=\"p3\">Questa \u00e8 un'offerta speciale per un ordine di Kamagra Oral Jelly 100mg al miglior prezzo sul mercato attuale. Non esitate e acquistate il farmaco finch\u00e9 dura l'offerta!<\/p>\n<p class=\"p3\">Il Kamagra Oral Jelly \u00e8 un trattamento popolare ed efficace per la disfunzione erettile. A differenza delle compresse, difficili da inghiottire, il farmaco pu\u00f2 essere semplicemente spremuto su un cucchiaio e deglutito facilmente. Kamagra Oral Jelly \u00e8 prodotto clinicamente in camera bianca da Ajanta Pharma.<\/p>\n<p class=\"p3\">Il principio attivo di Kamagra Oral Jelly \u00e8 il citrato di Sildenafil. Appartiene alla famiglia dei vasodilatatori PDE-5. Questi farmaci agiscono dilatando i vasi sanguigni del corpo, in particolare nell'area genitale. Ci\u00f2 consente un flusso sanguigno pi\u00f9 intenso che permette l'erezione.<\/p>\n<p class=\"p3\">Il gel viene assorbito rapidamente dall'organismo e i pazienti riferiscono tempi di risposta pi\u00f9 rapidi a partire da 20 minuti. La durata effettiva del trattamento del farmaco \u00e8 di 4-6 ore, anche se molti medici generici riferiscono effetti pi\u00f9 prolungati. I pazienti che utilizzano Kamagra Oral Jelly riferiscono regolarmente di aver avuto successo nell'attivit\u00e0 sessuale e generalmente continuano il trattamento.<\/p>\n<p class=\"p3\">Kamagra Oral Jelly \u00e8 disponibile in una variet\u00e0 di gusti, che possono includere menta, cioccolato, banana, arancia, mango, fragola, ananas e vaniglia. Ogni ordine viene spedito con una selezione di gusti misti. Purtroppo non possiamo inviare gusti specifici.<\/p>\n<p class=\"p3\">Il farmaco non \u00e8 afrodisiaco e per raggiungere l'erezione \u00e8 necessaria una stimolazione.<\/p>\n<p class=\"p1\">\n<h3><b>Informazioni importanti<\/b><\/h3>\n<p class=\"p3\">Per ottenere il massimo dal trattamento, leggere attentamente quanto segue:<\/p>\n<p class=\"p1\">\n<ul>\n<li>\n<p class=\"p1\">La dose sicura indicata di Kamagra Oral Jelly in un periodo di 24 ore \u00e8 di 100 mg (1 bustina).<\/p>\n<\/li>\n<li>\n<p class=\"p1\">Il farmaco diventa efficace 20 minuti dopo la somministrazione.<\/p>\n<\/li>\n<li>\n<p class=\"p1\">La durata effettiva del trattamento \u00e8 di 4-6 ore.<\/p>\n<\/li>\n<li>\n<p class=\"p1\">Assumere sempre il farmaco con un abbondante bicchiere d'acqua.<\/p>\n<\/li>\n<li>\n<p class=\"p1\">Evitare pasti pesanti o grassi nel momento in cui si prevede di assumere il farmaco.<\/p>\n<\/li>\n<li>\n<p class=\"p1\">L'alcol riduce l'efficacia del farmaco.<\/p>\n<\/li>\n<li>\n<p class=\"p1\">Se si verificano effetti collaterali, interrompere immediatamente l'assunzione del farmaco e consultare un medico professionista.<\/p>\n<\/li>\n<\/ul>\n<p>&nbsp;<\/p>\n<\/div>","protected":false},"excerpt":{"rendered":"<p>Overview This is a special offer for an order of Kamagra Oral Jelly 100mg at the best price on the current market. Don\u2019t hesitate and buy the medication while the offer lasts! Kamagra Oral Jelly is a popular and effective treatment for erectile dysfunction. Unlike tablets that are hard to swallow, the medication can simply [&hellip;]<\/p>","protected":false},"featured_media":1316,"comment_status":"open","ping_status":"closed","template":"","meta":{"inline_featured_image":false},"product_brand":[206],"product_cat":[201],"product_tag":[],"class_list":{"0":"post-2923","1":"product","2":"type-product","3":"status-publish","4":"has-post-thumbnail","6":"product_brand-kamagra","7":"product_cat-sexual-health","9":"first","10":"instock","11":"sale","12":"shipping-taxable","13":"purchasable","14":"product-type-simple"},"_links":{"self":[{"href":"https:\/\/kamlife.me\/it\/wp-json\/wp\/v2\/product\/2923","targetHints":{"allow":["GET"]}}],"collection":[{"href":"https:\/\/kamlife.me\/it\/wp-json\/wp\/v2\/product"}],"about":[{"href":"https:\/\/kamlife.me\/it\/wp-json\/wp\/v2\/types\/product"}],"replies":[{"embeddable":true,"href":"https:\/\/kamlife.me\/it\/wp-json\/wp\/v2\/comments?post=2923"}],"wp:featuredmedia":[{"embeddable":true,"href":"https:\/\/kamlife.me\/it\/wp-json\/wp\/v2\/media\/1316"}],"wp:attachment":[{"href":"https:\/\/kamlife.me\/it\/wp-json\/wp\/v2\/media?parent=2923"}],"wp:term":[{"taxonomy":"product_brand","embeddable":true,"href":"https:\/\/kamlife.me\/it\/wp-json\/wp\/v2\/product_brand?post=2923"},{"taxonomy":"product_cat","embeddable":true,"href":"https:\/\/kamlife.me\/it\/wp-json\/wp\/v2\/product_cat?post=2923"},{"taxonomy":"product_tag","embeddable":true,"href":"https:\/\/kamlife.me\/it\/wp-json\/wp\/v2\/product_tag?post=2923"}],"curies":[{"name":"wp","href":"https:\/\/api.w.org\/{rel}","templated":true}]}}