{"id":3065,"date":"2024-10-14T14:15:56","date_gmt":"2024-10-14T14:15:56","guid":{"rendered":"https:\/\/kamlife.me\/?post_type=product&#038;p=3065"},"modified":"2025-08-28T17:27:48","modified_gmt":"2025-08-28T17:27:48","slug":"3065","status":"publish","type":"product","link":"https:\/\/kamlife.me\/it\/prodotto\/3065\/","title":{"rendered":"CareForce Sildenafil Compressa 150 mg"},"content":{"rendered":"<div class=\"product-description break-word\">\n<p class=\"p1\"><b>10 Careforce 150 mg Compresse<\/b><b><\/b><\/p>\n<p class=\"p2\"><i>Viagra generico con Sildenafil<\/i><i><\/i><\/p>\n<p class=\"p3\">\n<hr \/>\n<p>&nbsp;<\/p>\n<p class=\"p3\">\n<h3><b>CAREFORCE 150 mg Compresse<\/b><\/h3>\n<p>&nbsp;<\/p>\n<p class=\"p1\"><b>Articolo su Sildenafil: Tutto quello che c'\u00e8 da sapere su Careforce 150 mg<\/b><b><\/b><\/p>\n<p class=\"p1\"><b>Descrizione:<\/b><b><\/b><\/p>\n<p class=\"p2\">Careforce 150 mg \u00e8 un farmaco Viagra generico contenente sildenafil, ampiamente utilizzato per il trattamento della disfunzione erettile (DE) negli uomini. La DE \u00e8 una condizione comune che colpisce gli uomini di tutto il mondo, compromettendo la loro capacit\u00e0 di mantenere erezioni soddisfacenti durante l'attivit\u00e0 sessuale. Questo articolo fornisce le informazioni principali su Careforce 150 mg, il suo meccanismo d'azione, le istruzioni per l'uso e i possibili effetti collaterali.<\/p>\n<p class=\"p3\">\n<hr \/>\n<p>&nbsp;<\/p>\n<p class=\"p3\">\n<h3><b>Meccanismo d'azione:<\/b><\/h3>\n<p>&nbsp;<\/p>\n<p class=\"p2\">La DE \u00e8 caratterizzata principalmente da un insufficiente afflusso di sangue al pene, che rende difficile mantenere l'erezione. Il sildenafil, il principio attivo di Careforce 150 mg, agisce inibendo l'enzima PDE5, che aumenta i livelli di GMP ciclico, essenziale per mantenere l'erezione. Questo farmaco migliora il flusso sanguigno, aiutando gli uomini a raggiungere e mantenere un'erezione stabile. \u00c8 importante notare che Careforce 150 mg ha una durata d'azione prolungata, pari a <span class=\"s2\"><b>fino a 36 ore<\/b><\/span>e questo la rende una scelta popolare per il trattamento della DE.<\/p>\n<p class=\"p3\">\n<hr \/>\n<p>&nbsp;<\/p>\n<p class=\"p3\">\n<h3><b>Istruzioni per l'uso:<\/b><\/h3>\n<p>&nbsp;<\/p>\n<p class=\"p3\">\n<ul>\n<li>\n<p class=\"p1\">Assumere una compressa di Careforce 150 mg per via orale con un bicchiere pieno d'acqua, <span class=\"s1\"><b>30-60 minuti prima dell'attivit\u00e0 sessuale<\/b><\/span>.<\/p>\n<\/li>\n<li>\n<p class=\"p1\">Seguire sempre le raccomandazioni di dosaggio del medico.<\/p>\n<\/li>\n<li>\n<p class=\"p1\">Non superare il limite di dose raccomandato per <span class=\"s1\"><b>una compressa al giorno<\/b><\/span>.<\/p>\n<\/li>\n<li>\n<p class=\"p1\">Per ottenere risultati ottimali, assumere a stomaco vuoto o dopo un pasto leggero.<\/p>\n<\/li>\n<\/ul>\n<p>&nbsp;<\/p>\n<p class=\"p3\">\n<hr \/>\n<p>&nbsp;<\/p>\n<p class=\"p3\">\n<h3><b>Effetti collaterali:<\/b><\/h3>\n<p>&nbsp;<\/p>\n<p class=\"p2\">L'uso di Careforce 150 mg pu\u00f2 causare alcuni effetti collaterali lievi, come:<\/p>\n<p class=\"p3\">\n<ul>\n<li>\n<p class=\"p1\">Mal di testa<\/p>\n<\/li>\n<li>\n<p class=\"p1\">Dolore muscolare<\/p>\n<\/li>\n<li>\n<p class=\"p1\">Arrossamento del viso<\/p>\n<\/li>\n<li>\n<p class=\"p1\">Congestione nasale<\/p>\n<\/li>\n<\/ul>\n<p>&nbsp;<\/p>\n<p class=\"p2\">Di solito questi effetti scompaiono con il tempo o con l'adattamento dell'organismo al farmaco. Tuttavia, se gli effetti collaterali persistono o diventano fastidiosi, consultare il medico.<\/p>\n<p class=\"p3\">\n<hr \/>\n<p>&nbsp;<\/p>\n<p class=\"p3\">\n<h3><b>Domande frequenti:<\/b><\/h3>\n<p>&nbsp;<\/p>\n<p class=\"p1\"><b>In quanto tempo Careforce 150 mg funziona per la DE?<\/b><b><\/b><\/p>\n<p class=\"p2\">In genere, inizia a funzionare entro <span class=\"s2\"><b>30 minuti<\/b><\/span> e dura fino a <span class=\"s2\"><b>36 ore<\/b><\/span>.<\/p>\n<p class=\"p1\"><b>\u00c8 sicuro da usare in caso di patologie cardiache?<\/b><b><\/b><\/p>\n<p class=\"p2\">Prima di usare Careforce 150 mg, informate sempre il vostro medico di qualsiasi condizione cardiaca, per assicurarvi che sia sicuro per voi.<\/p>\n<p class=\"p1\"><b>Posso usare questo farmaco se ho il diabete?<\/b><b><\/b><\/p>\n<p class=\"p2\">S\u00ec, Careforce 150 mg pu\u00f2 essere assunto dai pazienti diabetici, ma i livelli di glucosio devono essere monitorati durante l'uso.<\/p>\n<p class=\"p3\">\n<hr \/>\n<p>&nbsp;<\/p>\n<p class=\"p3\">\n<h3><b>Conclusione:<\/b><\/h3>\n<p>&nbsp;<\/p>\n<p class=\"p2\">Careforce 150 mg \u00e8 un'opzione efficace per il trattamento della disfunzione erettile, grazie al suo principio attivo, il sildenafil. Tuttavia, \u00e8 essenziale seguire le indicazioni del medico per quanto riguarda l'uso corretto, il dosaggio e i potenziali effetti collaterali.<\/p>\n<p class=\"p3\">\n<hr \/>\n<p>&nbsp;<\/p>\n<p class=\"p3\">\n<h3><b>Avviso importante:<\/b><\/h3>\n<p>&nbsp;<\/p>\n<p class=\"p2\">Nel caso in cui il prodotto richiesto sia esaurito, sar\u00e0 possibile sostituirlo con il prodotto <span class=\"s2\"><b>stessa composizione ed effetto terapeutico<\/b><\/span> pu\u00f2 essere fornito, anche se ha un aspetto diverso. I farmaci generici contengono la stessa formula e gli stessi ingredienti, garantendo la stessa efficacia. Le differenze di nome, colore, forma e confezione riflettono solo il marchio del produttore. Le foto potrebbero non corrispondere esattamente al prodotto fornito a causa delle variazioni tra produttori e lotti di produzione.<\/p>\n<p class=\"p2\"><span class=\"s2\"><b>Marchio:<\/b><\/span> Farmacia CARECLUB<\/p>\n<\/div>\n<div class=\"table-product-attributes margin-bottom margin-top\">\n<div class=\"table-responsive\"><\/div>\n<\/div>","protected":false},"excerpt":{"rendered":"<p>Il sildenafil tratta la disfunzione erettile aumentando il flusso sanguigno al pene durante la stimolazione sessuale. Questo aumento del flusso sanguigno pu\u00f2 causare un'erezione.<\/p>","protected":false},"featured_media":3066,"comment_status":"open","ping_status":"closed","template":"","meta":{"inline_featured_image":false},"product_brand":[208],"product_cat":[201],"product_tag":[],"class_list":{"0":"post-3065","1":"product","2":"type-product","3":"status-publish","4":"has-post-thumbnail","6":"product_brand-careforce","7":"product_cat-sexual-health","9":"first","10":"instock","11":"sale","12":"shipping-taxable","13":"purchasable","14":"product-type-simple"},"_links":{"self":[{"href":"https:\/\/kamlife.me\/it\/wp-json\/wp\/v2\/product\/3065","targetHints":{"allow":["GET"]}}],"collection":[{"href":"https:\/\/kamlife.me\/it\/wp-json\/wp\/v2\/product"}],"about":[{"href":"https:\/\/kamlife.me\/it\/wp-json\/wp\/v2\/types\/product"}],"replies":[{"embeddable":true,"href":"https:\/\/kamlife.me\/it\/wp-json\/wp\/v2\/comments?post=3065"}],"wp:featuredmedia":[{"embeddable":true,"href":"https:\/\/kamlife.me\/it\/wp-json\/wp\/v2\/media\/3066"}],"wp:attachment":[{"href":"https:\/\/kamlife.me\/it\/wp-json\/wp\/v2\/media?parent=3065"}],"wp:term":[{"taxonomy":"product_brand","embeddable":true,"href":"https:\/\/kamlife.me\/it\/wp-json\/wp\/v2\/product_brand?post=3065"},{"taxonomy":"product_cat","embeddable":true,"href":"https:\/\/kamlife.me\/it\/wp-json\/wp\/v2\/product_cat?post=3065"},{"taxonomy":"product_tag","embeddable":true,"href":"https:\/\/kamlife.me\/it\/wp-json\/wp\/v2\/product_tag?post=3065"}],"curies":[{"name":"wp","href":"https:\/\/api.w.org\/{rel}","templated":true}]}}