{"id":4399,"date":"2025-03-19T11:21:55","date_gmt":"2025-03-19T11:21:55","guid":{"rendered":"https:\/\/kamlife.me\/?post_type=product&#038;p=4399"},"modified":"2025-08-28T17:28:24","modified_gmt":"2025-08-28T17:28:24","slug":"magpharm-trenbolone-acetato-100-mg-30-ml","status":"publish","type":"product","link":"https:\/\/kamlife.me\/it\/prodotto\/magpharm-trenbolone-acetato-100-mg-30-ml\/","title":{"rendered":"MagPharm Trenbolone Acetato 100 mg 10 ml"},"content":{"rendered":"<div class=\"flex max-w-full flex-col flex-grow\">\n<div class=\"min-h-8 text-message relative flex w-full flex-col items-end gap-2 whitespace-normal break-words text-start [.text-message+&amp;]:mt-5\" dir=\"auto\" data-message-author-role=\"assistant\" data-message-id=\"a1aa78b1-7320-4143-b20b-8db752b97e7f\" data-message-model-slug=\"gpt-4o\">\n<div class=\"flex w-full flex-col gap-1 empty:hidden first:pt-[3px]\">\n<div class=\"markdown prose w-full break-words dark:prose-invert light\">\n<p class=\"p1\"><b>Trenbolone Acetato 100 mg 10 ml - Descrizione<\/b><b><\/b><\/p>\n<p class=\"p3\">Il trenbolone acetato \u00e8 uno degli steroidi anabolizzanti pi\u00f9 potenti e pi\u00f9 utilizzati nel bodybuilding e nel powerlifting. \u00c8 noto per i suoi effetti anabolizzanti e androgeni estremamente forti, che favoriscono un aumento significativo della massa muscolare, della forza e della definizione.<\/p>\n<p class=\"p4\">\n<hr \/>\n<p>&nbsp;<\/p>\n<p class=\"p4\">\n<h3><b>Caratteristiche principali<\/b><\/h3>\n<p>&nbsp;<\/p>\n<p class=\"p4\">\n<ul>\n<li>\n<p class=\"p1\"><span class=\"s1\"><b>Composizione:<\/b><\/span> Trenbolone acetato 100 mg\/ml<\/p>\n<\/li>\n<li>\n<p class=\"p1\"><b>Volume:<\/b><span class=\"s1\"> 10 ml<\/span><\/p>\n<\/li>\n<li>\n<p class=\"p1\"><span class=\"s1\"><b>Via di somministrazione:<\/b><\/span> Iniezione intramuscolare<\/p>\n<\/li>\n<\/ul>\n<p>&nbsp;<\/p>\n<p class=\"p4\">\n<hr \/>\n<p>&nbsp;<\/p>\n<p class=\"p4\">\n<h3><b>Vantaggi<\/b><\/h3>\n<p>&nbsp;<\/p>\n<p class=\"p3\">\u2705 Aumento della massa muscolare magra senza ritenzione idrica<\/p>\n<p class=\"p3\">\u2705 Aumento della forza e della resistenza<\/p>\n<p class=\"p3\">\u2705 Effetto brucia-grassi (favorisce la perdita di grasso preservando la massa muscolare)<\/p>\n<p class=\"p3\">\u2705 Miglioramento della vascolarizzazione e della durezza muscolare<\/p>\n<p class=\"p3\">\u2705 Aumento della produzione di IGF-1, un fattore di crescita muscolare<\/p>\n<p class=\"p3\">\u2705 Nessuna conversione in estrogeni, evitando la ginecomastia<\/p>\n<p class=\"p4\">\n<hr \/>\n<p>&nbsp;<\/p>\n<p class=\"p4\">\n<h3><b>Possibili effetti collaterali<\/b><\/h3>\n<p>&nbsp;<\/p>\n<p class=\"p3\">\u26a0\ufe0f Soppressione del testosterone naturale (\u00e8 necessaria la PCT)<\/p>\n<p class=\"p3\">\u26a0\ufe0f Forti effetti androgeni (acne, perdita di capelli in soggetti predisposti)<\/p>\n<p class=\"p3\">\u26a0\ufe0f Aumento dell'aggressivit\u00e0 e possibili sbalzi d'umore<\/p>\n<p class=\"p3\">\u26a0\ufe0f Sudorazione notturna e insonnia<\/p>\n<p class=\"p4\">\n<hr \/>\n<p>&nbsp;<\/p>\n<p class=\"p4\">\n<h3><b>Uso consigliato<\/b><\/h3>\n<p>&nbsp;<\/p>\n<p class=\"p3\">Spesso utilizzato nei cicli di bulking e cutting, in combinazione con altri steroidi.<\/p>\n<p class=\"p3\">Il dosaggio tipico varia da 50-100 mg a giorni alterni per 6-8 settimane.<\/p>\n<p class=\"p3\">Richiede sempre una terapia post-ciclo (PCT) per ripristinare i livelli ormonali naturali.<\/p>\n<p class=\"p3\">\u26a0\ufe0f <span class=\"s2\"><b>Nota:<\/b><\/span> Il Trenbolone Acetato \u00e8 riservato agli atleti di livello avanzato e deve essere usato con cautela a causa dei suoi potenti effetti e dei rischi per la salute.<\/p>\n<p class=\"p4\">\n<hr \/>\n<p>&nbsp;<\/p>\n<p class=\"p4\">\n<h3><b>Cicli di esempio con Trenbolone Acetato (100 mg\/ml)<\/b><\/h3>\n<p>&nbsp;<\/p>\n<p class=\"p3\">\u26a0\ufe0f <span class=\"s2\"><b>Importante:<\/b><\/span> Il Trenbolone Acetato \u00e8 estremamente potente e non \u00e8 adatto ai principianti. Chi lo usa deve avere gi\u00e0 esperienza con gli steroidi anabolizzanti e seguire una PCT adeguata per ripristinare la produzione naturale di testosterone.<\/p>\n<p class=\"p4\">\n<h4><b>Ciclo base (8 settimane) - Massa magra e definizione<\/b><\/h4>\n<p>&nbsp;<\/p>\n<p class=\"p3\">\u2705 Ideale per utenti intermedi che cercano di aumentare la massa magra e la forza senza ritenzione idrica.<\/p>\n<table>\n<thead>\n<tr>\n<th>\n<p class=\"p1\"><b>Settimana<\/b><\/p>\n<\/th>\n<th>\n<p class=\"p1\"><b>Trenbolone acetato<\/b><\/p>\n<\/th>\n<th>\n<p class=\"p1\"><b>Testosterone propionato<\/b><\/p>\n<\/th>\n<th>\n<p class=\"p1\"><b>Arimidex (AI)<\/b><\/p>\n<\/th>\n<th>\n<p class=\"p1\"><b>Cabergolina (se necessario)<\/b><\/p>\n<\/th>\n<\/tr>\n<\/thead>\n<tbody>\n<tr>\n<td>\n<p class=\"p1\">1-8<\/p>\n<\/td>\n<td>\n<p class=\"p1\">75 mg EOD<\/p>\n<\/td>\n<td>\n<p class=\"p1\">100 mg EOD<\/p>\n<\/td>\n<td>\n<p class=\"p1\">0,5 mg EOD<\/p>\n<\/td>\n<td>\n<p class=\"p1\">0,25 mg 2 volte a settimana<\/p>\n<\/td>\n<\/tr>\n<tr>\n<td>\n<p class=\"p1\">9-10<\/p>\n<\/td>\n<td>\n<p class=\"p1\">PCT: attendere 3-4 giorni prima di iniziare<\/p>\n<\/td>\n<td>\n<p class=\"p1\">-<\/p>\n<\/td>\n<td>\n<p class=\"p1\">-<\/p>\n<\/td>\n<td>\n<p class=\"p1\">-<\/p>\n<\/td>\n<\/tr>\n<\/tbody>\n<\/table>\n<p class=\"p1\">\n<h4><b>Ciclo avanzato (10 settimane) - Massa e forza estrema<\/b><\/h4>\n<p>&nbsp;<\/p>\n<p class=\"p3\">\u2705 Indicato per gli utenti avanzati che hanno esperienza con gli steroidi forti.<\/p>\n<table>\n<thead>\n<tr>\n<th>\n<p class=\"p1\"><b>Settimana<\/b><\/p>\n<\/th>\n<th>\n<p class=\"p1\"><b>Trenbolone acetato<\/b><\/p>\n<\/th>\n<th>\n<p class=\"p1\"><b>Testosterone propionato<\/b><\/p>\n<\/th>\n<th>\n<p class=\"p1\"><b>Masteron propionato<\/b><\/p>\n<\/th>\n<th>\n<p class=\"p1\"><b>Arimidex (AI)<\/b><\/p>\n<\/th>\n<th>\n<p class=\"p1\"><b>Cabergolina (se necessario)<\/b><\/p>\n<\/th>\n<\/tr>\n<\/thead>\n<tbody>\n<tr>\n<td>\n<p class=\"p1\">1-10<\/p>\n<\/td>\n<td>\n<p class=\"p1\">100 mg EOD<\/p>\n<\/td>\n<td>\n<p class=\"p1\">100 mg EOD<\/p>\n<\/td>\n<td>\n<p class=\"p1\">100 mg EOD<\/p>\n<\/td>\n<td>\n<p class=\"p1\">0,5 mg EOD<\/p>\n<\/td>\n<td>\n<p class=\"p1\">0,25 mg 2 volte a settimana<\/p>\n<\/td>\n<\/tr>\n<tr>\n<td>\n<p class=\"p1\">11-12<\/p>\n<\/td>\n<td>\n<p class=\"p1\">PCT: attendere 3-4 giorni prima di iniziare<\/p>\n<\/td>\n<td>\n<p class=\"p1\">-<\/p>\n<\/td>\n<td>\n<p class=\"p1\">-<\/p>\n<\/td>\n<td>\n<p class=\"p1\">-<\/p>\n<\/td>\n<td>\n<p class=\"p1\">-<\/p>\n<\/td>\n<\/tr>\n<\/tbody>\n<\/table>\n<p class=\"p1\">\n<hr \/>\n<p>&nbsp;<\/p>\n<p class=\"p1\">\n<h3><b>Terapia post-ciclo (PCT)<\/b><\/h3>\n<h3><b> - Essenziale per ripristinare il testosterone naturale<\/b><\/h3>\n<p>&nbsp;<\/p>\n<table>\n<thead>\n<tr>\n<th>\n<p class=\"p1\"><b>Settimana<\/b><\/p>\n<\/th>\n<th>\n<p class=\"p1\"><b>Clomid<\/b><\/p>\n<\/th>\n<th>\n<p class=\"p1\"><b>Nolvadex<\/b><\/p>\n<\/th>\n<th>\n<p class=\"p1\"><b>HCG (se utilizzato)<\/b><\/p>\n<\/th>\n<\/tr>\n<\/thead>\n<tbody>\n<tr>\n<td>\n<p class=\"p1\">1<\/p>\n<\/td>\n<td>\n<p class=\"p1\">100 mg\/giorno<\/p>\n<\/td>\n<td>\n<p class=\"p1\">40 mg\/giorno<\/p>\n<\/td>\n<td>\n<p class=\"p1\">500-1000 UI 3 volte a settimana<\/p>\n<\/td>\n<\/tr>\n<tr>\n<td>\n<p class=\"p1\">2<\/p>\n<\/td>\n<td>\n<p class=\"p1\">50 mg\/giorno<\/p>\n<\/td>\n<td>\n<p class=\"p1\">40 mg\/giorno<\/p>\n<\/td>\n<td>\n<p class=\"p1\">500-1000 UI 3 volte a settimana<\/p>\n<\/td>\n<\/tr>\n<tr>\n<td>\n<p class=\"p1\">3-4<\/p>\n<\/td>\n<td>\n<p class=\"p1\">50 mg\/giorno<\/p>\n<\/td>\n<td>\n<p class=\"p1\">20 mg\/giorno<\/p>\n<\/td>\n<td>\n<p class=\"p1\">-<\/p>\n<\/td>\n<\/tr>\n<\/tbody>\n<\/table>\n<p class=\"p1\">\n<hr \/>\n<p>&nbsp;<\/p>\n<p class=\"p1\">\n<h3><b>Considerazioni importanti<\/b><\/h3>\n<p>&nbsp;<\/p>\n<p class=\"p3\">\ud83d\udd39 Il trenbolone acetato ha un'emivita breve (48 ore), quindi le iniezioni a giorni alterni sono obbligatorie.<\/p>\n<p class=\"p3\">\ud83d\udd39 L'uso di <span class=\"s2\"><b>Arimidex (AI)<\/b><\/span> \u00e8 consigliato per controllare gli estrogeni e ridurre il rischio di ginecomastia.<\/p>\n<p class=\"p3\">\ud83d\udd39 <span class=\"s2\"><b>Cabergolina<\/b><\/span> aiuta a gestire la prolattina, che il Trenbolone pu\u00f2 aumentare.<\/p>\n<p class=\"p3\">\ud83d\udd39 Dieta e allenamento devono essere perfettamente strutturati per ottenere i migliori risultati.<\/p>\n<p class=\"p3\">\u26a0\ufe0f <span class=\"s2\"><b>Attenzione:<\/b><\/span> Il trenbolone \u00e8 estremamente potente e pu\u00f2 causare effetti collaterali come sudorazione notturna, insonnia, aumento dell'aggressivit\u00e0 e affaticamento cardiovascolare. Usare con cautela e solo con una preparazione adeguata.<\/p>\n<\/div>\n<\/div>\n<\/div>\n<\/div>\n<p>&nbsp;<\/p>","protected":false},"excerpt":{"rendered":"<p class=\"p1\">Il Trenbolone Acetato \u00e8 uno degli steroidi anabolizzanti pi\u00f9 potenti e pi\u00f9 utilizzati nel bodybuilding e nel powerlifting. \u00c8 noto per i suoi effetti anabolizzanti e androgeni estremamente forti, che favoriscono un aumento significativo della massa muscolare, della forza e della definizione.<\/p>\n<h4 data-start=\"354\" data-end=\"392\"><\/h4>","protected":false},"featured_media":4400,"comment_status":"open","ping_status":"closed","template":"","meta":{"inline_featured_image":false},"product_brand":[210],"product_cat":[200],"product_tag":[184,183,185],"class_list":{"0":"post-4399","1":"product","2":"type-product","3":"status-publish","4":"has-post-thumbnail","6":"product_brand-magpharm","7":"product_cat-steroids","8":"product_tag-bulk","9":"product_tag-testosterone","10":"product_tag-weight-loss","12":"first","13":"instock","14":"shipping-taxable","15":"purchasable","16":"product-type-simple"},"_links":{"self":[{"href":"https:\/\/kamlife.me\/it\/wp-json\/wp\/v2\/product\/4399","targetHints":{"allow":["GET"]}}],"collection":[{"href":"https:\/\/kamlife.me\/it\/wp-json\/wp\/v2\/product"}],"about":[{"href":"https:\/\/kamlife.me\/it\/wp-json\/wp\/v2\/types\/product"}],"replies":[{"embeddable":true,"href":"https:\/\/kamlife.me\/it\/wp-json\/wp\/v2\/comments?post=4399"}],"wp:featuredmedia":[{"embeddable":true,"href":"https:\/\/kamlife.me\/it\/wp-json\/wp\/v2\/media\/4400"}],"wp:attachment":[{"href":"https:\/\/kamlife.me\/it\/wp-json\/wp\/v2\/media?parent=4399"}],"wp:term":[{"taxonomy":"product_brand","embeddable":true,"href":"https:\/\/kamlife.me\/it\/wp-json\/wp\/v2\/product_brand?post=4399"},{"taxonomy":"product_cat","embeddable":true,"href":"https:\/\/kamlife.me\/it\/wp-json\/wp\/v2\/product_cat?post=4399"},{"taxonomy":"product_tag","embeddable":true,"href":"https:\/\/kamlife.me\/it\/wp-json\/wp\/v2\/product_tag?post=4399"}],"curies":[{"name":"wp","href":"https:\/\/api.w.org\/{rel}","templated":true}]}}