{"id":562,"date":"2024-08-25T19:20:26","date_gmt":"2024-08-25T19:20:26","guid":{"rendered":"https:\/\/kamlife.me\/?page_id=562"},"modified":"2024-09-06T03:14:47","modified_gmt":"2024-09-06T03:14:47","slug":"about","status":"publish","type":"page","link":"https:\/\/kamlife.me\/pt\/about\/","title":{"rendered":"About us"},"content":{"rendered":"<div data-elementor-type=\"wp-page\" data-elementor-id=\"562\" class=\"elementor elementor-562\" data-elementor-post-type=\"page\">\n\t\t\t\t<div class=\"elementor-element elementor-element-3921d59 e-flex e-con-boxed e-con e-parent\" data-id=\"3921d59\" data-element_type=\"container\" data-e-type=\"container\" data-settings=\"{&quot;background_background&quot;:&quot;classic&quot;}\">\n\t\t\t\t\t<div class=\"e-con-inner\">\n\t\t<div class=\"elementor-element elementor-element-0a67c94 e-flex e-con-boxed e-con e-child\" data-id=\"0a67c94\" data-element_type=\"container\" data-e-type=\"container\" data-settings=\"{&quot;background_background&quot;:&quot;classic&quot;}\">\n\t\t\t\t\t<div class=\"e-con-inner\">\n\t\t<div class=\"elementor-element elementor-element-55dde5a e-flex e-con-boxed e-con e-child\" data-id=\"55dde5a\" data-element_type=\"container\" data-e-type=\"container\">\n\t\t\t\t\t<div class=\"e-con-inner\">\n\t\t<div class=\"elementor-element elementor-element-00c4958 e-flex e-con-boxed e-con e-child\" data-id=\"00c4958\" data-element_type=\"container\" data-e-type=\"container\">\n\t\t\t\t\t<div class=\"e-con-inner\">\n\t\t\t\t<div class=\"elementor-element elementor-element-7a98e24 elementor-widget elementor-widget-woocommerce-breadcrumb\" data-id=\"7a98e24\" data-element_type=\"widget\" data-e-type=\"widget\" data-widget_type=\"woocommerce-breadcrumb.default\">\n\t\t\t\t<div class=\"elementor-widget-container\">\n\t\t\t\t\t<nav class=\"woocommerce-breadcrumb\" aria-label=\"Breadcrumb\" data-no-translation=\"\" data-trp-gettext=\"\">In\u00edcio<\/nav>\t\t\t\t<\/div>\n\t\t\t\t<\/div>\n\t\t\t\t<div class=\"elementor-element elementor-element-452919b elementor-widget elementor-widget-heading\" data-id=\"452919b\" data-element_type=\"widget\" data-e-type=\"widget\" data-widget_type=\"heading.default\">\n\t\t\t\t<div class=\"elementor-widget-container\">\n\t\t\t\t\t<h2 class=\"elementor-heading-title elementor-size-default\">Sobre<\/h2>\t\t\t\t<\/div>\n\t\t\t\t<\/div>\n\t\t\t\t\t<\/div>\n\t\t\t\t<\/div>\n\t\t<div class=\"elementor-element elementor-element-e8b8131 e-flex e-con-boxed e-con e-child\" data-id=\"e8b8131\" data-element_type=\"container\" data-e-type=\"container\">\n\t\t\t\t\t<div class=\"e-con-inner\">\n\t\t\t\t<div class=\"elementor-element elementor-element-cbc12f3 elementor-widget elementor-widget-text-editor\" data-id=\"cbc12f3\" data-element_type=\"widget\" data-e-type=\"widget\" data-widget_type=\"text-editor.default\">\n\t\t\t\t<div class=\"elementor-widget-container\">\n\t\t\t\t\t\t\t\t\t<p><b>Kamlife<\/b><\/p><p>Em <b>Kamlife<\/b>, transformamos as compras online em algo extraordin\u00e1rio. Dedicamo-nos a fornecer n\u00e3o s\u00f3 uma vasta sele\u00e7\u00e3o de produtos de alta qualidade, mas tamb\u00e9m um servi\u00e7o ao cliente impec\u00e1vel, assegurando uma experi\u00eancia de compras online que \u00e9 t\u00e3o f\u00e1cil como segura.<\/p><p><b>Navega\u00e7\u00e3o sem esfor\u00e7o<\/b><\/p><p>A nossa loja online foi concebida a pensar na simplicidade e na intui\u00e7\u00e3o. Desde o primeiro clique at\u00e9 \u00e0 conclus\u00e3o da compra, a navega\u00e7\u00e3o no nosso site \u00e9 um prazer, tornando mais f\u00e1cil encontrar e comprar os produtos que deseja com uma efici\u00eancia inigual\u00e1vel.<\/p><p><b>Compras seguras e r\u00e1pidas<\/b><\/p><p>Adicione os seus artigos ao carrinho e escolha entre v\u00e1rias op\u00e7\u00f5es de pagamento seguro, quer atrav\u00e9s de pr\u00e9-pagamento ou cart\u00e3o de cr\u00e9dito. Receber\u00e1 actualiza\u00e7\u00f5es imediatas sobre o estado da sua encomenda por correio eletr\u00f3nico, garantindo que est\u00e1 sempre informado em cada passo do processo.<\/p><p><b>Envio r\u00e1pido e eficiente<\/b><\/p><p>Compreendemos a import\u00e2ncia da rapidez, e \u00e9 por isso que o nosso servi\u00e7o de \"envio urgente\" garante que as suas encomendas s\u00e3o enviadas no mesmo dia do pagamento, para que possa desfrutar dos seus produtos o mais rapidamente poss\u00edvel.<\/p><p><b>Servi\u00e7o global e personalizado<\/b><\/p><p>Tire partido do nosso servi\u00e7o gratuito (com taxas locais aplic\u00e1veis em alguns pa\u00edses) para obter informa\u00e7\u00f5es detalhadas sobre medicamentos, suplementos e produtos de bem-estar. A nossa equipa de apoio ao cliente est\u00e1 sempre dispon\u00edvel para responder \u00e0s suas perguntas sem longas esperas.<\/p><p><b>Uma vasta gama de produtos<\/b><\/p><p>Em <b>Kamlife<\/b>No nosso site, encontrar\u00e1 marcas mundiais de renome, como a Pfizer e a Bayer, bem como op\u00e7\u00f5es exclusivas de empresas de gen\u00e9ricos, como a Ajanta, que n\u00e3o encontrar\u00e1 noutro local. Se tiver alguma d\u00favida ou pedido especial, n\u00e3o hesite em contactar-nos; todas as mensagens t\u00eam prioridade. A nossa equipa est\u00e1 pronta para o ajudar durante o hor\u00e1rio de expediente.<\/p><p><b>Compromisso de qualidade e responsabilidade<\/b><\/p><p>Em <b>Kamlife<\/b>Estamos empenhados em apoi\u00e1-lo nas suas decis\u00f5es de sa\u00fade. Embora valorizemos a privacidade e o anonimato nos nossos conselhos, n\u00e3o substitu\u00edmos a consulta m\u00e9dica profissional. Recomendamos que consulte o seu m\u00e9dico para resolver adequadamente quaisquer problemas de sa\u00fade.<\/p><p><b>Importante:<\/b> A compra de medicamentos em linha n\u00e3o substitui uma consulta m\u00e9dica.<\/p>\t\t\t\t\t\t\t\t<\/div>\n\t\t\t\t<\/div>\n\t\t\t\t\t<\/div>\n\t\t\t\t<\/div>\n\t\t\t\t\t<\/div>\n\t\t\t\t<\/div>\n\t\t\t\t\t<\/div>\n\t\t\t\t<\/div>\n\t\t\t\t\t<\/div>\n\t\t\t\t<\/div>\n\t\t\t\t<\/div>","protected":false},"excerpt":{"rendered":"<p>About Kamlife At Kamlife, we turn online shopping into something extraordinary. We are dedicated to providing not only a broad selection of top-quality products but also impeccable customer service, ensuring an online shopping experience that is as smooth as it is secure. Effortless Navigation Our online store is designed with simplicity and intuition in mind. [&hellip;]<\/p>","protected":false},"author":3,"featured_media":0,"parent":0,"menu_order":0,"comment_status":"closed","ping_status":"closed","template":"elementor_header_footer","meta":{"inline_featured_image":false,"footnotes":""},"class_list":["post-562","page","type-page","status-publish","hentry"],"_links":{"self":[{"href":"https:\/\/kamlife.me\/pt\/wp-json\/wp\/v2\/pages\/562","targetHints":{"allow":["GET"]}}],"collection":[{"href":"https:\/\/kamlife.me\/pt\/wp-json\/wp\/v2\/pages"}],"about":[{"href":"https:\/\/kamlife.me\/pt\/wp-json\/wp\/v2\/types\/page"}],"author":[{"embeddable":true,"href":"https:\/\/kamlife.me\/pt\/wp-json\/wp\/v2\/users\/3"}],"replies":[{"embeddable":true,"href":"https:\/\/kamlife.me\/pt\/wp-json\/wp\/v2\/comments?post=562"}],"version-history":[{"count":7,"href":"https:\/\/kamlife.me\/pt\/wp-json\/wp\/v2\/pages\/562\/revisions"}],"predecessor-version":[{"id":6238,"href":"https:\/\/kamlife.me\/pt\/wp-json\/wp\/v2\/pages\/562\/revisions\/6238"}],"wp:attachment":[{"href":"https:\/\/kamlife.me\/pt\/wp-json\/wp\/v2\/media?parent=562"}],"curies":[{"name":"wp","href":"https:\/\/api.w.org\/{rel}","templated":true}]}}