{"id":1204,"date":"2024-08-31T23:43:50","date_gmt":"2024-08-31T23:43:50","guid":{"rendered":"https:\/\/kamlife.me\/?post_type=product&#038;p=1204"},"modified":"2025-08-25T23:30:40","modified_gmt":"2025-08-25T23:30:40","slug":"abhiforce-100","status":"publish","type":"product","link":"https:\/\/kamlife.me\/pt\/produto\/abhiforce-100\/","title":{"rendered":"AbhiForce 100 (Sildenafil)"},"content":{"rendered":"<p><b>UTILIZA\u00c7\u00d5ES:<\/b> O sildenafil \u00e9 utilizado para tratar a disfun\u00e7\u00e3o er\u00e9til (DE), aumentando o fluxo sangu\u00edneo para o p\u00e9nis durante a estimula\u00e7\u00e3o sexual. Funciona atrav\u00e9s do relaxamento dos vasos sangu\u00edneos do p\u00e9nis, permitindo uma ere\u00e7\u00e3o mais firme e duradoura.<\/p>\n<p><b>ARMAZENAMENTO:<\/b> Conservar \u00e0 temperatura ambiente, longe do calor excessivo e da humidade. Manter fora do alcance das crian\u00e7as.<\/p>\n<p><b>DOSES:<\/b> Consultar o m\u00e9dico para saber a dosagem adequada.<\/p>\n<p><b>EFEITOS SECUND\u00c1RIOS:<\/b> Os efeitos secund\u00e1rios poss\u00edveis incluem dores de cabe\u00e7a, rubor, indigest\u00e3o, congest\u00e3o nasal, tonturas e altera\u00e7\u00f5es da vis\u00e3o.<\/p>","protected":false},"excerpt":{"rendered":"<p><strong>AbhiForce 100<\/strong> \u00e9 um medicamento gen\u00e9rico utilizado para tratar a disfun\u00e7\u00e3o er\u00e9til. Cont\u00e9m Sildenafil, que ajuda a aumentar o fluxo sangu\u00edneo para o p\u00e9nis.<\/p>","protected":false},"featured_media":1205,"comment_status":"open","ping_status":"closed","template":"","meta":{"inline_featured_image":false},"product_brand":[],"product_cat":[201],"product_tag":[99,97,100,98],"class_list":{"0":"post-1204","1":"product","2":"type-product","3":"status-publish","4":"has-post-thumbnail","6":"product_cat-sexual-health","7":"product_tag-100mg","8":"product_tag-erectile-dysfunction","9":"product_tag-oral-tablets","10":"product_tag-sildenafil","12":"first","13":"outofstock","14":"shipping-taxable","15":"purchasable","16":"product-type-simple"},"_links":{"self":[{"href":"https:\/\/kamlife.me\/pt\/wp-json\/wp\/v2\/product\/1204","targetHints":{"allow":["GET"]}}],"collection":[{"href":"https:\/\/kamlife.me\/pt\/wp-json\/wp\/v2\/product"}],"about":[{"href":"https:\/\/kamlife.me\/pt\/wp-json\/wp\/v2\/types\/product"}],"replies":[{"embeddable":true,"href":"https:\/\/kamlife.me\/pt\/wp-json\/wp\/v2\/comments?post=1204"}],"wp:featuredmedia":[{"embeddable":true,"href":"https:\/\/kamlife.me\/pt\/wp-json\/wp\/v2\/media\/1205"}],"wp:attachment":[{"href":"https:\/\/kamlife.me\/pt\/wp-json\/wp\/v2\/media?parent=1204"}],"wp:term":[{"taxonomy":"product_brand","embeddable":true,"href":"https:\/\/kamlife.me\/pt\/wp-json\/wp\/v2\/product_brand?post=1204"},{"taxonomy":"product_cat","embeddable":true,"href":"https:\/\/kamlife.me\/pt\/wp-json\/wp\/v2\/product_cat?post=1204"},{"taxonomy":"product_tag","embeddable":true,"href":"https:\/\/kamlife.me\/pt\/wp-json\/wp\/v2\/product_tag?post=1204"}],"curies":[{"name":"wp","href":"https:\/\/api.w.org\/{rel}","templated":true}]}}