{"id":1254,"date":"2024-09-01T02:55:41","date_gmt":"2024-09-01T02:55:41","guid":{"rendered":"https:\/\/kamlife.me\/?post_type=product&#038;p=1254"},"modified":"2025-08-28T17:28:04","modified_gmt":"2025-08-28T17:28:04","slug":"cenforce-10-x-200mg-generic-viagra","status":"publish","type":"product","link":"https:\/\/kamlife.me\/pt\/produto\/cenforce-10-x-200mg-generic-viagra\/","title":{"rendered":"Cenforce 10 x 100mg - Gen\u00e9ricos Viagra"},"content":{"rendered":"<p><b>UTILIZA\u00c7\u00d5ES:<\/b> Cenforce 200mg is a generic form of Viagra used to treat erectile dysfunction. It contains Sildenafil and helps improve blood flow to the penis.<\/p>\n<p><b>ARMAZENAMENTO:<\/b> Store in a cool, dry place away from children.<\/p>\n<p><b>DOSES:<\/b> Follow your doctor\u2019s advice regarding dosage.<\/p>\n<p><b>EFEITOS SECUND\u00c1RIOS:<\/b> Possible side effects include headache, flushing, dizziness, and stomach upset.<\/p>","protected":false},"excerpt":{"rendered":"<p class=\"p1\">Cenforce 100 mg is a high-strength version of Sildenafil, recommended for severe cases of erectile dysfunction.<\/p>","protected":false},"featured_media":1225,"comment_status":"open","ping_status":"closed","template":"","meta":{"inline_featured_image":false},"product_brand":[207],"product_cat":[201],"product_tag":[113,97,100,98],"class_list":{"0":"post-1254","1":"product","2":"type-product","3":"status-publish","4":"has-post-thumbnail","6":"product_brand-cenforce","7":"product_cat-sexual-health","8":"product_tag-200mg","9":"product_tag-erectile-dysfunction","10":"product_tag-oral-tablets","11":"product_tag-sildenafil","13":"first","14":"instock","15":"shipping-taxable","16":"purchasable","17":"product-type-simple"},"_links":{"self":[{"href":"https:\/\/kamlife.me\/pt\/wp-json\/wp\/v2\/product\/1254","targetHints":{"allow":["GET"]}}],"collection":[{"href":"https:\/\/kamlife.me\/pt\/wp-json\/wp\/v2\/product"}],"about":[{"href":"https:\/\/kamlife.me\/pt\/wp-json\/wp\/v2\/types\/product"}],"replies":[{"embeddable":true,"href":"https:\/\/kamlife.me\/pt\/wp-json\/wp\/v2\/comments?post=1254"}],"wp:featuredmedia":[{"embeddable":true,"href":"https:\/\/kamlife.me\/pt\/wp-json\/wp\/v2\/media\/1225"}],"wp:attachment":[{"href":"https:\/\/kamlife.me\/pt\/wp-json\/wp\/v2\/media?parent=1254"}],"wp:term":[{"taxonomy":"product_brand","embeddable":true,"href":"https:\/\/kamlife.me\/pt\/wp-json\/wp\/v2\/product_brand?post=1254"},{"taxonomy":"product_cat","embeddable":true,"href":"https:\/\/kamlife.me\/pt\/wp-json\/wp\/v2\/product_cat?post=1254"},{"taxonomy":"product_tag","embeddable":true,"href":"https:\/\/kamlife.me\/pt\/wp-json\/wp\/v2\/product_tag?post=1254"}],"curies":[{"name":"wp","href":"https:\/\/api.w.org\/{rel}","templated":true}]}}