{"id":1257,"date":"2024-09-01T03:05:36","date_gmt":"2024-09-01T03:05:36","guid":{"rendered":"https:\/\/kamlife.me\/?post_type=product&#038;p=1257"},"modified":"2026-01-02T11:27:49","modified_gmt":"2026-01-02T11:27:49","slug":"kamagra-gold-4x100mg","status":"publish","type":"product","link":"https:\/\/kamlife.me\/pt\/produto\/kamagra-gold-4x100mg\/","title":{"rendered":"Kamagra Gold 4x100mg"},"content":{"rendered":"<p><b>TAGS:<\/b> Disfun\u00e7\u00e3o Er\u00e9ctil, Sildenafil, 100mg, Comprimidos orais<\/p>\n<p><b>UTILIZA\u00c7\u00d5ES:<\/b> Kamagra Gold 100mg trata a disfun\u00e7\u00e3o er\u00e9til aumentando o fluxo sangu\u00edneo para o p\u00e9nis, ajudando a conseguir uma ere\u00e7\u00e3o firme.<\/p>\n<p><b>ARMAZENAMENTO:<\/b> Conservar \u00e0 temperatura ambiente, ao abrigo da luz e da humidade.<\/p>\n<p><b>DOSES:<\/b> Consulte o seu m\u00e9dico para obter informa\u00e7\u00f5es sobre a dosagem.<\/p>\n<p><b>EFEITOS SECUND\u00c1RIOS:<\/b> Os efeitos secund\u00e1rios poss\u00edveis incluem dores de cabe\u00e7a, rubor e perturba\u00e7\u00f5es digestivas.<\/p>","protected":false},"excerpt":{"rendered":"<p class=\"p1\">Kamagra Gold 100 mg \u00e9 uma op\u00e7\u00e3o popular e acess\u00edvel para a disfun\u00e7\u00e3o er\u00e9til.<\/p>","protected":false},"featured_media":1218,"comment_status":"open","ping_status":"closed","template":"","meta":{"inline_featured_image":false},"product_brand":[],"product_cat":[198],"product_tag":[99,97,100,98],"class_list":{"0":"post-1257","1":"product","2":"type-product","3":"status-publish","4":"has-post-thumbnail","6":"product_cat-stimulants","7":"product_tag-100mg","8":"product_tag-erectile-dysfunction","9":"product_tag-oral-tablets","10":"product_tag-sildenafil","12":"first","13":"instock","14":"shipping-taxable","15":"purchasable","16":"product-type-simple"},"_links":{"self":[{"href":"https:\/\/kamlife.me\/pt\/wp-json\/wp\/v2\/product\/1257","targetHints":{"allow":["GET"]}}],"collection":[{"href":"https:\/\/kamlife.me\/pt\/wp-json\/wp\/v2\/product"}],"about":[{"href":"https:\/\/kamlife.me\/pt\/wp-json\/wp\/v2\/types\/product"}],"replies":[{"embeddable":true,"href":"https:\/\/kamlife.me\/pt\/wp-json\/wp\/v2\/comments?post=1257"}],"wp:featuredmedia":[{"embeddable":true,"href":"https:\/\/kamlife.me\/pt\/wp-json\/wp\/v2\/media\/1218"}],"wp:attachment":[{"href":"https:\/\/kamlife.me\/pt\/wp-json\/wp\/v2\/media?parent=1257"}],"wp:term":[{"taxonomy":"product_brand","embeddable":true,"href":"https:\/\/kamlife.me\/pt\/wp-json\/wp\/v2\/product_brand?post=1257"},{"taxonomy":"product_cat","embeddable":true,"href":"https:\/\/kamlife.me\/pt\/wp-json\/wp\/v2\/product_cat?post=1257"},{"taxonomy":"product_tag","embeddable":true,"href":"https:\/\/kamlife.me\/pt\/wp-json\/wp\/v2\/product_tag?post=1257"}],"curies":[{"name":"wp","href":"https:\/\/api.w.org\/{rel}","templated":true}]}}