{"id":1262,"date":"2024-09-01T03:14:33","date_gmt":"2024-09-01T03:14:33","guid":{"rendered":"https:\/\/kamlife.me\/?post_type=product&#038;p=1262"},"modified":"2026-01-02T11:28:35","modified_gmt":"2026-01-02T11:28:35","slug":"sildamax-100-mg-pack-of-10-pills","status":"publish","type":"product","link":"https:\/\/kamlife.me\/pt\/produto\/sildamax-100-mg-pack-of-10-pills\/","title":{"rendered":"Sildamax 100 mg embalagem de 10 comprimidos"},"content":{"rendered":"<p><b>UTILIZA\u00c7\u00d5ES:<\/b> Sildamax 100mg trata a disfun\u00e7\u00e3o er\u00e9til, aumentando o fluxo sangu\u00edneo para o p\u00e9nis. Cont\u00e9m Sildenafil e ajuda a conseguir uma ere\u00e7\u00e3o firme.<\/p>\n<p><b>ARMAZENAMENTO:<\/b> Conservar num local seco \u00e0 temperatura ambiente.<\/p>\n<p><b>DOSES:<\/b> Utilizar segundo as indica\u00e7\u00f5es do seu m\u00e9dico.<\/p>\n<p><b>EFEITOS SECUND\u00c1RIOS:<\/b> Os efeitos secund\u00e1rios poss\u00edveis incluem dores de cabe\u00e7a, tonturas e rubor.<\/p>","protected":false},"excerpt":{"rendered":"<p class=\"p1\">Sildamax \u00e9 uma alternativa econ\u00f3mica ao Viagra com uma dose de 100 mg de Sildenafil.<\/p>","protected":false},"featured_media":1213,"comment_status":"open","ping_status":"closed","template":"","meta":{"inline_featured_image":false},"product_brand":[],"product_cat":[199],"product_tag":[99,97,100,98],"class_list":{"0":"post-1262","1":"product","2":"type-product","3":"status-publish","4":"has-post-thumbnail","6":"product_cat-enhancers","7":"product_tag-100mg","8":"product_tag-erectile-dysfunction","9":"product_tag-oral-tablets","10":"product_tag-sildenafil","12":"first","13":"instock","14":"shipping-taxable","15":"purchasable","16":"product-type-simple"},"_links":{"self":[{"href":"https:\/\/kamlife.me\/pt\/wp-json\/wp\/v2\/product\/1262","targetHints":{"allow":["GET"]}}],"collection":[{"href":"https:\/\/kamlife.me\/pt\/wp-json\/wp\/v2\/product"}],"about":[{"href":"https:\/\/kamlife.me\/pt\/wp-json\/wp\/v2\/types\/product"}],"replies":[{"embeddable":true,"href":"https:\/\/kamlife.me\/pt\/wp-json\/wp\/v2\/comments?post=1262"}],"wp:featuredmedia":[{"embeddable":true,"href":"https:\/\/kamlife.me\/pt\/wp-json\/wp\/v2\/media\/1213"}],"wp:attachment":[{"href":"https:\/\/kamlife.me\/pt\/wp-json\/wp\/v2\/media?parent=1262"}],"wp:term":[{"taxonomy":"product_brand","embeddable":true,"href":"https:\/\/kamlife.me\/pt\/wp-json\/wp\/v2\/product_brand?post=1262"},{"taxonomy":"product_cat","embeddable":true,"href":"https:\/\/kamlife.me\/pt\/wp-json\/wp\/v2\/product_cat?post=1262"},{"taxonomy":"product_tag","embeddable":true,"href":"https:\/\/kamlife.me\/pt\/wp-json\/wp\/v2\/product_tag?post=1262"}],"curies":[{"name":"wp","href":"https:\/\/api.w.org\/{rel}","templated":true}]}}