{"id":1265,"date":"2024-09-01T03:20:25","date_gmt":"2024-09-01T03:20:25","guid":{"rendered":"https:\/\/kamlife.me\/?post_type=product&#038;p=1265"},"modified":"2026-01-02T11:28:34","modified_gmt":"2026-01-02T11:28:34","slug":"vidalista-40mg-tadaforce-40mg","status":"publish","type":"product","link":"https:\/\/kamlife.me\/pt\/produto\/vidalista-40mg-tadaforce-40mg\/","title":{"rendered":"Vidalista 40mg Tadalafil"},"content":{"rendered":"<p><b>UTILIZA\u00c7\u00d5ES:<\/b> Vidalista 40mg \u00e9 utilizado para tratar a disfun\u00e7\u00e3o er\u00e9til com Tadalafil como seu ingrediente ativo. Melhora o fluxo sangu\u00edneo para o p\u00e9nis.<\/p>\n<p><b>ARMAZENAMENTO:<\/b> Conservar \u00e0 temperatura ambiente, ao abrigo da humidade e do calor.<\/p>\n<p><b>DOSES:<\/b> Siga as recomenda\u00e7\u00f5es do seu m\u00e9dico.<\/p>\n<p><b>EFEITOS SECUND\u00c1RIOS:<\/b> Os efeitos secund\u00e1rios poss\u00edveis incluem dores de cabe\u00e7a, dores nas costas e rubor.<\/p>","protected":false},"excerpt":{"rendered":"<p class=\"p1\">Vidalista 40 mg \u00e9 um tratamento eficaz para a disfun\u00e7\u00e3o er\u00e9til, proporcionando efeitos duradouros.<\/p>","protected":false},"featured_media":1207,"comment_status":"open","ping_status":"closed","template":"","meta":{"inline_featured_image":false},"product_brand":[209],"product_cat":[199],"product_tag":[114,97,100,103],"class_list":{"0":"post-1265","1":"product","2":"type-product","3":"status-publish","4":"has-post-thumbnail","6":"product_brand-vidalista","7":"product_cat-enhancers","8":"product_tag-40mg","9":"product_tag-erectile-dysfunction","10":"product_tag-oral-tablets","11":"product_tag-tadalafil","13":"first","14":"instock","15":"shipping-taxable","16":"purchasable","17":"product-type-simple"},"_links":{"self":[{"href":"https:\/\/kamlife.me\/pt\/wp-json\/wp\/v2\/product\/1265","targetHints":{"allow":["GET"]}}],"collection":[{"href":"https:\/\/kamlife.me\/pt\/wp-json\/wp\/v2\/product"}],"about":[{"href":"https:\/\/kamlife.me\/pt\/wp-json\/wp\/v2\/types\/product"}],"replies":[{"embeddable":true,"href":"https:\/\/kamlife.me\/pt\/wp-json\/wp\/v2\/comments?post=1265"}],"wp:featuredmedia":[{"embeddable":true,"href":"https:\/\/kamlife.me\/pt\/wp-json\/wp\/v2\/media\/1207"}],"wp:attachment":[{"href":"https:\/\/kamlife.me\/pt\/wp-json\/wp\/v2\/media?parent=1265"}],"wp:term":[{"taxonomy":"product_brand","embeddable":true,"href":"https:\/\/kamlife.me\/pt\/wp-json\/wp\/v2\/product_brand?post=1265"},{"taxonomy":"product_cat","embeddable":true,"href":"https:\/\/kamlife.me\/pt\/wp-json\/wp\/v2\/product_cat?post=1265"},{"taxonomy":"product_tag","embeddable":true,"href":"https:\/\/kamlife.me\/pt\/wp-json\/wp\/v2\/product_tag?post=1265"}],"curies":[{"name":"wp","href":"https:\/\/api.w.org\/{rel}","templated":true}]}}