{"id":1268,"date":"2024-09-01T03:31:08","date_gmt":"2024-09-01T03:31:08","guid":{"rendered":"https:\/\/kamlife.me\/?post_type=product&#038;p=1268"},"modified":"2026-01-02T11:28:34","modified_gmt":"2026-01-02T11:28:34","slug":"cenforce-10-x-200mg","status":"publish","type":"product","link":"https:\/\/kamlife.me\/pt\/produto\/cenforce-10-x-200mg\/","title":{"rendered":"Cenforce 10 x 200mg"},"content":{"rendered":"<p><b>UTILIZA\u00c7\u00d5ES:<\/b> Cenforce 200mg \u00e9 utilizado para tratar a disfun\u00e7\u00e3o er\u00e9til, aumentando o fluxo sangu\u00edneo para o p\u00e9nis. Ajuda a conseguir uma ere\u00e7\u00e3o firme durante a atividade sexual.<\/p>\n<p><b>ARMAZENAMENTO:<\/b> Conservar \u00e0 temperatura ambiente, ao abrigo da luz e da humidade.<\/p>\n<p><b>DOSES:<\/b> Utilizar de acordo com as indica\u00e7\u00f5es do seu profissional de sa\u00fade.<\/p>\n<p><b>EFEITOS SECUND\u00c1RIOS:<\/b> Pode incluir dores de cabe\u00e7a, rubor, n\u00e1useas e perturba\u00e7\u00f5es da vis\u00e3o.<\/p>","protected":false},"excerpt":{"rendered":"<p class=\"p1\">Cenforce 200 mg \u00e9 uma vers\u00e3o de alta pot\u00eancia do Sildenafil, recomendada para casos graves de disfun\u00e7\u00e3o er\u00e9til.<\/p>","protected":false},"featured_media":1223,"comment_status":"open","ping_status":"closed","template":"","meta":{"inline_featured_image":false},"product_brand":[207],"product_cat":[201],"product_tag":[115,97,100,98],"class_list":{"0":"post-1268","1":"product","2":"type-product","3":"status-publish","4":"has-post-thumbnail","6":"product_brand-cenforce","7":"product_cat-sexual-health","8":"product_tag-200-mg","9":"product_tag-erectile-dysfunction","10":"product_tag-oral-tablets","11":"product_tag-sildenafil","13":"first","14":"instock","15":"shipping-taxable","16":"purchasable","17":"product-type-simple"},"_links":{"self":[{"href":"https:\/\/kamlife.me\/pt\/wp-json\/wp\/v2\/product\/1268","targetHints":{"allow":["GET"]}}],"collection":[{"href":"https:\/\/kamlife.me\/pt\/wp-json\/wp\/v2\/product"}],"about":[{"href":"https:\/\/kamlife.me\/pt\/wp-json\/wp\/v2\/types\/product"}],"replies":[{"embeddable":true,"href":"https:\/\/kamlife.me\/pt\/wp-json\/wp\/v2\/comments?post=1268"}],"wp:featuredmedia":[{"embeddable":true,"href":"https:\/\/kamlife.me\/pt\/wp-json\/wp\/v2\/media\/1223"}],"wp:attachment":[{"href":"https:\/\/kamlife.me\/pt\/wp-json\/wp\/v2\/media?parent=1268"}],"wp:term":[{"taxonomy":"product_brand","embeddable":true,"href":"https:\/\/kamlife.me\/pt\/wp-json\/wp\/v2\/product_brand?post=1268"},{"taxonomy":"product_cat","embeddable":true,"href":"https:\/\/kamlife.me\/pt\/wp-json\/wp\/v2\/product_cat?post=1268"},{"taxonomy":"product_tag","embeddable":true,"href":"https:\/\/kamlife.me\/pt\/wp-json\/wp\/v2\/product_tag?post=1268"}],"curies":[{"name":"wp","href":"https:\/\/api.w.org\/{rel}","templated":true}]}}