{"id":1269,"date":"2024-09-01T03:32:33","date_gmt":"2024-09-01T03:32:33","guid":{"rendered":"https:\/\/kamlife.me\/?post_type=product&#038;p=1269"},"modified":"2026-01-02T11:28:36","modified_gmt":"2026-01-02T11:28:36","slug":"cenforce-150mg","status":"publish","type":"product","link":"https:\/\/kamlife.me\/pt\/produto\/cenforce-150mg\/","title":{"rendered":"Cenforce 150mg"},"content":{"rendered":"<p><b>UTILIZA\u00c7\u00d5ES:<\/b> Cenforce 150mg trata a disfun\u00e7\u00e3o er\u00e9til ao aumentar o fluxo sangu\u00edneo para o p\u00e9nis, ajudando a conseguir e a manter uma ere\u00e7\u00e3o.<\/p>\n<p><b>ARMAZENAMENTO:<\/b> Conservar num local fresco e seco, longe do alcance das crian\u00e7as.<\/p>\n<p><b>DOSES:<\/b> Consulte o seu m\u00e9dico para obter recomenda\u00e7\u00f5es de dosagem.<\/p>\n<p><b>EFEITOS SECUND\u00c1RIOS:<\/b> Os efeitos secund\u00e1rios mais comuns incluem dores de cabe\u00e7a, rubor e problemas digestivos.<\/p>","protected":false},"excerpt":{"rendered":"<p class=\"p1\">Cenforce 150 mg proporciona um equil\u00edbrio entre efic\u00e1cia e dura\u00e7\u00e3o no tratamento da disfun\u00e7\u00e3o er\u00e9til.<\/p>","protected":false},"featured_media":1224,"comment_status":"open","ping_status":"closed","template":"","meta":{"inline_featured_image":false},"product_brand":[207],"product_cat":[201],"product_tag":[108,97,100,98],"class_list":{"0":"post-1269","1":"product","2":"type-product","3":"status-publish","4":"has-post-thumbnail","6":"product_brand-cenforce","7":"product_cat-sexual-health","8":"product_tag-150mg","9":"product_tag-erectile-dysfunction","10":"product_tag-oral-tablets","11":"product_tag-sildenafil","13":"first","14":"instock","15":"shipping-taxable","16":"purchasable","17":"product-type-simple"},"_links":{"self":[{"href":"https:\/\/kamlife.me\/pt\/wp-json\/wp\/v2\/product\/1269","targetHints":{"allow":["GET"]}}],"collection":[{"href":"https:\/\/kamlife.me\/pt\/wp-json\/wp\/v2\/product"}],"about":[{"href":"https:\/\/kamlife.me\/pt\/wp-json\/wp\/v2\/types\/product"}],"replies":[{"embeddable":true,"href":"https:\/\/kamlife.me\/pt\/wp-json\/wp\/v2\/comments?post=1269"}],"wp:featuredmedia":[{"embeddable":true,"href":"https:\/\/kamlife.me\/pt\/wp-json\/wp\/v2\/media\/1224"}],"wp:attachment":[{"href":"https:\/\/kamlife.me\/pt\/wp-json\/wp\/v2\/media?parent=1269"}],"wp:term":[{"taxonomy":"product_brand","embeddable":true,"href":"https:\/\/kamlife.me\/pt\/wp-json\/wp\/v2\/product_brand?post=1269"},{"taxonomy":"product_cat","embeddable":true,"href":"https:\/\/kamlife.me\/pt\/wp-json\/wp\/v2\/product_cat?post=1269"},{"taxonomy":"product_tag","embeddable":true,"href":"https:\/\/kamlife.me\/pt\/wp-json\/wp\/v2\/product_tag?post=1269"}],"curies":[{"name":"wp","href":"https:\/\/api.w.org\/{rel}","templated":true}]}}