{"id":2879,"date":"2024-09-19T12:26:36","date_gmt":"2024-09-19T12:26:36","guid":{"rendered":"https:\/\/kamlife.me\/?post_type=product&#038;p=2879"},"modified":"2026-02-27T14:18:09","modified_gmt":"2026-02-27T14:18:09","slug":"vitara-40","status":"publish","type":"product","link":"https:\/\/kamlife.me\/pt\/produto\/vitara-40\/","title":{"rendered":"VITARA 40"},"content":{"rendered":"<p>O Vitara v 40 \u00e9 utilizado principalmente para o tratamento da disfun\u00e7\u00e3o er\u00e9til (DE) nos homens. O medicamento tamb\u00e9m \u00e9 utilizado para o tratamento da insufici\u00eancia hep\u00e1tica e renal, mas requer uma prescri\u00e7\u00e3o do m\u00e9dico.<\/p>","protected":false},"excerpt":{"rendered":"<table>\n<tbody>\n<tr>\n<td class=\"tdwdt\">For\u00e7a<\/td>\n<td class=\"tdwdt1 color6\">\n<div class=\"dsf pr\"><span class=\"datatooltip\">40 mg<\/span><\/div>\n<\/td>\n<\/tr>\n<tr>\n<td class=\"tdwdt\">Tamanho da embalagem<\/td>\n<td class=\"tdwdt1 color6\">\n<div class=\"dsf pr\"><span class=\"datatooltip\">10*10 comprimidos<\/span><\/div>\n<\/td>\n<\/tr>\n<tr>\n<td class=\"tdwdt\">Marca<\/td>\n<td class=\"tdwdt1 color6\">\n<div class=\"dsf pr\"><span class=\"datatooltip\">Vitara-V 40mg Comprimido<\/span><\/div>\n<\/td>\n<\/tr>\n<tr>\n<td class=\"tdwdt\">Formul\u00e1rio<\/td>\n<td class=\"tdwdt1 color6\">\n<div class=\"dsf pr\"><span class=\"datatooltip\">Tablet<\/span><\/div>\n<\/td>\n<\/tr>\n<tr>\n<td class=\"tdwdt\">Tipo de embalagem<\/td>\n<td class=\"tdwdt1 color6\">\n<div class=\"dsf pr\"><span class=\"datatooltip\">Tiras<\/span><\/div>\n<\/td>\n<\/tr>\n<tr>\n<td class=\"tdwdt\">Tamanho da embalagem<\/td>\n<td class=\"tdwdt1 color6\">\n<div class=\"dsf pr\"><span class=\"datatooltip\">10 Tablet<\/span><\/div>\n<\/td>\n<\/tr>\n<tr>\n<td class=\"tdwdt\">Composi\u00e7\u00e3o<\/td>\n<td class=\"tdwdt1 color6\">\n<div class=\"dsf pr\"><span class=\"datatooltip\">Vardenafil 40mg<\/span><\/div>\n<\/td>\n<\/tr>\n<tr>\n<td class=\"tdwdt\">Fabricante<\/td>\n<td class=\"tdwdt1 color6\">\n<div class=\"dsf pr\"><span class=\"datatooltip\">Assinatura<\/span><\/div>\n<\/td>\n<\/tr>\n<tr>\n<td class=\"tdwdt\">Utiliza\u00e7\u00f5es<\/td>\n<td class=\"tdwdt1 color6\">\n<div class=\"dsf pr\"><span class=\"datatooltip\">Para tratar a disfun\u00e7\u00e3o er\u00e9til<\/span><\/div>\n<\/td>\n<\/tr>\n<tr>\n<td class=\"tdwdt\">Dosagem<\/td>\n<td class=\"tdwdt1 color6\">\n<div class=\"dsf pr\"><span class=\"datatooltip\">40mg<\/span><\/div>\n<\/td>\n<\/tr>\n<\/tbody>\n<\/table>","protected":false},"featured_media":2880,"comment_status":"open","ping_status":"closed","template":"","meta":{"inline_featured_image":false},"product_brand":[],"product_cat":[199],"product_tag":[],"class_list":{"0":"post-2879","1":"product","2":"type-product","3":"status-publish","4":"has-post-thumbnail","6":"product_cat-enhancers","8":"first","9":"outofstock","10":"shipping-taxable","11":"purchasable","12":"product-type-simple"},"_links":{"self":[{"href":"https:\/\/kamlife.me\/pt\/wp-json\/wp\/v2\/product\/2879","targetHints":{"allow":["GET"]}}],"collection":[{"href":"https:\/\/kamlife.me\/pt\/wp-json\/wp\/v2\/product"}],"about":[{"href":"https:\/\/kamlife.me\/pt\/wp-json\/wp\/v2\/types\/product"}],"replies":[{"embeddable":true,"href":"https:\/\/kamlife.me\/pt\/wp-json\/wp\/v2\/comments?post=2879"}],"wp:featuredmedia":[{"embeddable":true,"href":"https:\/\/kamlife.me\/pt\/wp-json\/wp\/v2\/media\/2880"}],"wp:attachment":[{"href":"https:\/\/kamlife.me\/pt\/wp-json\/wp\/v2\/media?parent=2879"}],"wp:term":[{"taxonomy":"product_brand","embeddable":true,"href":"https:\/\/kamlife.me\/pt\/wp-json\/wp\/v2\/product_brand?post=2879"},{"taxonomy":"product_cat","embeddable":true,"href":"https:\/\/kamlife.me\/pt\/wp-json\/wp\/v2\/product_cat?post=2879"},{"taxonomy":"product_tag","embeddable":true,"href":"https:\/\/kamlife.me\/pt\/wp-json\/wp\/v2\/product_tag?post=2879"}],"curies":[{"name":"wp","href":"https:\/\/api.w.org\/{rel}","templated":true}]}}