{"id":2923,"date":"2024-09-25T11:15:02","date_gmt":"2024-09-25T11:15:02","guid":{"rendered":"https:\/\/kamlife.me\/?post_type=product&#038;p=2923"},"modified":"2026-01-02T11:27:46","modified_gmt":"2026-01-02T11:27:46","slug":"10-x-confezione-kamagra-oral-jelly-100mg-70-gele","status":"publish","type":"product","link":"https:\/\/kamlife.me\/pt\/produto\/10-x-confezione-kamagra-oral-jelly-100mg-70-gele\/","title":{"rendered":"10 x embalagem Kamagra Oral Jelly 100mg (70 Gele)"},"content":{"rendered":"<div class=\"description\">\n<p class=\"p1\">\n<h3><b>Vis\u00e3o geral<\/b><\/h3>\n<p class=\"p3\">Esta \u00e9 uma oferta especial para uma encomenda de Kamagra Oral Jelly 100mg ao melhor pre\u00e7o do mercado atual. N\u00e3o hesite e compre o medicamento enquanto a oferta durar!<\/p>\n<p class=\"p3\">Kamagra Oral Jelly \u00e9 um tratamento popular e eficaz para a disfun\u00e7\u00e3o er\u00e9til. Ao contr\u00e1rio dos comprimidos que s\u00e3o dif\u00edceis de engolir, o medicamento pode simplesmente ser espremido numa colher e engolido facilmente. Kamagra Oral Jelly \u00e9 clinicamente fabricado numa sala limpa pela Ajanta Pharma.<\/p>\n<p class=\"p3\">A subst\u00e2ncia ativa do Kamagra Oral Jelly \u00e9 o Citrato de Sildenafil. Pertence \u00e0 fam\u00edlia dos vasodilatadores PDE-5. Estes medicamentos actuam dilatando os vasos sangu\u00edneos do corpo, particularmente na \u00e1rea genital. Isto permite um fluxo sangu\u00edneo mais forte que permite a ere\u00e7\u00e3o.<\/p>\n<p class=\"p3\">O gel \u00e9 rapidamente absorvido pelo organismo, e os doentes referem tempos de resposta mais r\u00e1pidos a partir de 20 minutos. A dura\u00e7\u00e3o efectiva do tratamento do medicamento \u00e9 de 4 a 6 horas, embora muitos m\u00e9dicos de cl\u00ednica geral refiram efeitos mais prolongados. Os pacientes que usam Kamagra Oral Jelly relatam regularmente uma atividade sexual bem sucedida e geralmente continuam com o tratamento.<\/p>\n<p class=\"p3\">Kamagra Oral Jelly vem numa variedade de sabores, que podem incluir menta, chocolate, banana, laranja, manga, morango, anan\u00e1s e baunilha. Cada encomenda \u00e9 enviada com uma sele\u00e7\u00e3o de sabores mistos. Infelizmente, n\u00e3o podemos enviar sabores espec\u00edficos.<\/p>\n<p class=\"p3\">O medicamento n\u00e3o \u00e9 afrodis\u00edaco, sendo necess\u00e1rio um est\u00edmulo para conseguir uma ere\u00e7\u00e3o.<\/p>\n<p class=\"p1\">\n<h3><b>Informa\u00e7\u00f5es importantes<\/b><\/h3>\n<p class=\"p3\">Para tirar o m\u00e1ximo partido do tratamento, leia atentamente o seguinte:<\/p>\n<p class=\"p1\">\n<ul>\n<li>\n<p class=\"p1\">A dose segura indicada de Kamagra Oral Jelly num per\u00edodo de 24 horas \u00e9 de 100 mg (1 saqueta).<\/p>\n<\/li>\n<li>\n<p class=\"p1\">O medicamento torna-se eficaz 20 minutos ap\u00f3s a administra\u00e7\u00e3o.<\/p>\n<\/li>\n<li>\n<p class=\"p1\">A dura\u00e7\u00e3o efectiva do tratamento \u00e9 de 4-6 horas.<\/p>\n<\/li>\n<li>\n<p class=\"p1\">Tomar sempre o medicamento com um grande copo de \u00e1gua.<\/p>\n<\/li>\n<li>\n<p class=\"p1\">Evite refei\u00e7\u00f5es pesadas ou gordurosas na altura em que planeia tomar o medicamento.<\/p>\n<\/li>\n<li>\n<p class=\"p1\">O \u00e1lcool reduz a efic\u00e1cia do medicamento.<\/p>\n<\/li>\n<li>\n<p class=\"p1\">Se surgirem efeitos secund\u00e1rios, interromper imediatamente a toma do medicamento e consultar um m\u00e9dico.<\/p>\n<\/li>\n<\/ul>\n<p>&nbsp;<\/p>\n<\/div>","protected":false},"excerpt":{"rendered":"<p>Overview This is a special offer for an order of Kamagra Oral Jelly 100mg at the best price on the current market. Don\u2019t hesitate and buy the medication while the offer lasts! Kamagra Oral Jelly is a popular and effective treatment for erectile dysfunction. Unlike tablets that are hard to swallow, the medication can simply [&hellip;]<\/p>","protected":false},"featured_media":1316,"comment_status":"open","ping_status":"closed","template":"","meta":{"inline_featured_image":false},"product_brand":[206],"product_cat":[201],"product_tag":[],"class_list":{"0":"post-2923","1":"product","2":"type-product","3":"status-publish","4":"has-post-thumbnail","6":"product_brand-kamagra","7":"product_cat-sexual-health","9":"first","10":"instock","11":"sale","12":"shipping-taxable","13":"purchasable","14":"product-type-simple"},"_links":{"self":[{"href":"https:\/\/kamlife.me\/pt\/wp-json\/wp\/v2\/product\/2923","targetHints":{"allow":["GET"]}}],"collection":[{"href":"https:\/\/kamlife.me\/pt\/wp-json\/wp\/v2\/product"}],"about":[{"href":"https:\/\/kamlife.me\/pt\/wp-json\/wp\/v2\/types\/product"}],"replies":[{"embeddable":true,"href":"https:\/\/kamlife.me\/pt\/wp-json\/wp\/v2\/comments?post=2923"}],"wp:featuredmedia":[{"embeddable":true,"href":"https:\/\/kamlife.me\/pt\/wp-json\/wp\/v2\/media\/1316"}],"wp:attachment":[{"href":"https:\/\/kamlife.me\/pt\/wp-json\/wp\/v2\/media?parent=2923"}],"wp:term":[{"taxonomy":"product_brand","embeddable":true,"href":"https:\/\/kamlife.me\/pt\/wp-json\/wp\/v2\/product_brand?post=2923"},{"taxonomy":"product_cat","embeddable":true,"href":"https:\/\/kamlife.me\/pt\/wp-json\/wp\/v2\/product_cat?post=2923"},{"taxonomy":"product_tag","embeddable":true,"href":"https:\/\/kamlife.me\/pt\/wp-json\/wp\/v2\/product_tag?post=2923"}],"curies":[{"name":"wp","href":"https:\/\/api.w.org\/{rel}","templated":true}]}}