{"id":4589,"date":"2025-04-11T09:32:35","date_gmt":"2025-04-11T09:32:35","guid":{"rendered":"https:\/\/kamlife.me\/?post_type=product&#038;p=4589"},"modified":"2025-08-28T15:11:01","modified_gmt":"2025-08-28T15:11:01","slug":"carefill-20-mg","status":"publish","type":"product","link":"https:\/\/kamlife.me\/pt\/produto\/carefill-20-mg\/","title":{"rendered":"Carefill 20 mg"},"content":{"rendered":"<p class=\"p1\"><span class=\"s1\"><b>Recupere a sua confian\u00e7a e melhore os seus momentos \u00edntimos com CareFill-20, a solu\u00e7\u00e3o l\u00edder para a disfun\u00e7\u00e3o er\u00e9til (DE).<\/b><\/span> Formulado com tadalafil, um ingrediente comprovado e de confian\u00e7a, o CareFill-20 foi concebido para proporcionar um apoio duradouro \u00e0 sua sa\u00fade sexual.<\/p>\n<p class=\"p2\">\n<hr \/>\n<p>&nbsp;<\/p>\n<p class=\"p2\">\n<h3><b>Principais vantagens do CareFill-20<\/b><\/h3>\n<p>&nbsp;<\/p>\n<p class=\"p2\">\n<ul>\n<li>\n<p class=\"p1\"><span class=\"s1\"><b>F\u00f3rmula clinicamente comprovada:<\/b><\/span> Cada comprimido de CareFill-20 cont\u00e9m tadalafil, um tratamento eficaz para a disfun\u00e7\u00e3o er\u00e9til que tem sido amplamente investigado. Com a confian\u00e7a de profissionais de sa\u00fade de todo o mundo, o tadalafil melhora o fluxo sangu\u00edneo para o p\u00e9nis, garantindo erec\u00e7\u00f5es firmes e duradouras.<\/p>\n<\/li>\n<li>\n<p class=\"p1\"><span class=\"s1\"><b>Efeitos duradouros:<\/b><\/span> Desfrute de at\u00e9 36 horas de fun\u00e7\u00e3o er\u00e9til melhorada, permitindo a espontaneidade e melhores experi\u00eancias sexuais sem a necessidade de programar as suas doses.<\/p>\n<\/li>\n<li>\n<p class=\"p1\"><span class=\"s1\"><b>In\u00edcio r\u00e1pido:<\/b><\/span> Sinta os efeitos em apenas 30 minutos, dando-lhe a flexibilidade para responder aos seus desejos quando chegar o momento.<\/p>\n<\/li>\n<li>\n<p class=\"p1\"><span class=\"s1\"><b>Aumento da intimidade:<\/b><\/span> Refor\u00e7ar as rela\u00e7\u00f5es e aumentar a confian\u00e7a com um apoio fi\u00e1vel ao desempenho sexual.<\/p>\n<\/li>\n<li>\n<p class=\"p1\"><span class=\"s1\"><b>Seguro e fi\u00e1vel:<\/b><\/span> Fabricado em instala\u00e7\u00f5es de \u00faltima gera\u00e7\u00e3o, CareFill-20 cumpre rigorosas normas de controlo de qualidade para garantir a seguran\u00e7a e a efic\u00e1cia.<\/p>\n<\/li>\n<\/ul>\n<p>&nbsp;<\/p>\n<p class=\"p2\">\n<hr \/>\n<p>&nbsp;<\/p>\n<p class=\"p2\">\n<h3><b>Como funciona o CareFill-20<\/b><\/h3>\n<p>&nbsp;<\/p>\n<p class=\"p1\">CareFill-20 funciona aumentando o fluxo sangu\u00edneo para o p\u00e9nis durante a estimula\u00e7\u00e3o sexual. O ingrediente ativo, o tadalafil, inibe a enzima PDE5, que pode restringir o fluxo sangu\u00edneo. Ao bloquear a PDE5, CareFill-20 ajuda a manter uma ere\u00e7\u00e3o suficiente para a atividade sexual.<\/p>\n<p class=\"p2\">\n<hr \/>\n<p>&nbsp;<\/p>\n<p class=\"p2\">\n<h3><b>Dosagem e utiliza\u00e7\u00e3o<\/b><\/h3>\n<p>&nbsp;<\/p>\n<p class=\"p2\">\n<ul>\n<li>\n<p class=\"p1\">Tomar <span class=\"s1\"><b>um comprimido de CareFill-20<\/b><\/span> aproximadamente 30 minutos antes da atividade sexual.<\/p>\n<\/li>\n<li>\n<p class=\"p1\">N\u00e3o tomar mais do que <span class=\"s1\"><b>um comprimido por dia<\/b><\/span>.<\/p>\n<\/li>\n<li>\n<p class=\"p1\">Para obter melhores resultados, evite o consumo excessivo de \u00e1lcool.<\/p>\n<\/li>\n<li>\n<p class=\"p1\">Consulte o seu m\u00e9dico para se certificar de que CareFill-20 \u00e9 adequado para si.<\/p>\n<\/li>\n<\/ul>\n<p>&nbsp;<\/p>","protected":false},"excerpt":{"rendered":"<p class=\"p1\">Experimente uma confian\u00e7a e uma intimidade renovadas com <span class=\"s1\"><b>CareFill-20<\/b><\/span>. Formulado com Tadalafil clinicamente comprovado, <span class=\"s1\"><b>CareFill-20<\/b><\/span>oferece efeitos de longa dura\u00e7\u00e3o at\u00e9 36 horas, um in\u00edcio r\u00e1pido em apenas 30 minutos e um apoio fi\u00e1vel \u00e0 fun\u00e7\u00e3o er\u00e9til. Seguro, eficaz e com a confian\u00e7a dos profissionais, <span class=\"s1\"><b>CareFill-20<\/b><\/span> \u00e9 a sua solu\u00e7\u00e3o para melhorar o desempenho sexual.<\/p>","protected":false},"featured_media":4590,"comment_status":"open","ping_status":"closed","template":"","meta":{"inline_featured_image":false},"product_brand":[],"product_cat":[201],"product_tag":[],"class_list":{"0":"post-4589","1":"product","2":"type-product","3":"status-publish","4":"has-post-thumbnail","6":"product_cat-sexual-health","8":"first","9":"instock","10":"sale","11":"shipping-taxable","12":"purchasable","13":"product-type-simple"},"_links":{"self":[{"href":"https:\/\/kamlife.me\/pt\/wp-json\/wp\/v2\/product\/4589","targetHints":{"allow":["GET"]}}],"collection":[{"href":"https:\/\/kamlife.me\/pt\/wp-json\/wp\/v2\/product"}],"about":[{"href":"https:\/\/kamlife.me\/pt\/wp-json\/wp\/v2\/types\/product"}],"replies":[{"embeddable":true,"href":"https:\/\/kamlife.me\/pt\/wp-json\/wp\/v2\/comments?post=4589"}],"wp:featuredmedia":[{"embeddable":true,"href":"https:\/\/kamlife.me\/pt\/wp-json\/wp\/v2\/media\/4590"}],"wp:attachment":[{"href":"https:\/\/kamlife.me\/pt\/wp-json\/wp\/v2\/media?parent=4589"}],"wp:term":[{"taxonomy":"product_brand","embeddable":true,"href":"https:\/\/kamlife.me\/pt\/wp-json\/wp\/v2\/product_brand?post=4589"},{"taxonomy":"product_cat","embeddable":true,"href":"https:\/\/kamlife.me\/pt\/wp-json\/wp\/v2\/product_cat?post=4589"},{"taxonomy":"product_tag","embeddable":true,"href":"https:\/\/kamlife.me\/pt\/wp-json\/wp\/v2\/product_tag?post=4589"}],"curies":[{"name":"wp","href":"https:\/\/api.w.org\/{rel}","templated":true}]}}