{"id":5381,"date":"2025-07-10T00:15:48","date_gmt":"2025-07-10T00:15:48","guid":{"rendered":"https:\/\/kamlife.me\/?post_type=product&#038;p=5381"},"modified":"2026-04-09T05:04:17","modified_gmt":"2026-04-09T05:04:17","slug":"super-careforce-160mg-2w1","status":"publish","type":"product","link":"https:\/\/kamlife.me\/pt\/produto\/super-careforce-160mg-2w1\/","title":{"rendered":"Super Careforce 160mg 2w1"},"content":{"rendered":"<p class=\"p1\"><span class=\"s1\"><b>For\u00e7a Super Care<\/b><\/span> \u00e9 um medicamento combinado, normalmente utilizado para o tratamento da disfun\u00e7\u00e3o er\u00e9til (DE) e da ejacula\u00e7\u00e3o precoce (EP) nos homens. \u00c9 uma vers\u00e3o gen\u00e9rica produzida por empresas farmac\u00eauticas indianas, tais como <span class=\"s1\"><b>Careclub<\/b><\/span> (como indicado na embalagem), e \u00e9 semelhante a produtos bem conhecidos como <span class=\"s1\"><b>Super P-Force<\/b><\/span>.<\/p>\n<p class=\"p3\"><span class=\"s2\">\ud83d\udc8a <\/span><b>Composi\u00e7\u00e3o principal da Super Care Force:<\/b><b><\/b><\/p>\n<ul>\n<li>\n<p class=\"p1\"><b>Citrato de Sildenafil (100 mg)<\/b><b><\/b><\/p>\n<p class=\"p2\">A mesma mol\u00e9cula contida no Viagra.<\/p>\n<p class=\"p2\">Actua relaxando os m\u00fasculos e aumentando o fluxo sangu\u00edneo para o p\u00e9nis, facilitando a ere\u00e7\u00e3o durante a estimula\u00e7\u00e3o sexual.<\/p>\n<\/li>\n<li>\n<p class=\"p1\"><b>Dapoxetina (60 mg)<\/b><b><\/b><\/p>\n<p class=\"p2\">Um inibidor seletivo da recapta\u00e7\u00e3o da serotonina (SSRI).<\/p>\n<p class=\"p2\">Utilizado para retardar a ejacula\u00e7\u00e3o e prolongar as rela\u00e7\u00f5es sexuais.<\/p>\n<\/li>\n<\/ul>\n<p class=\"p3\"><span class=\"s2\">\ud83e\uddea <\/span><b>Indica\u00e7\u00f5es terap\u00eauticas:<\/b><b><\/b><\/p>\n<ul>\n<li>\n<p class=\"p1\">Tratamento simult\u00e2neo da disfun\u00e7\u00e3o er\u00e9til e da ejacula\u00e7\u00e3o precoce.<\/p>\n<\/li>\n<li>\n<p class=\"p1\">Melhoria do desempenho sexual masculino.<\/p>\n<\/li>\n<\/ul>\n<p>&nbsp;<\/p>\n<p class=\"p3\"><span class=\"s2\">\u26a0\ufe0f <\/span><b>Modo de utiliza\u00e7\u00e3o (indicativo, n\u00e3o substitui o conselho m\u00e9dico):<\/b><b><\/b><\/p>\n<ul>\n<li>\n<p class=\"p1\">Um comprimido a tomar 30 a 60 minutos antes da atividade sexual.<\/p>\n<\/li>\n<li>\n<p class=\"p1\">N\u00e3o tomar mais de um comprimido num per\u00edodo de 24 horas.<\/p>\n<\/li>\n<\/ul>\n<p>&nbsp;<\/p>\n<p class=\"p3\"><span class=\"s2\">\u2705 <\/span><b>BENEF\u00cdCIOS DA SUPER CARE FORCE<\/b><b><\/b><\/p>\n<ol start=\"1\">\n<li>\n<p class=\"p1\"><b>Erec\u00e7\u00f5es mais fortes e duradouras<\/b><b><\/b><\/p>\n<p class=\"p2\">O sildenafil aumenta o fluxo sangu\u00edneo para o p\u00e9nis, ajudando a conseguir e a manter uma ere\u00e7\u00e3o satisfat\u00f3ria durante a estimula\u00e7\u00e3o sexual.<\/p>\n<\/li>\n<li>\n<p class=\"p1\"><b>Maior controlo sobre a ejacula\u00e7\u00e3o<\/b><b><\/b><\/p>\n<p class=\"p2\">A dapoxetina actua no sistema nervoso central para retardar a ejacula\u00e7\u00e3o, melhorando o controlo e prolongando a dura\u00e7\u00e3o da rela\u00e7\u00e3o sexual.<\/p>\n<\/li>\n<li>\n<p class=\"p1\"><b>Maior satisfa\u00e7\u00e3o sexual<\/b><b><\/b><\/p>\n<p class=\"p2\">O efeito combinado de erec\u00e7\u00f5es mais fortes e rela\u00e7\u00f5es sexuais mais duradouras contribui para uma vida sexual mais satisfat\u00f3ria, tanto para o homem como para a sua parceira.<\/p>\n<\/li>\n<li>\n<p class=\"p1\"><b>A\u00e7\u00e3o combinada num \u00fanico comprimido<\/b><b><\/b><\/p>\n<p class=\"p2\">Trata dois dist\u00farbios sexuais comuns ao mesmo tempo (DE + EP) sem a necessidade de tomar v\u00e1rios medicamentos.<\/p>\n<\/li>\n<li>\n<p class=\"p1\"><b>Aumento da auto-confian\u00e7a<\/b><b><\/b><\/p>\n<p class=\"p2\">A capacidade de ter uma experi\u00eancia sexual completa sem interrup\u00e7\u00f5es pode aumentar a autoestima e reduzir a ansiedade do desempenho.<\/p>\n<\/li>\n<li>\n<p class=\"p1\"><b>In\u00edcio r\u00e1pido<\/b><b><\/b><\/p>\n<p class=\"p2\">Funciona em 30-60 minutos, permitindo um planeamento relativamente simples da atividade sexual.<\/p>\n<\/li>\n<li>\n<p class=\"p1\"><b>Melhoria do bem-estar psicol\u00f3gico<\/b><b><\/b><\/p>\n<p class=\"p2\">Melhorar a vida sexual pode tamb\u00e9m afetar positivamente outros aspectos do bem-estar relacional e emocional.<\/p>\n<\/li>\n<\/ol>","protected":false},"excerpt":{"rendered":"<article class=\"text-token-text-primary w-full\" dir=\"auto\" data-testid=\"conversation-turn-8\" data-scroll-anchor=\"true\">\n<div class=\"text-base my-auto mx-auto py-5 [--thread-content-margin:--spacing(4)] @[37rem]:[--thread-content-margin:--spacing(6)] @[72rem]:[--thread-content-margin:--spacing(16)] px-(--thread-content-margin)\">\n<div class=\"[--thread-content-max-width:32rem] @[34rem]:[--thread-content-max-width:40rem] @[64rem]:[--thread-content-max-width:48rem] mx-auto flex max-w-(--thread-content-max-width) flex-1 text-base gap-4 md:gap-5 lg:gap-6 group\/turn-messages focus-visible:outline-hidden\" tabindex=\"-1\">\n<div class=\"group\/conversation-turn relative flex w-full min-w-0 flex-col agent-turn\">\n<div class=\"relative flex-col gap-1 md:gap-3\">\n<div class=\"flex max-w-full flex-col grow\">\n<div class=\"min-h-8 text-message relative flex w-full flex-col items-end gap-2 text-start break-words whitespace-normal [.text-message+&amp;]:mt-5\" dir=\"auto\" data-message-author-role=\"assistant\" data-message-id=\"df2d8f2a-41e1-49b0-b8b7-d59589814fc8\" data-message-model-slug=\"gpt-4o\">\n<div class=\"flex w-full flex-col gap-1 empty:hidden first:pt-[3px]\">\n<div class=\"markdown prose dark:prose-invert w-full break-words light\">\n<p class=\"p1\"><b>Super Care Force \u00e9 um medicamento combinado utilizado para tratar simultaneamente a disfun\u00e7\u00e3o er\u00e9til e a ejacula\u00e7\u00e3o precoce nos homens. Cont\u00e9m Sildenafil (100 mg) para melhorar a ere\u00e7\u00e3o e Dapoxetina (60 mg) para retardar a ejacula\u00e7\u00e3o. Actua rapidamente (em 30-60 minutos) e promove rela\u00e7\u00f5es sexuais mais longas, mais satisfat\u00f3rias e controladas. S\u00f3 deve ser tomado sob controlo m\u00e9dico.<\/b><\/p>\n<\/div>\n<\/div>\n<\/div>\n<\/div>\n<div class=\"flex min-h-[46px] justify-start\"><\/div>\n<\/div>\n<div class=\"aria-live=polite absolute\">\n<div class=\"flex items-center justify-center\"><\/div>\n<\/div>\n<\/div>\n<\/div>\n<\/div>\n<\/article>\n<div class=\"pointer-events-none h-px w-px\" aria-hidden=\"true\" data-edge=\"true\"><\/div>","protected":false},"featured_media":5382,"comment_status":"open","ping_status":"closed","template":"","meta":{"inline_featured_image":false},"product_brand":[208],"product_cat":[201],"product_tag":[105,97,100,103],"class_list":{"0":"post-5381","1":"product","2":"type-product","3":"status-publish","4":"has-post-thumbnail","6":"product_brand-careforce","7":"product_cat-sexual-health","8":"product_tag-60mg","9":"product_tag-erectile-dysfunction","10":"product_tag-oral-tablets","11":"product_tag-tadalafil","13":"first","14":"instock","15":"shipping-taxable","16":"purchasable","17":"product-type-simple"},"_links":{"self":[{"href":"https:\/\/kamlife.me\/pt\/wp-json\/wp\/v2\/product\/5381","targetHints":{"allow":["GET"]}}],"collection":[{"href":"https:\/\/kamlife.me\/pt\/wp-json\/wp\/v2\/product"}],"about":[{"href":"https:\/\/kamlife.me\/pt\/wp-json\/wp\/v2\/types\/product"}],"replies":[{"embeddable":true,"href":"https:\/\/kamlife.me\/pt\/wp-json\/wp\/v2\/comments?post=5381"}],"wp:featuredmedia":[{"embeddable":true,"href":"https:\/\/kamlife.me\/pt\/wp-json\/wp\/v2\/media\/5382"}],"wp:attachment":[{"href":"https:\/\/kamlife.me\/pt\/wp-json\/wp\/v2\/media?parent=5381"}],"wp:term":[{"taxonomy":"product_brand","embeddable":true,"href":"https:\/\/kamlife.me\/pt\/wp-json\/wp\/v2\/product_brand?post=5381"},{"taxonomy":"product_cat","embeddable":true,"href":"https:\/\/kamlife.me\/pt\/wp-json\/wp\/v2\/product_cat?post=5381"},{"taxonomy":"product_tag","embeddable":true,"href":"https:\/\/kamlife.me\/pt\/wp-json\/wp\/v2\/product_tag?post=5381"}],"curies":[{"name":"wp","href":"https:\/\/api.w.org\/{rel}","templated":true}]}}