{"id":5633,"date":"2025-08-03T16:53:37","date_gmt":"2025-08-03T16:53:37","guid":{"rendered":"https:\/\/kamlife.me\/?post_type=product&#038;p=5633"},"modified":"2026-03-31T05:10:35","modified_gmt":"2026-03-31T05:10:35","slug":"super-carevitra-vardenafil-20-mg-dapoxetina-60-mg","status":"publish","type":"product","link":"https:\/\/kamlife.me\/pt\/produto\/super-carevitra-vardenafil-20-mg-dapoxetina-60-mg\/","title":{"rendered":"Super Carevitra - Vardenafil 20 mg + Dapoxetina 60 mg"},"content":{"rendered":"<p class=\"p1\"><span class=\"s1\"><b>Vardenafil 20 mg:<\/b><\/span> um inibidor da fosfodiesterase tipo 5 (PDE5), utilizado para tratar a disfun\u00e7\u00e3o er\u00e9til.<\/p>\n<p class=\"p1\"><span class=\"s1\"><b>Dapoxetina 60 mg:<\/b><\/span> um inibidor seletivo da recapta\u00e7\u00e3o da serotonina (SSRI), utilizado para o tratamento da ejacula\u00e7\u00e3o precoce.<\/p>\n<h3><b>Principais benef\u00edcios da <\/b><\/h3>\n<h3><b>Super Carevitra<\/b><\/h3>\n<p class=\"p4\"><span class=\"s3\">\u2705 <\/span><b>Para a disfun\u00e7\u00e3o er\u00e9til (gra\u00e7as ao Vardenafil):<\/b><b><\/b><\/p>\n<ul>\n<li>\n<p class=\"p1\">Aumenta o fluxo sangu\u00edneo para o p\u00e9nis, facilitando a ere\u00e7\u00e3o em resposta \u00e0 estimula\u00e7\u00e3o sexual.<\/p>\n<\/li>\n<li>\n<p class=\"p1\">Actua mais rapidamente do que o Sildenafil (Viagra) em muitos doentes.<\/p>\n<\/li>\n<li>\n<p class=\"p1\">Eficaz mesmo em homens com diabetes ou disfun\u00e7\u00e3o er\u00e9til resistentes a outros medicamentos.<\/p>\n<\/li>\n<\/ul>\n<p class=\"p4\"><span class=\"s3\">\u2705 <\/span><b>Para a ejacula\u00e7\u00e3o precoce (gra\u00e7as \u00e0 Dapoxetina):<\/b><b><\/b><\/p>\n<ul>\n<li>\n<p class=\"p1\">Atrasa a ejacula\u00e7\u00e3o, prolongando a rela\u00e7\u00e3o sexual.<\/p>\n<\/li>\n<li>\n<p class=\"p1\">Melhora o controlo da ejacula\u00e7\u00e3o e a satisfa\u00e7\u00e3o sexual geral.<\/p>\n<\/li>\n<\/ul>\n<h3><b>Vantagens da formula\u00e7\u00e3o combinada<\/b><\/h3>\n<p class=\"p1\"><span class=\"s1\"><b>Melhoria do desempenho sexual global:<\/b><\/span> ere\u00e7\u00e3o mais forte e duradoura + maior controlo da ejacula\u00e7\u00e3o.<\/p>\n<ul>\n<li>\n<p class=\"p1\"><span class=\"s1\"><b>Conveni\u00eancia:<\/b><\/span> dois efeitos num \u00fanico comprimido.<\/p>\n<\/li>\n<li>\n<p class=\"p1\"><b>Indicado para homens com ambos os problemas (DE + EP).<\/b><\/p>\n<\/li>\n<\/ul>\n<h3><b>Instru\u00e7\u00f5es de utiliza\u00e7\u00e3o (geral):<\/b><\/h3>\n<ul>\n<li>\n<p class=\"p1\">Tomar por via oral cerca de 30-60 minutos antes da rela\u00e7\u00e3o sexual.<\/p>\n<\/li>\n<li>\n<p class=\"p1\">N\u00e3o \u00e9 afrodis\u00edaco: s\u00f3 actua com estimula\u00e7\u00e3o sexual.<\/p>\n<\/li>\n<\/ul>\n<p>&nbsp;<\/p>","protected":false},"excerpt":{"rendered":"<article class=\"text-token-text-primary w-full\" dir=\"auto\" data-testid=\"conversation-turn-8\" data-scroll-anchor=\"true\">\n<div class=\"text-base my-auto mx-auto py-5 [--thread-content-margin:--spacing(4)] @[37rem]:[--thread-content-margin:--spacing(6)] @[72rem]:[--thread-content-margin:--spacing(16)] px-(--thread-content-margin)\">\n<div class=\"[--thread-content-max-width:32rem] @[34rem]:[--thread-content-max-width:40rem] @[64rem]:[--thread-content-max-width:48rem] mx-auto flex max-w-(--thread-content-max-width) flex-1 text-base gap-4 md:gap-5 lg:gap-6 group\/turn-messages focus-visible:outline-hidden\" tabindex=\"-1\">\n<div class=\"group\/conversation-turn relative flex w-full min-w-0 flex-col agent-turn\">\n<div class=\"relative flex-col gap-1 md:gap-3\">\n<div class=\"flex max-w-full flex-col grow\">\n<div class=\"min-h-8 text-message relative flex w-full flex-col items-end gap-2 text-start break-words whitespace-normal [.text-message+&amp;]:mt-5\" dir=\"auto\" data-message-author-role=\"assistant\" data-message-id=\"df2d8f2a-41e1-49b0-b8b7-d59589814fc8\" data-message-model-slug=\"gpt-4o\">\n<div class=\"flex w-full flex-col gap-1 empty:hidden first:pt-[3px]\">\n<div class=\"markdown prose dark:prose-invert w-full break-words light\">\n<p class=\"p1\"><b>Super Carevitra \u00e9 um tratamento combinado inovador concebido para melhorar o desempenho sexual masculino. Gra\u00e7as \u00e0 a\u00e7\u00e3o sin\u00e9rgica do Vardenafil 20 mg (para uma ere\u00e7\u00e3o forte) e da Dapoxetina 60 mg (para retardar a ejacula\u00e7\u00e3o), garante pot\u00eancia, controlo e maior dura\u00e7\u00e3o das rela\u00e7\u00f5es sexuais. Ideal para quem deseja uma vida sexual mais satisfat\u00f3ria em todas as ocasi\u00f5es.<\/b><\/p>\n<\/div>\n<\/div>\n<\/div>\n<\/div>\n<div class=\"flex min-h-[46px] justify-start\"><\/div>\n<\/div>\n<div class=\"aria-live=polite absolute\">\n<div class=\"flex items-center justify-center\"><\/div>\n<\/div>\n<\/div>\n<\/div>\n<\/div>\n<\/article>\n<div class=\"pointer-events-none h-px w-px\" aria-hidden=\"true\" data-edge=\"true\"><\/div>","protected":false},"featured_media":5634,"comment_status":"open","ping_status":"closed","template":"","meta":{"inline_featured_image":false},"product_brand":[],"product_cat":[201],"product_tag":[105,97,100,103],"class_list":{"0":"post-5633","1":"product","2":"type-product","3":"status-publish","4":"has-post-thumbnail","6":"product_cat-sexual-health","7":"product_tag-60mg","8":"product_tag-erectile-dysfunction","9":"product_tag-oral-tablets","10":"product_tag-tadalafil","12":"first","13":"instock","14":"shipping-taxable","15":"purchasable","16":"product-type-simple"},"_links":{"self":[{"href":"https:\/\/kamlife.me\/pt\/wp-json\/wp\/v2\/product\/5633","targetHints":{"allow":["GET"]}}],"collection":[{"href":"https:\/\/kamlife.me\/pt\/wp-json\/wp\/v2\/product"}],"about":[{"href":"https:\/\/kamlife.me\/pt\/wp-json\/wp\/v2\/types\/product"}],"replies":[{"embeddable":true,"href":"https:\/\/kamlife.me\/pt\/wp-json\/wp\/v2\/comments?post=5633"}],"wp:featuredmedia":[{"embeddable":true,"href":"https:\/\/kamlife.me\/pt\/wp-json\/wp\/v2\/media\/5634"}],"wp:attachment":[{"href":"https:\/\/kamlife.me\/pt\/wp-json\/wp\/v2\/media?parent=5633"}],"wp:term":[{"taxonomy":"product_brand","embeddable":true,"href":"https:\/\/kamlife.me\/pt\/wp-json\/wp\/v2\/product_brand?post=5633"},{"taxonomy":"product_cat","embeddable":true,"href":"https:\/\/kamlife.me\/pt\/wp-json\/wp\/v2\/product_cat?post=5633"},{"taxonomy":"product_tag","embeddable":true,"href":"https:\/\/kamlife.me\/pt\/wp-json\/wp\/v2\/product_tag?post=5633"}],"curies":[{"name":"wp","href":"https:\/\/api.w.org\/{rel}","templated":true}]}}