{"id":8048,"date":"2026-03-05T08:56:50","date_gmt":"2026-03-05T08:56:50","guid":{"rendered":"https:\/\/kamlife.me\/?post_type=product&#038;p=8048"},"modified":"2026-03-05T08:58:41","modified_gmt":"2026-03-05T08:58:41","slug":"avacare-100-mg-4-pillole-di-avanafil","status":"publish","type":"product","link":"https:\/\/kamlife.me\/pt\/produto\/avacare-100-mg-4-pillole-di-avanafil\/","title":{"rendered":"Avacare 100 mg \u2013 4 Pillole di Avanafil"},"content":{"rendered":"<p data-start=\"74\" data-end=\"528\"><strong data-start=\"91\" data-end=\"109\">Avacare 100 mg<\/strong>\u00a0\u00e8 un farmaco utilizzato per trattare la disfunzione erettile, una condizione in cui un uomo non riesce a ottenere o mantenere un&#8217;erezione soddisfacente. Questo prodotto \u00e8 progettato per risolvere i problemi di impotenza sessuale grazie al principio attivo\u00a0<strong data-start=\"366\" data-end=\"378\">avanafil<\/strong>\u00a0(100 mg), un inibitore della PDE-5 che agisce in modo simile al sildenafil, ma con un inizio d&#8217;azione pi\u00f9 rapido e una durata dell&#8217;effetto pi\u00f9 breve.<\/p>\n<p data-start=\"530\" data-end=\"853\">Prodotto da Centurion Remedies in condizioni cliniche rigorose,\u00a0<strong data-start=\"594\" data-end=\"612\">Avacare 100 mg<\/strong>\u00a0\u00e8 realizzato secondo standard di alta qualit\u00e0 per garantire sicurezza ed efficacia. Il farmaco soddisfa tutti gli standard europei ed \u00e8 prodotto in laboratori di alto livello conformi alle normative della Food and Drug Administration (FDA).<\/p>\n<p data-start=\"855\" data-end=\"1358\">L&#8217;<strong data-start=\"857\" data-end=\"869\">avanafil<\/strong>\u00a0appartiene alla classe di farmaci noti come inibitori della PDE-5. Questo composto aumenta il flusso sanguigno al pene dopo la stimolazione sessuale, bloccando l&#8217;enzima responsabile della scomposizione del cGMP. Il cGMP \u00e8 una sostanza che rilassa e dilata i vasi sanguigni e le cellule muscolari lisce, permettendo agli uomini di mantenere un&#8217;erezione sufficientemente dura per il sesso.\u00a0<strong data-start=\"1258\" data-end=\"1276\">Avacare 100 mg<\/strong>\u00a0non \u00e8 un afrodisiaco e richiede stimolazione sessuale per sviluppare un&#8217;erezione.<\/p>\n<p data-start=\"1360\" data-end=\"1528\"><strong data-start=\"1360\" data-end=\"1372\">Benefici<\/strong><br data-start=\"1372\" data-end=\"1375\" \/><strong data-start=\"1375\" data-end=\"1393\">Avacare 100 mg<\/strong>\u00a0\u00e8 utilizzato per trattare la disfunzione erettile e offre un&#8217;efficace soluzione per migliorare la vita sessuale. I benefici includono:<\/p>\n<ul data-start=\"1530\" data-end=\"1947\">\n<li data-start=\"1530\" data-end=\"1595\"><strong data-start=\"1532\" data-end=\"1562\">Inizio rapido dell&#8217;effetto<\/strong>, generalmente entro 15-30 minuti<\/li>\n<li data-start=\"1596\" data-end=\"1692\"><strong data-start=\"1598\" data-end=\"1638\">Durata dell&#8217;effetto di circa 4-6 ore<\/strong>, permettendo di avere rapporti sessuali soddisfacenti<\/li>\n<li data-start=\"1693\" data-end=\"1763\"><strong data-start=\"1695\" data-end=\"1723\">Meno effetti collaterali<\/strong>\u00a0rispetto ad altri inibitori della PDE-5<\/li>\n<li data-start=\"1764\" data-end=\"1845\"><strong data-start=\"1766\" data-end=\"1784\">Comodo formato<\/strong>\u00a0(confezione da 4 compresse) per trattamenti brevi e discreti<\/li>\n<li data-start=\"1846\" data-end=\"1947\"><strong data-start=\"1848\" data-end=\"1903\">Efficace nel trattamento della disfunzione erettile<\/strong>, migliorando la qualit\u00e0 della vita sessuale<\/li>\n<\/ul>\n<p data-start=\"1949\" data-end=\"2100\">Scegli la confezione che preferisci e acquista\u00a0<strong data-start=\"1996\" data-end=\"2014\">Avacare 100 mg<\/strong>\u00a0al miglior prezzo in Italia, con uno sconto e senza necessit\u00e0 di prescrizione medica.<\/p>\n<p data-start=\"2102\" data-end=\"2420\"><strong data-start=\"2102\" data-end=\"2125\">Effetti Collaterali<\/strong><br data-start=\"2125\" data-end=\"2128\" \/>Oltre agli effetti desiderati,\u00a0<strong data-start=\"2159\" data-end=\"2177\">Avacare 100 mg<\/strong>\u00a0pu\u00f2 causare effetti indesiderati. Sebbene non tutti questi effetti si verifichino, se dovessero comparire, potrebbe essere necessaria assistenza medica. Il farmaco pu\u00f2 interagire con altri medicinali e viceversa, causando effetti collaterali.<\/p>\n<p data-start=\"2422\" data-end=\"2478\">Gli effetti collaterali comunemente segnalati includono:<\/p>\n<ul data-start=\"2480\" data-end=\"2658\">\n<li data-start=\"2480\" data-end=\"2494\">Mal di testa<\/li>\n<li data-start=\"2495\" data-end=\"2506\">Vertigini<\/li>\n<li data-start=\"2507\" data-end=\"2524\">Rossore al viso<\/li>\n<li data-start=\"2525\" data-end=\"2545\">Congestione nasale<\/li>\n<li data-start=\"2546\" data-end=\"2581\">Dolori muscolari o mal di schiena<\/li>\n<li data-start=\"2582\" data-end=\"2658\">Disturbi visivi (vedere una leggera sfocatura o una sensibilit\u00e0 alla luce)<\/li>\n<\/ul>\n<p data-start=\"2660\" data-end=\"2810\">Anche se gli effetti collaterali gravi sono rari, se si verificano, interrompi l\u2019assunzione di\u00a0<strong data-start=\"2755\" data-end=\"2773\">Avacare 100 mg<\/strong>\u00a0e contatta immediatamente un medico.<\/p>\n<p data-start=\"2812\" data-end=\"2904\">Per un elenco completo degli effetti collaterali, consulta la scheda &#8220;Effetti indesiderati&#8221;.<\/p>\n<p data-start=\"2906\" data-end=\"3031\"><strong data-start=\"2906\" data-end=\"2934\">Come Assumere il Farmaco<\/strong><br data-start=\"2934\" data-end=\"2937\" \/>Per ottenere i migliori risultati dal trattamento, segui attentamente le seguenti indicazioni:<\/p>\n<p>&nbsp;<\/p>\n<ul data-start=\"3033\" data-end=\"3565\">\n<li data-start=\"3033\" data-end=\"3137\">La dose sicura consigliata di\u00a0<strong data-start=\"3065\" data-end=\"3083\">Avacare 100 mg<\/strong>\u00a0nell&#8217;arco delle 24 ore \u00e8 di\u00a0<strong data-start=\"3112\" data-end=\"3122\">100 mg<\/strong>\u00a0(1 compressa).<\/li>\n<li data-start=\"3138\" data-end=\"3195\">Gli effetti possono essere percepiti dopo 15-30 minuti.<\/li>\n<li data-start=\"3196\" data-end=\"3243\">La durata dell&#8217;effetto efficace \u00e8 di 4-6 ore.<\/li>\n<li data-start=\"3244\" data-end=\"3307\">Assumi sempre il farmaco con un abbondante bicchiere d\u2019acqua.<\/li>\n<li data-start=\"3308\" data-end=\"3434\">Evita pasti abbondanti o grassi prima di assumere il farmaco, poich\u00e9 potrebbero ritardare l&#8217;efficacia di\u00a0<strong data-start=\"3415\" data-end=\"3433\">Avacare 100 mg<\/strong>.<\/li>\n<li data-start=\"3435\" data-end=\"3565\"><strong data-start=\"3437\" data-end=\"3455\">Avacare 100 mg<\/strong>\u00a0\u00e8 efficace solo dopo stimolazione sessuale. Pu\u00f2 essere assunto fino a 30 minuti prima dell\u2019attivit\u00e0 sessuale.<\/li>\n<\/ul>","protected":false},"excerpt":{"rendered":"<p data-start=\"1360\" data-end=\"1528\"><strong data-start=\"1375\" data-end=\"1393\">vacare 100 mg<\/strong>\u00a0\u00e8 utilizzato per trattare la disfunzione erettile e offre un&#8217;efficace soluzione per migliorare la vita sessuale. I benefici includono:<\/p>\n<ul data-start=\"1530\" data-end=\"1947\">\n<li data-start=\"1530\" data-end=\"1595\"><strong data-start=\"1532\" data-end=\"1562\">Inizio rapido dell&#8217;effetto<\/strong>, generalmente entro 15-30 minuti<\/li>\n<li data-start=\"1596\" data-end=\"1692\"><strong data-start=\"1598\" data-end=\"1638\">Durata dell&#8217;effetto di circa 4-6 ore<\/strong>, permettendo di avere rapporti sessuali soddisfacenti<\/li>\n<li data-start=\"1693\" data-end=\"1763\"><strong data-start=\"1695\" data-end=\"1723\">Meno effetti collaterali<\/strong>\u00a0rispetto ad altri inibitori della PDE-5<\/li>\n<li data-start=\"1764\" data-end=\"1845\"><strong data-start=\"1766\" data-end=\"1784\">Comodo formato<\/strong>\u00a0(confezione da 4 compresse) per trattamenti brevi e discreti<\/li>\n<li data-start=\"1846\" data-end=\"1947\"><strong data-start=\"1848\" data-end=\"1903\">Efficace nel trattamento della disfunzione erettile<\/strong>, migliorando la qualit\u00e0 della vita sessuale<\/li>\n<\/ul>","protected":false},"featured_media":8049,"comment_status":"open","ping_status":"closed","template":"","meta":{"inline_featured_image":false},"product_brand":[206],"product_cat":[201],"product_tag":[112,97,100,106,111],"class_list":{"0":"post-8048","1":"product","2":"type-product","3":"status-publish","4":"has-post-thumbnail","6":"product_brand-kamagra","7":"product_cat-sexual-health","8":"product_tag-160mg","9":"product_tag-erectile-dysfunction","10":"product_tag-oral-tablets","11":"product_tag-premature-ejaculation","12":"product_tag-sildenafil-dapoxetine","14":"first","15":"instock","16":"sale","17":"shipping-taxable","18":"purchasable","19":"product-type-simple"},"_links":{"self":[{"href":"https:\/\/kamlife.me\/pt\/wp-json\/wp\/v2\/product\/8048","targetHints":{"allow":["GET"]}}],"collection":[{"href":"https:\/\/kamlife.me\/pt\/wp-json\/wp\/v2\/product"}],"about":[{"href":"https:\/\/kamlife.me\/pt\/wp-json\/wp\/v2\/types\/product"}],"replies":[{"embeddable":true,"href":"https:\/\/kamlife.me\/pt\/wp-json\/wp\/v2\/comments?post=8048"}],"wp:featuredmedia":[{"embeddable":true,"href":"https:\/\/kamlife.me\/pt\/wp-json\/wp\/v2\/media\/8049"}],"wp:attachment":[{"href":"https:\/\/kamlife.me\/pt\/wp-json\/wp\/v2\/media?parent=8048"}],"wp:term":[{"taxonomy":"product_brand","embeddable":true,"href":"https:\/\/kamlife.me\/pt\/wp-json\/wp\/v2\/product_brand?post=8048"},{"taxonomy":"product_cat","embeddable":true,"href":"https:\/\/kamlife.me\/pt\/wp-json\/wp\/v2\/product_cat?post=8048"},{"taxonomy":"product_tag","embeddable":true,"href":"https:\/\/kamlife.me\/pt\/wp-json\/wp\/v2\/product_tag?post=8048"}],"curies":[{"name":"wp","href":"https:\/\/api.w.org\/{rel}","templated":true}]}}